{"id":3910,"date":"2020-07-31T14:44:47","date_gmt":"2020-07-31T18:44:47","guid":{"rendered":"https:\/\/www.adsab.on.ca\/fr\/?page_id=3910"},"modified":"2021-10-21T11:36:42","modified_gmt":"2021-10-21T16:36:42","slug":"services-paramedicaux","status":"publish","type":"page","link":"https:\/\/www.adsab.on.ca\/fr\/services-paramedicaux\/","title":{"rendered":"Services Param\u00e9dicaux"},"content":{"rendered":"<div class=\"wpb-content-wrapper\"><p>[vc_row content_width=&#8221;grid&#8221; css=&#8221;.vc_custom_1634834077407{background-image: url(https:\/\/www.adsab.on.ca\/fr\/wp-content\/uploads\/2021\/10\/PS-Ambulance-Pic-1-gradient2.jpg?id=5144) !important;background-position: center !important;background-repeat: no-repeat !important;background-size: cover !important;}&#8221;][vc_column][vc_empty_space height=&#8221;400px&#8221;][vc_single_image image=&#8221;3888&#8243; img_size=&#8221;large&#8221; alignment=&#8221;center&#8221;][vc_empty_space height=&#8221;100px&#8221;][\/vc_column][\/vc_row][vc_row content_width=&#8221;grid&#8221; css=&#8221;.vc_custom_1596218955887{padding-top: 80px !important;padding-bottom: 80px !important;}&#8221;][vc_column css_animation=&#8221;fadeIn&#8221; width=&#8221;1\/2&#8243;][vc_single_image image=&#8221;3917&#8243; img_size=&#8221;500&#215;516&#8243;][vc_empty_space height=&#8221;20px&#8221;][\/vc_column][vc_column css_animation=&#8221;fadeInRight&#8221; width=&#8221;1\/2&#8243;][vc_column_text]<\/p>\n<h1 style=\"color: #eb1f23;\">PARAMEDIC SERVICES<\/h1>\n<p><strong>Service Profile<\/strong>[\/vc_column_text][vc_empty_space height=&#8221;15px&#8221;][vc_column_text]The Algoma District is bordered on the west by the Thunder Bay District at the northern tip of Lake Superior. Our district cradles the north and eastern sides of Lake Superior as well as the north shore of Lake Huron as far as the community of Spanish in the east. The city of Sault Ste. Marie is situated in the very south-west corner of the Algoma District. (While our service covers the areas north and east of Sault Ste. Marie, we are not responsible for the city of Sault Ste. Marie or the unincorporated townships associated with it.)<\/p>\n<p>Algoma District Paramedic Services is dispatched by the Ministry of Health\u2019s Central Ambulance Communication Centre located in Sault Ste. Marie and our area of responsibility for emergency coverage is approximately 48,000 sq. kms. That is larger than the entire country of Switzerland!<\/p>\n<p>Although large parts of our district are unpopulated, we typically respond to approximately 6,000 calls for service each year.<\/p>\n<p>Our service is structured into Western and Eastern Divisions. Each division has four ambulance stations located in four different communities.<\/p>\n<p>We operate a fleet of twenty emergency vehicles; eighteen ambulances and two Emergency Response Vehicles.[\/vc_column_text][vc_empty_space height=&#8221;15px&#8221;]<a href=\"https:\/\/www.adsab.on.ca\/fr\/services-paramedicaux\/emplacements-des-stations\/\" target=\"_self\" style=\"color: #ffffff;background-color: #3852a2;border-color: #3852a2;font-weight: 700\" class=\"mkd-btn mkd-btn-medium mkd-btn-solid mkd-btn-custom-hover-bg mkd-btn-custom-border-hover mkd-btn-custom-hover-color mkd-btn-hover-outline\" data-hover-bg-color=\"#eb1f23\" data-hover-color=\"#ffffff\" data-hover-border-color=\"#eb1f23\" >\n\t\t<span class=\"mkd-btn-text\">Our Locations<\/span>\n\t\n\t<\/a>[\/vc_column][\/vc_row][vc_row content_width=&#8221;grid&#8221; content_aligment=&#8221;center&#8221; css=&#8221;.vc_custom_1634834089030{padding-top: 80px !important;padding-bottom: 40px !important;background-image: url(https:\/\/www.adsab.on.ca\/fr\/wp-content\/uploads\/2020\/07\/CounterBG-01.jpg?id=3916) !important;}&#8221; el_class=&#8221;.HIDETHIS&#8221;][vc_column width=&#8221;1\/3&#8243;]<div class=\"mkd-counter-holder mkd-counter-light center\" >\n\t\t<span class=\"mkd-counter zero\" >\n\t\t480\t<\/span>\n\t<h3 class=\"mkd-counter-title\">\n\tDispatched Responses<\/h3>\n\n<\/div>[vc_empty_space height=&#8221;30px&#8221;][\/vc_column][vc_column width=&#8221;1\/3&#8243;]<div class=\"mkd-counter-holder mkd-counter-light center\" >\n\t\t<span class=\"mkd-counter zero\" >\n\t\t7\t<\/span>\n\t<h3 class=\"mkd-counter-title\">\n\tMinute Response Time Avg.<\/h3>\n\n<\/div>[vc_empty_space height=&#8221;30px&#8221;][\/vc_column][vc_column width=&#8221;1\/3&#8243;]<div class=\"mkd-counter-holder mkd-counter-light center\" >\n\t\t<span class=\"mkd-counter zero\" >\n\t\t459\t<\/span>\n\t<h3 class=\"mkd-counter-title\">\n\tPatients Treated<\/h3>\n\n<\/div>[vc_empty_space height=&#8221;30px&#8221;][\/vc_column][\/vc_row][vc_row content_width=&#8221;grid&#8221; css=&#8221;.vc_custom_1597089303375{padding-top: 80px !important;padding-bottom: 80px !important;background: #f7f7f7 url(https:\/\/www.adsab.on.ca\/fr\/wp-content\/uploads\/2020\/07\/HomeAboutBG-02.png?id=3906) !important;background-position: center !important;background-repeat: no-repeat !important;background-size: cover !important;}&#8221;][vc_column]<div class=\"mkd-card-slider mkd-card-image-above\"  data-space=\"40\" data-columns=\"3\" data-separation=\"30\"><div class=\"mkd-card-slider-inner\"><div class=\"mkd-card\">\n\t<div class=\"mkd-card-inner\">\n\t\t<div class=\"mkd-card-image-holder\">\n\t\t\t<div class=\"mkd-card-image-wrapper\">\n\t\t\t\t<div class=\"mkd-card-behind-image\"><\/div>\n\t\t\t\t<img fetchpriority=\"high\" decoding=\"async\" width=\"800\" height=\"500\" src=\"https:\/\/www.adsab.on.ca\/fr\/wp-content\/uploads\/2021\/10\/ADPS-Crest-800x500-1.jpg\" class=\"mkd-card-image\" alt=\"Logo des Services param\u00e9dicaux du district d\u2019Algoma. Le logo a la forme d\u2019un \u00e9cusson bleu fonc\u00e9 avec une bordure blanche. Les mots \u00ab\u202fPARAMEDIC SERVICES\u202f\u00bb apparaissent en haut et \u00ab\u202fALGOMA DISTRICT\u202f\u00bb en bas, en lettres blanches. Au centre, un embl\u00e8me circulaire bleu pr\u00e9sente un b\u00e2ton avec un serpent enroul\u00e9, entour\u00e9 de feuilles dor\u00e9es formant une couronne. Une feuille d\u2019\u00e9rable rouge est positionn\u00e9e au\u2011dessus de l\u2019embl\u00e8me central.\" srcset=\"https:\/\/www.adsab.on.ca\/fr\/wp-content\/uploads\/2021\/10\/ADPS-Crest-800x500-1.jpg 800w, https:\/\/www.adsab.on.ca\/fr\/wp-content\/uploads\/2021\/10\/ADPS-Crest-800x500-1-300x188.jpg 300w, https:\/\/www.adsab.on.ca\/fr\/wp-content\/uploads\/2021\/10\/ADPS-Crest-800x500-1-768x480.jpg 768w\" sizes=\"(max-width: 800px) 100vw, 800px\" \/>\t\t\t<\/div>\n\t\t\t<div class=\"mkd-card-below-image\"><\/div>\n\t\t<\/div>\n\t\t<div class=\"mkd-card-text-holder\">\n                            <h5>PARAMEDIC TEAM<\/h5>\n                                        <p>Our service employs approximately seventy provincially certified paramedics and is organized into Western and Eastern Divisions with four ambulance stations in each one.<\/p>\n            \t\t\t                <a href=\"https:\/\/www.adsab.on.ca\/fr\/services-paramedicaux\/equipe-paramedicale\/\" target=\"_self\">Learn more<\/a>\n            \t\t<\/div>\n\t<\/div>\n<\/div><div class=\"mkd-card\">\n\t<div class=\"mkd-card-inner\">\n\t\t<div class=\"mkd-card-image-holder\">\n\t\t\t<div class=\"mkd-card-image-wrapper\">\n\t\t\t\t<div class=\"mkd-card-behind-image\"><\/div>\n\t\t\t\t<img decoding=\"async\" width=\"800\" height=\"500\" src=\"https:\/\/www.adsab.on.ca\/fr\/wp-content\/uploads\/2020\/07\/Paramedic-Procedures-01.jpg\" class=\"mkd-card-image\" alt=\"Vue en plong\u00e9e de documents et d\u2019articles de bureau dispos\u00e9s sur une surface en bois clair. \u00c0 gauche, une pile de formulaires imprim\u00e9s avec tableaux et champs \u00e0 remplir est partiellement superpos\u00e9e, avec un stylo pos\u00e9 \u00e0 c\u00f4t\u00e9. \u00c0 droite, un carnet \u00e0 pages lign\u00e9es est ouvert et pos\u00e9 sur un autre document, avec un crayon rouge ins\u00e9r\u00e9 entre les pages. Une enveloppe ou un petit document pli\u00e9 d\u00e9passe du haut de la pile \u00e0 droite. Les \u00e9l\u00e9ments sont ordonn\u00e9s mais non align\u00e9s, sugg\u00e9rant des documents administratifs ou de travail en cours de consultation ou d\u2019organisation.\" srcset=\"https:\/\/www.adsab.on.ca\/fr\/wp-content\/uploads\/2020\/07\/Paramedic-Procedures-01.jpg 800w, https:\/\/www.adsab.on.ca\/fr\/wp-content\/uploads\/2020\/07\/Paramedic-Procedures-01-300x188.jpg 300w, https:\/\/www.adsab.on.ca\/fr\/wp-content\/uploads\/2020\/07\/Paramedic-Procedures-01-768x480.jpg 768w\" sizes=\"(max-width: 800px) 100vw, 800px\" \/>\t\t\t<\/div>\n\t\t\t<div class=\"mkd-card-below-image\"><\/div>\n\t\t<\/div>\n\t\t<div class=\"mkd-card-text-holder\">\n                            <h5>OUR PROCEDURES<\/h5>\n                                        <p>The prime mandate of Algoma District Paramedic Services is to provide out-of-hospital emergency medical care to the residents and visitors of the Algoma District.<\/p>\n            \t\t\t                <a href=\"https:\/\/www.adsab.on.ca\/fr\/services-paramedicaux\/nos-procedures\/\" target=\"_self\">Learn more<\/a>\n            \t\t<\/div>\n\t<\/div>\n<\/div><div class=\"mkd-card\">\n\t<div class=\"mkd-card-inner\">\n\t\t<div class=\"mkd-card-image-holder\">\n\t\t\t<div class=\"mkd-card-image-wrapper\">\n\t\t\t\t<div class=\"mkd-card-behind-image\"><\/div>\n\t\t\t\t<img decoding=\"async\" width=\"800\" height=\"500\" src=\"https:\/\/www.adsab.on.ca\/fr\/wp-content\/uploads\/2020\/07\/Paramedic-PADProgram-01.jpg\" class=\"mkd-card-image\" alt=\"Vue rapproch\u00e9e d\u2019un appareil m\u00e9dical portatif plac\u00e9 dans un sac de transport ouvert. L\u2019appareil, de couleur jaune et grise, comporte un \u00e9cran allum\u00e9 affichant des param\u00e8tres et des valeurs num\u00e9riques, ainsi que plusieurs boutons de commande dispos\u00e9s autour de l\u2019\u00e9cran. Des c\u00e2bles, sondes et accessoires m\u00e9dicaux sont rang\u00e9s dans les compartiments sup\u00e9rieurs du sac, avec des fils enroul\u00e9s et des connecteurs visibles. Une poign\u00e9e int\u00e9gr\u00e9e est situ\u00e9e sous l\u2019\u00e9cran pour faciliter le transport. L\u2019ensemble repose sur un sol int\u00e9rieur de couleur fonc\u00e9e, indiquant un contexte d\u2019\u00e9quipement m\u00e9dical utilis\u00e9 pour la surveillance ou l\u2019intervention d\u2019urgence.\" srcset=\"https:\/\/www.adsab.on.ca\/fr\/wp-content\/uploads\/2020\/07\/Paramedic-PADProgram-01.jpg 800w, https:\/\/www.adsab.on.ca\/fr\/wp-content\/uploads\/2020\/07\/Paramedic-PADProgram-01-300x188.jpg 300w, https:\/\/www.adsab.on.ca\/fr\/wp-content\/uploads\/2020\/07\/Paramedic-PADProgram-01-768x480.jpg 768w\" sizes=\"(max-width: 800px) 100vw, 800px\" \/>\t\t\t<\/div>\n\t\t\t<div class=\"mkd-card-below-image\"><\/div>\n\t\t<\/div>\n\t\t<div class=\"mkd-card-text-holder\">\n                            <h5>PAD PROGRAM<\/h5>\n                                        <p>Algoma District Paramedic Services has a life-saving program called PAD (Public Access Defibrillation) which makes Automated External Defibrillators (AEDs) more easily available.<\/p>\n            \t\t\t                <a href=\"https:\/\/www.adsab.on.ca\/fr\/services-paramedicaux\/programme-pad\/\" target=\"_self\">Learn more<\/a>\n            \t\t<\/div>\n\t<\/div>\n<\/div><\/div><\/div>[\/vc_column][\/vc_row]<\/p>\n<\/div>","protected":false},"excerpt":{"rendered":"<p>[vc_row content_width=&#8221;grid&#8221; css=&#8221;.vc_custom_1634834077407{background-image: url(https:\/\/www.adsab.on.ca\/fr\/wp-content\/uploads\/2021\/10\/PS-Ambulance-Pic-1-gradient2.jpg?id=5144) !important;background-position: center !important;background-repeat: no-repeat !important;background-size: cover !important;}&#8221;][vc_column][vc_empty_space height=&#8221;400px&#8221;][vc_single_image image=&#8221;3888&#8243; img_size=&#8221;large&#8221; alignment=&#8221;center&#8221;][vc_empty_space height=&#8221;100px&#8221;][\/vc_column][\/vc_row][vc_row content_width=&#8221;grid&#8221; css=&#8221;.vc_custom_1596218955887{padding-top: 80px !important;padding-bottom: 80px !important;}&#8221;][vc_column css_animation=&#8221;fadeIn&#8221; width=&#8221;1\/2&#8243;][vc_single_image image=&#8221;3917&#8243; img_size=&#8221;500&#215;516&#8243;][vc_empty_space height=&#8221;20px&#8221;][\/vc_column][vc_column css_animation=&#8221;fadeInRight&#8221; width=&#8221;1\/2&#8243;][vc_column_text] PARAMEDIC SERVICES Service Profile[\/vc_column_text][vc_empty_space height=&#8221;15px&#8221;][vc_column_text]The Algoma District is bordered on the west by the Thunder Bay&#8230;<\/p>\n","protected":false},"author":6,"featured_media":0,"parent":0,"menu_order":0,"comment_status":"closed","ping_status":"closed","template":"full-width.php","meta":{"footnotes":""},"class_list":["post-3910","page","type-page","status-publish","hentry"],"yoast_head":"<!-- This site is optimized with the Yoast SEO plugin v27.4 - https:\/\/yoast.com\/product\/yoast-seo-wordpress\/ -->\n<title>Services Param\u00e9dicaux - Algoma DSAB - FR<\/title>\n<meta name=\"robots\" content=\"index, follow, max-snippet:-1, max-image-preview:large, max-video-preview:-1\" \/>\n<link rel=\"canonical\" href=\"https:\/\/www.adsab.on.ca\/fr\/services-paramedicaux\/\" \/>\n<meta property=\"og:locale\" content=\"en_US\" \/>\n<meta property=\"og:type\" content=\"article\" \/>\n<meta property=\"og:title\" content=\"Services Param\u00e9dicaux - Algoma DSAB - FR\" \/>\n<meta property=\"og:description\" content=\"[vc_row content_width=&#8221;grid&#8221; css=&#8221;.vc_custom_1634834077407{background-image: url(https:\/\/www.adsab.on.ca\/fr\/wp-content\/uploads\/2021\/10\/PS-Ambulance-Pic-1-gradient2.jpg?id=5144) !important;background-position: center !important;background-repeat: no-repeat !important;background-size: cover !important;}&#8221;][vc_column][vc_empty_space height=&#8221;400px&#8221;][vc_single_image image=&#8221;3888&#8243; img_size=&#8221;large&#8221; alignment=&#8221;center&#8221;][vc_empty_space height=&#8221;100px&#8221;][\/vc_column][\/vc_row][vc_row content_width=&#8221;grid&#8221; css=&#8221;.vc_custom_1596218955887{padding-top: 80px !important;padding-bottom: 80px !important;}&#8221;][vc_column css_animation=&#8221;fadeIn&#8221; width=&#8221;1\/2&#8243;][vc_single_image image=&#8221;3917&#8243; img_size=&#8221;500&#215;516&#8243;][vc_empty_space height=&#8221;20px&#8221;][\/vc_column][vc_column css_animation=&#8221;fadeInRight&#8221; width=&#8221;1\/2&#8243;][vc_column_text] PARAMEDIC SERVICES Service Profile[\/vc_column_text][vc_empty_space height=&#8221;15px&#8221;][vc_column_text]The Algoma District is bordered on the west by the Thunder Bay...\" \/>\n<meta property=\"og:url\" content=\"https:\/\/www.adsab.on.ca\/fr\/services-paramedicaux\/\" \/>\n<meta property=\"og:site_name\" content=\"Algoma DSAB - FR\" \/>\n<meta property=\"article:modified_time\" content=\"2021-10-21T16:36:42+00:00\" \/>\n<meta name=\"twitter:card\" content=\"summary_large_image\" \/>\n<meta name=\"twitter:label1\" content=\"Est. reading time\" \/>\n\t<meta name=\"twitter:data1\" content=\"3 minutes\" \/>\n<script type=\"application\/ld+json\" class=\"yoast-schema-graph\">{\"@context\":\"https:\\\/\\\/schema.org\",\"@graph\":[{\"@type\":\"WebPage\",\"@id\":\"https:\\\/\\\/www.adsab.on.ca\\\/fr\\\/services-paramedicaux\\\/\",\"url\":\"https:\\\/\\\/www.adsab.on.ca\\\/fr\\\/services-paramedicaux\\\/\",\"name\":\"Services Param\u00e9dicaux - Algoma DSAB - FR\",\"isPartOf\":{\"@id\":\"https:\\\/\\\/www.adsab.on.ca\\\/fr\\\/#website\"},\"datePublished\":\"2020-07-31T18:44:47+00:00\",\"dateModified\":\"2021-10-21T16:36:42+00:00\",\"breadcrumb\":{\"@id\":\"https:\\\/\\\/www.adsab.on.ca\\\/fr\\\/services-paramedicaux\\\/#breadcrumb\"},\"inLanguage\":\"en-US\",\"potentialAction\":[{\"@type\":\"ReadAction\",\"target\":[\"https:\\\/\\\/www.adsab.on.ca\\\/fr\\\/services-paramedicaux\\\/\"]}]},{\"@type\":\"BreadcrumbList\",\"@id\":\"https:\\\/\\\/www.adsab.on.ca\\\/fr\\\/services-paramedicaux\\\/#breadcrumb\",\"itemListElement\":[{\"@type\":\"ListItem\",\"position\":1,\"name\":\"Home\",\"item\":\"https:\\\/\\\/www.adsab.on.ca\\\/fr\\\/\"},{\"@type\":\"ListItem\",\"position\":2,\"name\":\"Services Param\u00e9dicaux\"}]},{\"@type\":\"WebSite\",\"@id\":\"https:\\\/\\\/www.adsab.on.ca\\\/fr\\\/#website\",\"url\":\"https:\\\/\\\/www.adsab.on.ca\\\/fr\\\/\",\"name\":\"Algoma DSAB - FR\",\"description\":\"\",\"potentialAction\":[{\"@type\":\"SearchAction\",\"target\":{\"@type\":\"EntryPoint\",\"urlTemplate\":\"https:\\\/\\\/www.adsab.on.ca\\\/fr\\\/?s={search_term_string}\"},\"query-input\":{\"@type\":\"PropertyValueSpecification\",\"valueRequired\":true,\"valueName\":\"search_term_string\"}}],\"inLanguage\":\"en-US\"}]}<\/script>\n<!-- \/ Yoast SEO plugin. -->","yoast_head_json":{"title":"Services Param\u00e9dicaux - Algoma DSAB - FR","robots":{"index":"index","follow":"follow","max-snippet":"max-snippet:-1","max-image-preview":"max-image-preview:large","max-video-preview":"max-video-preview:-1"},"canonical":"https:\/\/www.adsab.on.ca\/fr\/services-paramedicaux\/","og_locale":"en_US","og_type":"article","og_title":"Services Param\u00e9dicaux - Algoma DSAB - FR","og_description":"[vc_row content_width=&#8221;grid&#8221; css=&#8221;.vc_custom_1634834077407{background-image: url(https:\/\/www.adsab.on.ca\/fr\/wp-content\/uploads\/2021\/10\/PS-Ambulance-Pic-1-gradient2.jpg?id=5144) !important;background-position: center !important;background-repeat: no-repeat !important;background-size: cover !important;}&#8221;][vc_column][vc_empty_space height=&#8221;400px&#8221;][vc_single_image image=&#8221;3888&#8243; img_size=&#8221;large&#8221; alignment=&#8221;center&#8221;][vc_empty_space height=&#8221;100px&#8221;][\/vc_column][\/vc_row][vc_row content_width=&#8221;grid&#8221; css=&#8221;.vc_custom_1596218955887{padding-top: 80px !important;padding-bottom: 80px !important;}&#8221;][vc_column css_animation=&#8221;fadeIn&#8221; width=&#8221;1\/2&#8243;][vc_single_image image=&#8221;3917&#8243; img_size=&#8221;500&#215;516&#8243;][vc_empty_space height=&#8221;20px&#8221;][\/vc_column][vc_column css_animation=&#8221;fadeInRight&#8221; width=&#8221;1\/2&#8243;][vc_column_text] PARAMEDIC SERVICES Service Profile[\/vc_column_text][vc_empty_space height=&#8221;15px&#8221;][vc_column_text]The Algoma District is bordered on the west by the Thunder Bay...","og_url":"https:\/\/www.adsab.on.ca\/fr\/services-paramedicaux\/","og_site_name":"Algoma DSAB - FR","article_modified_time":"2021-10-21T16:36:42+00:00","twitter_card":"summary_large_image","twitter_misc":{"Est. reading time":"3 minutes"},"schema":{"@context":"https:\/\/schema.org","@graph":[{"@type":"WebPage","@id":"https:\/\/www.adsab.on.ca\/fr\/services-paramedicaux\/","url":"https:\/\/www.adsab.on.ca\/fr\/services-paramedicaux\/","name":"Services Param\u00e9dicaux - Algoma DSAB - FR","isPartOf":{"@id":"https:\/\/www.adsab.on.ca\/fr\/#website"},"datePublished":"2020-07-31T18:44:47+00:00","dateModified":"2021-10-21T16:36:42+00:00","breadcrumb":{"@id":"https:\/\/www.adsab.on.ca\/fr\/services-paramedicaux\/#breadcrumb"},"inLanguage":"en-US","potentialAction":[{"@type":"ReadAction","target":["https:\/\/www.adsab.on.ca\/fr\/services-paramedicaux\/"]}]},{"@type":"BreadcrumbList","@id":"https:\/\/www.adsab.on.ca\/fr\/services-paramedicaux\/#breadcrumb","itemListElement":[{"@type":"ListItem","position":1,"name":"Home","item":"https:\/\/www.adsab.on.ca\/fr\/"},{"@type":"ListItem","position":2,"name":"Services Param\u00e9dicaux"}]},{"@type":"WebSite","@id":"https:\/\/www.adsab.on.ca\/fr\/#website","url":"https:\/\/www.adsab.on.ca\/fr\/","name":"Algoma DSAB - FR","description":"","potentialAction":[{"@type":"SearchAction","target":{"@type":"EntryPoint","urlTemplate":"https:\/\/www.adsab.on.ca\/fr\/?s={search_term_string}"},"query-input":{"@type":"PropertyValueSpecification","valueRequired":true,"valueName":"search_term_string"}}],"inLanguage":"en-US"}]}},"_links":{"self":[{"href":"https:\/\/www.adsab.on.ca\/fr\/wp-json\/wp\/v2\/pages\/3910","targetHints":{"allow":["GET"]}}],"collection":[{"href":"https:\/\/www.adsab.on.ca\/fr\/wp-json\/wp\/v2\/pages"}],"about":[{"href":"https:\/\/www.adsab.on.ca\/fr\/wp-json\/wp\/v2\/types\/page"}],"author":[{"embeddable":true,"href":"https:\/\/www.adsab.on.ca\/fr\/wp-json\/wp\/v2\/users\/6"}],"replies":[{"embeddable":true,"href":"https:\/\/www.adsab.on.ca\/fr\/wp-json\/wp\/v2\/comments?post=3910"}],"version-history":[{"count":25,"href":"https:\/\/www.adsab.on.ca\/fr\/wp-json\/wp\/v2\/pages\/3910\/revisions"}],"predecessor-version":[{"id":5147,"href":"https:\/\/www.adsab.on.ca\/fr\/wp-json\/wp\/v2\/pages\/3910\/revisions\/5147"}],"wp:attachment":[{"href":"https:\/\/www.adsab.on.ca\/fr\/wp-json\/wp\/v2\/media?parent=3910"}],"curies":[{"name":"wp","href":"https:\/\/api.w.org\/{rel}","templated":true}]}}