{"id":4024,"date":"2020-08-10T14:34:31","date_gmt":"2020-08-10T18:34:31","guid":{"rendered":"https:\/\/www.adsab.on.ca\/fr\/?page_id=4024"},"modified":"2020-12-10T13:06:27","modified_gmt":"2020-12-10T17:06:27","slug":"services-sociaux","status":"publish","type":"page","link":"https:\/\/www.adsab.on.ca\/fr\/services-sociaux\/","title":{"rendered":"Services sociaux"},"content":{"rendered":"<div class=\"wpb-content-wrapper\"><p>[vc_row content_width=&#8221;grid&#8221; css=&#8221;.vc_custom_1607619985630{background-image: url(https:\/\/www.adsab.on.ca\/fr\/wp-content\/uploads\/2020\/12\/InternalBanner-SocialServices-01.jpg?id=5055) !important;background-position: center !important;background-repeat: no-repeat !important;background-size: cover !important;}&#8221;][vc_column][vc_empty_space height=&#8221;400px&#8221;][vc_single_image image=&#8221;3888&#8243; img_size=&#8221;large&#8221; alignment=&#8221;center&#8221;][vc_empty_space height=&#8221;100px&#8221;][\/vc_column][\/vc_row][vc_row content_width=&#8221;grid&#8221; css_animation=&#8221;mkd-element-from-top&#8221; css=&#8221;.vc_custom_1598040339540{padding-top: 80px !important;padding-bottom: 80px !important;}&#8221;][vc_column width=&#8221;1\/2&#8243;][vc_single_image image=&#8221;4026&#8243; img_size=&#8221;500&#215;516&#8243;][vc_empty_space height=&#8221;20px&#8221;][\/vc_column][vc_column width=&#8221;1\/2&#8243;][vc_column_text]<\/p>\n<h1 style=\"color: #eb1f23;\">Services Sociaux<\/h1>\n<p>[\/vc_column_text][vc_empty_space height=&#8221;15px&#8221;][vc_column_text]Les services sociaux du district d\u2019Algoma (SSDA) offrent une vari\u00e9t\u00e9 de programmes sociaux dans les secteurs de Services \u00e0 l\u2019enfance, de Services de logement et du programme Ontario au travail, tous d\u00e9sign\u00e9s pour affermir le bien-\u00eatre social, sanitaire et \u00e9conomique des citoyens que nous desservons.\u00a0 Nous d\u00e9veloppons et g\u00e9rons ces services par le biais d\u2019un mod\u00e8le de prestation de services int\u00e9gr\u00e9s, bas\u00e9 sur la planification communautaire en utilisant une approche centr\u00e9e sur les personnes et sur les r\u00e9sultats.\u00a0\u00a0 Ceci nous permet de fournir des services et des programmes efficaces qui sont r\u00e9ceptifs \u00e0 divers individus et aux besoins de la communaut\u00e9.[\/vc_column_text][vc_empty_space height=&#8221;15px&#8221;]<a href=\"https:\/\/www.adsab.on.ca\/fr\/services-sociaux\/ontario-au-travail\/emplacements-des-bureaux\/\" target=\"_blank\" style=\"color: #ffffff;background-color: #3852a2;border-color: #3852a2;font-weight: 700\" class=\"mkd-btn mkd-btn-medium mkd-btn-solid mkd-btn-custom-hover-bg mkd-btn-custom-border-hover mkd-btn-custom-hover-color mkd-btn-hover-outline\" data-hover-bg-color=\"#eb1f23\" data-hover-color=\"#ffffff\" data-hover-border-color=\"#eb1f23\" >\n\t\t<span class=\"mkd-btn-text\">EMPLACEMENTS DES BUREAUX<\/span>\n\t\n\t<\/a>[\/vc_column][\/vc_row][vc_row content_width=&#8221;grid&#8221; css=&#8221;.vc_custom_1596220957939{padding-top: 80px !important;padding-bottom: 80px !important;background: #f7f7f7 url(https:\/\/www.adsab.on.ca\/fr\/wp-content\/uploads\/2020\/07\/HomeAboutBG-02.png?id=3906) !important;background-position: center !important;background-repeat: no-repeat !important;background-size: cover !important;}&#8221;][vc_column]<div class=\"mkd-card-slider mkd-card-image-above\"  data-space=\"40\" data-columns=\"3\" data-separation=\"30\"><div class=\"mkd-card-slider-inner\"><div class=\"mkd-card\">\n\t<div class=\"mkd-card-inner\">\n\t\t<div class=\"mkd-card-image-holder\">\n\t\t\t<div class=\"mkd-card-image-wrapper\">\n\t\t\t\t<div class=\"mkd-card-behind-image\"><\/div>\n\t\t\t\t<img fetchpriority=\"high\" decoding=\"async\" width=\"800\" height=\"500\" src=\"https:\/\/www.adsab.on.ca\/fr\/wp-content\/uploads\/2020\/12\/Service-Children-01.jpg\" class=\"mkd-card-image\" alt=\"Sc\u00e8ne int\u00e9rieure montrant plusieurs jeunes enfants dans un espace d\u2019apprentissage. Un enfant est plac\u00e9 au premier plan, tourn\u00e9 vers l\u2019avant, appuy\u00e9 sur les mains. D\u2019autres enfants sont visibles en arri\u00e8re\u2011plan, l\u00e9g\u00e8rement flous, occup\u00e9s \u00e0 des activit\u00e9s pr\u00e8s d\u2019\u00e9tag\u00e8res contenant des livres et du mat\u00e9riel \u00e9ducatif. L\u2019espace est lumineux, avec des couleurs douces et un effet de d\u00e9grad\u00e9 clair dans la partie inf\u00e9rieure de l\u2019image, cr\u00e9ant une atmosph\u00e8re visuelle att\u00e9nu\u00e9e et \u00e9pur\u00e9e.\" srcset=\"https:\/\/www.adsab.on.ca\/fr\/wp-content\/uploads\/2020\/12\/Service-Children-01.jpg 800w, https:\/\/www.adsab.on.ca\/fr\/wp-content\/uploads\/2020\/12\/Service-Children-01-300x188.jpg 300w, https:\/\/www.adsab.on.ca\/fr\/wp-content\/uploads\/2020\/12\/Service-Children-01-768x480.jpg 768w\" sizes=\"(max-width: 800px) 100vw, 800px\" \/>\t\t\t<\/div>\n\t\t\t<div class=\"mkd-card-below-image\"><\/div>\n\t\t<\/div>\n\t\t<div class=\"mkd-card-text-holder\">\n                            <h5>Services de garde \u00e0 l\u2019enfance<\/h5>\n                                        <p>Le SSDA fournit une gestion compl\u00e8te du syst\u00e8me de service pour la garde d\u2019enfants afin d\u2019assurer qu\u2019un syst\u00e8me int\u00e9gr\u00e9 de qualit\u00e9 \u00e9lev\u00e9e de garde d\u2019enfants et de la petite enfance soit disponible \u00e0 toutes les familles de nos collectivit\u00e9s. Nous appuyons un syst\u00e8me abordable, accessible et responsable qui fournit aux enfants l\u2019occasion d\u2019atteindre leur plein potentiel et d\u2019\u00e9tablir la base d\u2019un apprentissage continu. Nous fournissons des places de garde subventionn\u00e9es aux parents et aux fournisseurs de soins admissibles et nous aidons \u00e9galement aux enfants ayant des besoins sp\u00e9ciaux.<\/p>\n            \t\t\t                <a href=\"https:\/\/www.adsab.on.ca\/fr\/services-sociaux\/services-a-lenfance\/\" target=\"_self\">EN SAVOIR PLUS<\/a>\n            \t\t<\/div>\n\t<\/div>\n<\/div><div class=\"mkd-card\">\n\t<div class=\"mkd-card-inner\">\n\t\t<div class=\"mkd-card-image-holder\">\n\t\t\t<div class=\"mkd-card-image-wrapper\">\n\t\t\t\t<div class=\"mkd-card-behind-image\"><\/div>\n\t\t\t\t<img decoding=\"async\" width=\"800\" height=\"500\" src=\"https:\/\/www.adsab.on.ca\/fr\/wp-content\/uploads\/2020\/12\/Service-Housing-01.jpg\" class=\"mkd-card-image\" alt=\"Sc\u00e8ne int\u00e9rieure montrant trois personnes assises c\u00f4te \u00e0 c\u00f4te sur un lit superpos\u00e9 en bois. Des draps blancs sont suspendus autour du cadre du lit, formant une structure semblable \u00e0 une tente. La personne adulte est assise au centre, avec deux jeunes enfants de part et d\u2019autre. L\u2019un des enfants tient un objet en forme de peluche. Les trois personnes sont tourn\u00e9es vers l\u2019avant. Le mobilier est de couleur claire et l\u2019arri\u00e8re\u2011plan est simple, sugg\u00e9rant un espace r\u00e9sidentiel. Un effet de d\u00e9grad\u00e9 clair est visible dans la partie inf\u00e9rieure de l\u2019image.\" srcset=\"https:\/\/www.adsab.on.ca\/fr\/wp-content\/uploads\/2020\/12\/Service-Housing-01.jpg 800w, https:\/\/www.adsab.on.ca\/fr\/wp-content\/uploads\/2020\/12\/Service-Housing-01-300x188.jpg 300w, https:\/\/www.adsab.on.ca\/fr\/wp-content\/uploads\/2020\/12\/Service-Housing-01-768x480.jpg 768w\" sizes=\"(max-width: 800px) 100vw, 800px\" \/>\t\t\t<\/div>\n\t\t\t<div class=\"mkd-card-below-image\"><\/div>\n\t\t<\/div>\n\t\t<div class=\"mkd-card-text-holder\">\n                            <h5>Services de logement<\/h5>\n                                        <p>Le SSDA est responsable pour la planification et la gestion des programmes de logement et de sans-abrisme qui refl\u00e8tent les r\u00e9alit\u00e9s et les besoins de nos collectivit\u00e9s. Nous reconnaissons qu\u2019un logement stable, s\u00e9cure et abordable a des effets positifs sur la vie des personnes et contribue \u00e0 b\u00e2tir et \u00e0 maintenir des collectivit\u00e9s fortes. Nous offrons une vari\u00e9t\u00e9 d\u2019unit\u00e9s abordables et \/ou d\u00e9termin\u00e9s en fonction du revenu partout dans le district et des programmes portables d\u2019allocation de logement pour traiter des besoins individuels.<\/p>\n            \t\t\t                <a href=\"https:\/\/www.adsab.on.ca\/fr\/services-sociaux\/services-de-logement\/\" target=\"_self\">EN SAVOIR PLUS<\/a>\n            \t\t<\/div>\n\t<\/div>\n<\/div><div class=\"mkd-card\">\n\t<div class=\"mkd-card-inner\">\n\t\t<div class=\"mkd-card-image-holder\">\n\t\t\t<div class=\"mkd-card-image-wrapper\">\n\t\t\t\t<div class=\"mkd-card-behind-image\"><\/div>\n\t\t\t\t<img decoding=\"async\" width=\"800\" height=\"500\" src=\"https:\/\/www.adsab.on.ca\/fr\/wp-content\/uploads\/2020\/12\/Service-OntarioWorks-01.jpg\" class=\"mkd-card-image\" alt=\"Gros plan montrant une personne \u00e0 l\u2019ext\u00e9rieur, cadr\u00e9e au niveau du visage et des \u00e9paules. La personne regarde vers la droite de l\u2019image. Des cheveux fonc\u00e9s sont visibles autour du visage, avec une partie l\u00e9g\u00e8rement d\u00e9plac\u00e9e par le vent. Une boucle d\u2019oreille pendante est visible sur une oreille. L\u2019arri\u00e8re\u2011plan est flou et comprend des \u00e9l\u00e9ments architecturaux clairs ainsi que de la v\u00e9g\u00e9tation verte, sugg\u00e9rant un environnement ext\u00e9rieur. La lumi\u00e8re naturelle \u00e9claire le visage, et un l\u00e9ger effet de d\u00e9grad\u00e9 clair est visible dans la partie inf\u00e9rieure de l\u2019image.\" srcset=\"https:\/\/www.adsab.on.ca\/fr\/wp-content\/uploads\/2020\/12\/Service-OntarioWorks-01.jpg 800w, https:\/\/www.adsab.on.ca\/fr\/wp-content\/uploads\/2020\/12\/Service-OntarioWorks-01-300x188.jpg 300w, https:\/\/www.adsab.on.ca\/fr\/wp-content\/uploads\/2020\/12\/Service-OntarioWorks-01-768x480.jpg 768w\" sizes=\"(max-width: 800px) 100vw, 800px\" \/>\t\t\t<\/div>\n\t\t\t<div class=\"mkd-card-below-image\"><\/div>\n\t\t<\/div>\n\t\t<div class=\"mkd-card-text-holder\">\n                            <h5>Programme Ontario au travail<\/h5>\n                                        <p>Le SSDA fournit un appui aux membres de nos collectivit\u00e9s qui sont dans le besoin financier et qui rencontre les crit\u00e8res d\u2019admission pour de l\u2019aide par le truchement du programme Ontario au travail. Par le biais de ce programme, nous pouvons aider avec le co\u00fbt de la nourriture, de l\u2019h\u00e9bergement, des v\u00eatements et d\u2019autres articles de maison. Nous fournissons \u00e9galement de l\u2019aide \u00e0 l\u2019emploi aux membres des collectivit\u00e9s admissibles afin de leur aider \u00e0 trouver, se pr\u00e9parer \u00e0 et garder un emploi. Une vari\u00e9t\u00e9 de programmes d\u2019aide d\u2019urgence sont disponibles pour aider les personnes en crise ou qui sont dans une situation d\u2019urgence.<\/p>\n            \t\t\t                <a href=\"https:\/\/www.adsab.on.ca\/fr\/services-sociaux\/ontario-au-travail\/\" target=\"_self\">EN SAVOIR PLUS<\/a>\n            \t\t<\/div>\n\t<\/div>\n<\/div><\/div><\/div>[\/vc_column][\/vc_row]<\/p>\n<\/div>","protected":false},"excerpt":{"rendered":"<p>[vc_row content_width=&#8221;grid&#8221; css=&#8221;.vc_custom_1607619985630{background-image: url(https:\/\/www.adsab.on.ca\/fr\/wp-content\/uploads\/2020\/12\/InternalBanner-SocialServices-01.jpg?id=5055) !important;background-position: center !important;background-repeat: no-repeat !important;background-size: cover !important;}&#8221;][vc_column][vc_empty_space height=&#8221;400px&#8221;][vc_single_image image=&#8221;3888&#8243; img_size=&#8221;large&#8221; alignment=&#8221;center&#8221;][vc_empty_space height=&#8221;100px&#8221;][\/vc_column][\/vc_row][vc_row content_width=&#8221;grid&#8221; css_animation=&#8221;mkd-element-from-top&#8221; css=&#8221;.vc_custom_1598040339540{padding-top: 80px !important;padding-bottom: 80px !important;}&#8221;][vc_column width=&#8221;1\/2&#8243;][vc_single_image image=&#8221;4026&#8243; img_size=&#8221;500&#215;516&#8243;][vc_empty_space height=&#8221;20px&#8221;][\/vc_column][vc_column width=&#8221;1\/2&#8243;][vc_column_text] Services Sociaux [\/vc_column_text][vc_empty_space height=&#8221;15px&#8221;][vc_column_text]Les services sociaux du district d\u2019Algoma (SSDA) offrent une vari\u00e9t\u00e9 de programmes sociaux dans&#8230;<\/p>\n","protected":false},"author":6,"featured_media":0,"parent":0,"menu_order":0,"comment_status":"closed","ping_status":"closed","template":"full-width.php","meta":{"footnotes":""},"class_list":["post-4024","page","type-page","status-publish","hentry"],"yoast_head":"<!-- This site is optimized with the Yoast SEO plugin v27.4 - https:\/\/yoast.com\/product\/yoast-seo-wordpress\/ -->\n<title>Services sociaux - Algoma DSAB - FR<\/title>\n<meta name=\"robots\" content=\"index, follow, max-snippet:-1, max-image-preview:large, max-video-preview:-1\" \/>\n<link rel=\"canonical\" href=\"https:\/\/www.adsab.on.ca\/fr\/services-sociaux\/\" \/>\n<meta property=\"og:locale\" content=\"en_US\" \/>\n<meta property=\"og:type\" content=\"article\" \/>\n<meta property=\"og:title\" content=\"Services sociaux - Algoma DSAB - FR\" \/>\n<meta property=\"og:description\" content=\"[vc_row content_width=&#8221;grid&#8221; css=&#8221;.vc_custom_1607619985630{background-image: url(https:\/\/www.adsab.on.ca\/fr\/wp-content\/uploads\/2020\/12\/InternalBanner-SocialServices-01.jpg?id=5055) !important;background-position: center !important;background-repeat: no-repeat !important;background-size: cover !important;}&#8221;][vc_column][vc_empty_space height=&#8221;400px&#8221;][vc_single_image image=&#8221;3888&#8243; img_size=&#8221;large&#8221; alignment=&#8221;center&#8221;][vc_empty_space height=&#8221;100px&#8221;][\/vc_column][\/vc_row][vc_row content_width=&#8221;grid&#8221; css_animation=&#8221;mkd-element-from-top&#8221; css=&#8221;.vc_custom_1598040339540{padding-top: 80px !important;padding-bottom: 80px !important;}&#8221;][vc_column width=&#8221;1\/2&#8243;][vc_single_image image=&#8221;4026&#8243; img_size=&#8221;500&#215;516&#8243;][vc_empty_space height=&#8221;20px&#8221;][\/vc_column][vc_column width=&#8221;1\/2&#8243;][vc_column_text] Services Sociaux [\/vc_column_text][vc_empty_space height=&#8221;15px&#8221;][vc_column_text]Les services sociaux du district d\u2019Algoma (SSDA) offrent une vari\u00e9t\u00e9 de programmes sociaux dans...\" \/>\n<meta property=\"og:url\" content=\"https:\/\/www.adsab.on.ca\/fr\/services-sociaux\/\" \/>\n<meta property=\"og:site_name\" content=\"Algoma DSAB - FR\" \/>\n<meta property=\"article:modified_time\" content=\"2020-12-10T17:06:27+00:00\" \/>\n<meta name=\"twitter:card\" content=\"summary_large_image\" \/>\n<meta name=\"twitter:label1\" content=\"Est. reading time\" \/>\n\t<meta name=\"twitter:data1\" content=\"4 minutes\" \/>\n<script type=\"application\/ld+json\" class=\"yoast-schema-graph\">{\"@context\":\"https:\\\/\\\/schema.org\",\"@graph\":[{\"@type\":\"WebPage\",\"@id\":\"https:\\\/\\\/www.adsab.on.ca\\\/fr\\\/services-sociaux\\\/\",\"url\":\"https:\\\/\\\/www.adsab.on.ca\\\/fr\\\/services-sociaux\\\/\",\"name\":\"Services sociaux - Algoma DSAB - FR\",\"isPartOf\":{\"@id\":\"https:\\\/\\\/www.adsab.on.ca\\\/fr\\\/#website\"},\"datePublished\":\"2020-08-10T18:34:31+00:00\",\"dateModified\":\"2020-12-10T17:06:27+00:00\",\"breadcrumb\":{\"@id\":\"https:\\\/\\\/www.adsab.on.ca\\\/fr\\\/services-sociaux\\\/#breadcrumb\"},\"inLanguage\":\"en-US\",\"potentialAction\":[{\"@type\":\"ReadAction\",\"target\":[\"https:\\\/\\\/www.adsab.on.ca\\\/fr\\\/services-sociaux\\\/\"]}]},{\"@type\":\"BreadcrumbList\",\"@id\":\"https:\\\/\\\/www.adsab.on.ca\\\/fr\\\/services-sociaux\\\/#breadcrumb\",\"itemListElement\":[{\"@type\":\"ListItem\",\"position\":1,\"name\":\"Home\",\"item\":\"https:\\\/\\\/www.adsab.on.ca\\\/fr\\\/\"},{\"@type\":\"ListItem\",\"position\":2,\"name\":\"Services sociaux\"}]},{\"@type\":\"WebSite\",\"@id\":\"https:\\\/\\\/www.adsab.on.ca\\\/fr\\\/#website\",\"url\":\"https:\\\/\\\/www.adsab.on.ca\\\/fr\\\/\",\"name\":\"Algoma DSAB - FR\",\"description\":\"\",\"potentialAction\":[{\"@type\":\"SearchAction\",\"target\":{\"@type\":\"EntryPoint\",\"urlTemplate\":\"https:\\\/\\\/www.adsab.on.ca\\\/fr\\\/?s={search_term_string}\"},\"query-input\":{\"@type\":\"PropertyValueSpecification\",\"valueRequired\":true,\"valueName\":\"search_term_string\"}}],\"inLanguage\":\"en-US\"}]}<\/script>\n<!-- \/ Yoast SEO plugin. -->","yoast_head_json":{"title":"Services sociaux - Algoma DSAB - FR","robots":{"index":"index","follow":"follow","max-snippet":"max-snippet:-1","max-image-preview":"max-image-preview:large","max-video-preview":"max-video-preview:-1"},"canonical":"https:\/\/www.adsab.on.ca\/fr\/services-sociaux\/","og_locale":"en_US","og_type":"article","og_title":"Services sociaux - Algoma DSAB - FR","og_description":"[vc_row content_width=&#8221;grid&#8221; css=&#8221;.vc_custom_1607619985630{background-image: url(https:\/\/www.adsab.on.ca\/fr\/wp-content\/uploads\/2020\/12\/InternalBanner-SocialServices-01.jpg?id=5055) !important;background-position: center !important;background-repeat: no-repeat !important;background-size: cover !important;}&#8221;][vc_column][vc_empty_space height=&#8221;400px&#8221;][vc_single_image image=&#8221;3888&#8243; img_size=&#8221;large&#8221; alignment=&#8221;center&#8221;][vc_empty_space height=&#8221;100px&#8221;][\/vc_column][\/vc_row][vc_row content_width=&#8221;grid&#8221; css_animation=&#8221;mkd-element-from-top&#8221; css=&#8221;.vc_custom_1598040339540{padding-top: 80px !important;padding-bottom: 80px !important;}&#8221;][vc_column width=&#8221;1\/2&#8243;][vc_single_image image=&#8221;4026&#8243; img_size=&#8221;500&#215;516&#8243;][vc_empty_space height=&#8221;20px&#8221;][\/vc_column][vc_column width=&#8221;1\/2&#8243;][vc_column_text] Services Sociaux [\/vc_column_text][vc_empty_space height=&#8221;15px&#8221;][vc_column_text]Les services sociaux du district d\u2019Algoma (SSDA) offrent une vari\u00e9t\u00e9 de programmes sociaux dans...","og_url":"https:\/\/www.adsab.on.ca\/fr\/services-sociaux\/","og_site_name":"Algoma DSAB - FR","article_modified_time":"2020-12-10T17:06:27+00:00","twitter_card":"summary_large_image","twitter_misc":{"Est. reading time":"4 minutes"},"schema":{"@context":"https:\/\/schema.org","@graph":[{"@type":"WebPage","@id":"https:\/\/www.adsab.on.ca\/fr\/services-sociaux\/","url":"https:\/\/www.adsab.on.ca\/fr\/services-sociaux\/","name":"Services sociaux - Algoma DSAB - FR","isPartOf":{"@id":"https:\/\/www.adsab.on.ca\/fr\/#website"},"datePublished":"2020-08-10T18:34:31+00:00","dateModified":"2020-12-10T17:06:27+00:00","breadcrumb":{"@id":"https:\/\/www.adsab.on.ca\/fr\/services-sociaux\/#breadcrumb"},"inLanguage":"en-US","potentialAction":[{"@type":"ReadAction","target":["https:\/\/www.adsab.on.ca\/fr\/services-sociaux\/"]}]},{"@type":"BreadcrumbList","@id":"https:\/\/www.adsab.on.ca\/fr\/services-sociaux\/#breadcrumb","itemListElement":[{"@type":"ListItem","position":1,"name":"Home","item":"https:\/\/www.adsab.on.ca\/fr\/"},{"@type":"ListItem","position":2,"name":"Services sociaux"}]},{"@type":"WebSite","@id":"https:\/\/www.adsab.on.ca\/fr\/#website","url":"https:\/\/www.adsab.on.ca\/fr\/","name":"Algoma DSAB - FR","description":"","potentialAction":[{"@type":"SearchAction","target":{"@type":"EntryPoint","urlTemplate":"https:\/\/www.adsab.on.ca\/fr\/?s={search_term_string}"},"query-input":{"@type":"PropertyValueSpecification","valueRequired":true,"valueName":"search_term_string"}}],"inLanguage":"en-US"}]}},"_links":{"self":[{"href":"https:\/\/www.adsab.on.ca\/fr\/wp-json\/wp\/v2\/pages\/4024","targetHints":{"allow":["GET"]}}],"collection":[{"href":"https:\/\/www.adsab.on.ca\/fr\/wp-json\/wp\/v2\/pages"}],"about":[{"href":"https:\/\/www.adsab.on.ca\/fr\/wp-json\/wp\/v2\/types\/page"}],"author":[{"embeddable":true,"href":"https:\/\/www.adsab.on.ca\/fr\/wp-json\/wp\/v2\/users\/6"}],"replies":[{"embeddable":true,"href":"https:\/\/www.adsab.on.ca\/fr\/wp-json\/wp\/v2\/comments?post=4024"}],"version-history":[{"count":21,"href":"https:\/\/www.adsab.on.ca\/fr\/wp-json\/wp\/v2\/pages\/4024\/revisions"}],"predecessor-version":[{"id":5056,"href":"https:\/\/www.adsab.on.ca\/fr\/wp-json\/wp\/v2\/pages\/4024\/revisions\/5056"}],"wp:attachment":[{"href":"https:\/\/www.adsab.on.ca\/fr\/wp-json\/wp\/v2\/media?parent=4024"}],"curies":[{"name":"wp","href":"https:\/\/api.w.org\/{rel}","templated":true}]}}