{"id":4087,"date":"2020-08-13T12:35:20","date_gmt":"2020-08-13T16:35:20","guid":{"rendered":"https:\/\/www.adsab.on.ca\/fr\/?page_id=4087"},"modified":"2020-12-08T15:51:49","modified_gmt":"2020-12-08T19:51:49","slug":"faq","status":"publish","type":"page","link":"https:\/\/www.adsab.on.ca\/fr\/services-sociaux\/services-a-lenfance\/faq\/","title":{"rendered":"FAQ"},"content":{"rendered":"<div class=\"wpb-content-wrapper\"><p>[vc_row content_width=&#8221;grid&#8221; css=&#8221;.vc_custom_1607457104151{background-image: url(https:\/\/www.adsab.on.ca\/fr\/wp-content\/uploads\/2020\/12\/InternalBanner-Children-01.jpg?id=5031) !important;background-position: center !important;background-repeat: no-repeat !important;background-size: cover !important;}&#8221;][vc_column][vc_empty_space height=&#8221;400px&#8221;][vc_single_image image=&#8221;3888&#8243; img_size=&#8221;large&#8221; alignment=&#8221;center&#8221;][vc_empty_space height=&#8221;100px&#8221;][\/vc_column][\/vc_row][vc_row content_width=&#8221;grid&#8221; css=&#8221;.vc_custom_1597168444726{padding-top: 80px !important;padding-bottom: 80px !important;}&#8221;][vc_column width=&#8221;2\/3&#8243;]<div class=\"mkd-accordion-holder clearfix mkd-toggle mkd-initial \">\n\t<h6 class=\"clearfix mkd-title-holder \">\n<span class=\"mkd-accordion-mark mkd-left-mark\">\n\t\t<span class=\"mkd-accordion-mark-icon\">\n\t\t\t<span class=\"icon_plus\"><\/span>\n\t\t\t<span class=\"icon_minus-06\"><\/span>\n\t\t<\/span>\n<\/span>\n<span class=\"mkd-tab-title\">\n\t\t<span class=\"mkd-tab-title-inner\">\n\t\t\t\t\t\t<span class=\"mkd-tab-title-main\">J\u2019ai fait la demande pour une place de garde subventionn\u00e9e. Je comprends que je suis plac\u00e9 sur une liste d\u2019attente. Qu\u2019arrive-t-il par la suite et quand puis-je pr\u00e9voir une d\u00e9cision?<\/span>\t\t\t\t\t<\/span>\n<\/span>\n<\/h6>\n<div class=\"mkd-accordion-content\">\n\t<div class=\"mkd-accordion-content-inner\">\n\t\t[vc_column_text]Une fois que votre demande a \u00e9t\u00e9 re\u00e7ue, on vous a fait parvenir une lettre de confirmation\u00a0 disant que vous avez \u00e9t\u00e9 plac\u00e9 sur la liste d\u2019attente de garde subventionn\u00e9e de CASDA. La liste d\u2019attente est g\u00e9r\u00e9e selon l\u2019ordre d\u2019arriv\u00e9e.\u00a0 On communiquera avec vous d\u00e8s que les fonds seront disponibles et on vous donnera \u00e9galement la date, l\u2019heure et l\u2019emplacement de votre \u2018entrevue de v\u00e9rification\u2019 pour \u00e9valuer l\u2019admissibilit\u00e9.\u00a0 Votre patience est appr\u00e9ci\u00e9e pendant la p\u00e9riode d\u2019attente.<\/p>\n<p>Il est important de nous tenir au courant de tout changement dans vos renseignements de contact pour qu\u2019on puisse vous rejoindre.\u00a0 Vous pouvez signaler des changements en compl\u00e9tant \u201cla mise \u00e0 jour du\u00a0<a href=\"https:\/\/www.adsab.on.ca\/fr\/services-sociaux\/services-a-lenfance\/childrens-services-apply\/\">formulaire de renseignements<\/a>\u201d que l\u2019on retrouve dans la section \u2018Demande\/Formulaires\u2019 de ce site Web.<\/p>\n<p><strong>Note:<\/strong>\u00a0<em>Les parents\/gardiens devraient \u00e9galement inscrire leur enfant imm\u00e9diatement avec le centre de garde d\u2019enfants de leur choix car le centre peut \u00e9galement avoir une liste d\u2019attente. La liste d\u2019attente de place subventionn\u00e9e de la CASDA est s\u00e9par\u00e9e de celle du centre de garde d\u2019enfants.<\/em>[\/vc_column_text]\n\t\t\t<\/div>\n<\/div>\n<h6 class=\"clearfix mkd-title-holder \">\n<span class=\"mkd-accordion-mark mkd-left-mark\">\n\t\t<span class=\"mkd-accordion-mark-icon\">\n\t\t\t<span class=\"icon_plus\"><\/span>\n\t\t\t<span class=\"icon_minus-06\"><\/span>\n\t\t<\/span>\n<\/span>\n<span class=\"mkd-tab-title\">\n\t\t<span class=\"mkd-tab-title-inner\">\n\t\t\t\t\t\t<span class=\"mkd-tab-title-main\">Quelle est la diff\u00e9rence entre la liste d\u2019attente d\u2019une place de garde subventionn\u00e9e de la CASDA et la liste d\u2019attente du centre de garde d\u2019enfants?<\/span>\t\t\t\t\t<\/span>\n<\/span>\n<\/h6>\n<div class=\"mkd-accordion-content\">\n\t<div class=\"mkd-accordion-content-inner\">\n\t\t[vc_column_text]La liste d\u2019attente de garde subventionn\u00e9e de la CASDA est pour les parents ayant fait la demande pour la garde d\u2019enfants subventionn\u00e9e. Les parents admissibles sont plac\u00e9s sur la liste d\u2019attente selon l\u2019ordre d\u2019arriv\u00e9e et au fur et \u00e0 mesure que les dollars sont disponibles.<\/p>\n<p>Le centre de garde d\u2019enfants que vous choisissez peut \u00eatre rempli selon les exigences de votre enfant, selon l\u2019\u00e2ge, selon les heures de garde requises et selon le nombre d\u2019enfants. Afin d\u2019inscrire votre enfant dans le programme, il se pourrait que vous soyez plac\u00e9 sur leur liste d\u2019attente. (Veuillez noter que les centres de garde d\u2019enfants d\u2019Algoma n\u2019ont pas tous des listes d\u2019attente). Lorsque vous faites la demande pour une garde subventionn\u00e9e, vous devriez verifier avec le centre de garde d\u2019enfants s\u2019il y a une ouverture. S\u2019il y a une liste d\u2019attente, demandez d\u2019\u00eatre ajout\u00e9 \u00e0 cette liste.[\/vc_column_text]\n\t\t\t<\/div>\n<\/div>\n<h6 class=\"clearfix mkd-title-holder \">\n<span class=\"mkd-accordion-mark mkd-left-mark\">\n\t\t<span class=\"mkd-accordion-mark-icon\">\n\t\t\t<span class=\"icon_plus\"><\/span>\n\t\t\t<span class=\"icon_minus-06\"><\/span>\n\t\t<\/span>\n<\/span>\n<span class=\"mkd-tab-title\">\n\t\t<span class=\"mkd-tab-title-inner\">\n\t\t\t\t\t\t<span class=\"mkd-tab-title-main\">J\u2019attends un enfant dans un avenir rapproch\u00e9 et j\u2019aurai besoin d\u2019une place de garde subventionn\u00e9e. Est-ce que je devrais faire la demande maintenant?<\/span>\t\t\t\t\t<\/span>\n<\/span>\n<\/h6>\n<div class=\"mkd-accordion-content\">\n\t<div class=\"mkd-accordion-content-inner\">\n\t\t[vc_column_text]Vous pouvez faire la demande maintenant si vous attendez un enfant dans un avenir rapproch\u00e9, ou si vous adoptez ou pour toutes autres circonstances, en vue de r\u00e9server une place de garde subventionn\u00e9e sur la liste d\u2019attente. Vous aurez alors une meilleure chance d\u2019avoir une subvention lorsque vous en aurez besoin pour votre enfant. Vous pouvez faire la demande pour une place de garde subventionn\u00e9e, pour un enfant qui va na\u00eetre dans un avenir rapproch\u00e9, en compl\u00e9tant la demande imprimable et en la faisant parvenir au bureau de CASDA le plus pr\u00e8s.[\/vc_column_text]\n\t\t\t<\/div>\n<\/div>\n<h6 class=\"clearfix mkd-title-holder \">\n<span class=\"mkd-accordion-mark mkd-left-mark\">\n\t\t<span class=\"mkd-accordion-mark-icon\">\n\t\t\t<span class=\"icon_plus\"><\/span>\n\t\t\t<span class=\"icon_minus-06\"><\/span>\n\t\t<\/span>\n<\/span>\n<span class=\"mkd-tab-title\">\n\t\t<span class=\"mkd-tab-title-inner\">\n\t\t\t\t\t\t<span class=\"mkd-tab-title-main\">Quels renseignements devrais-je fournir lorsque je ferai la demande pour une place de garde subventionn\u00e9e?<\/span>\t\t\t\t\t<\/span>\n<\/span>\n<\/h6>\n<div class=\"mkd-accordion-content\">\n\t<div class=\"mkd-accordion-content-inner\">\n\t\t[vc_column_text]Vous pouvez faire la demande pour une place de garde subventionn\u00e9e en compl\u00e9tant la demande imprimable dans la section \u2018Demandes\/Apply\u2019 de ce site Web et en la faisant parvenir au bureau de CASDA le plus pr\u00e8s.<\/p>\n<p><strong>Vous aurez besoin des renseignements suivants pour tous les membres de votre m\u00e9nage:<br \/>\n<\/strong><\/p>\n<ul>\n<li>Certificat de naissance<\/li>\n<li>Carte sant\u00e9<\/li>\n<li>Num\u00e9ro d\u2019assurance socialeirth Certificate<\/li>\n<\/ul>\n<p><strong>Vous aurez besoin des documents suivants pour les parents\/gardiens de votre m\u00e9nage:<\/strong><\/p>\n<ul>\n<li>L\u2019avis d\u2019imposition f\u00e9d\u00e9ral (pour les deux \u00e9poux s\u2019il y a lieu)<\/li>\n<li>et l\u2019\u00e9nonc\u00e9 de prestation universelle pour la garde d\u2019enfants (RC62) (si vous le recevez)<br \/>\nOU<\/li>\n<li>la prestation fiscale canadienne pour enfants (PFCE). Une lettre d\u2019avis de renvoi d\u2019une demande de garde subventionn\u00e9e est occasionn\u00e9e suite \u00e0 une recommandation d\u2019un professionnel de la sant\u00e9 ou d\u2019un professionnel de services sociaux.<\/li>\n<li>Un talon de ch\u00e8que du programme d\u2019Ontario au travail ou du programme ontarien de soutien aux personnes handicap\u00e9es (POSPH) (s\u2019il y a lieu).<\/li>\n<\/ul>\n<p>Veuillez ne pas poster ou envoyer par t\u00e9l\u00e9copieur les documents actuels. Ils seront requis seulement lorsque vous viendrez pour votre entrevue. Vous pouvez imprimer la liste de\u00a0 \u201cDocuments requis pour l\u2019entrevue de v\u00e9rification\u201d dans la section de\u00a0<a href=\"https:\/\/www.adsab.on.ca\/fr\/services-sociaux\/services-a-lenfance\/childrens-services-apply\/\">\u2018Demande\/formulaires\u2019<\/a>\u00a0de ce site Web.<\/p>\n<p>Si vous n\u2019avez pas les documents requis, vous pouvez signaler le\u00a0<strong>1-800-959-8281<\/strong>\u00a0pour votre avis d\u2019imposition ou<strong>\u00a01-800-387-1193<\/strong>\u00a0pour l\u2019avis de prestation fiscale canadienne pour enfants.[\/vc_column_text]\n\t\t\t<\/div>\n<\/div>\n<h6 class=\"clearfix mkd-title-holder \">\n<span class=\"mkd-accordion-mark mkd-left-mark\">\n\t\t<span class=\"mkd-accordion-mark-icon\">\n\t\t\t<span class=\"icon_plus\"><\/span>\n\t\t\t<span class=\"icon_minus-06\"><\/span>\n\t\t<\/span>\n<\/span>\n<span class=\"mkd-tab-title\">\n\t\t<span class=\"mkd-tab-title-inner\">\n\t\t\t\t\t\t<span class=\"mkd-tab-title-main\">Combien dois-je payer pour la garde d\u2019enfants?<\/span>\t\t\t\t\t<\/span>\n<\/span>\n<\/h6>\n<div class=\"mkd-accordion-content\">\n\t<div class=\"mkd-accordion-content-inner\">\n\t\t[vc_column_text]Le co\u00fbt actuel de garde d\u2019enfants est d\u00e9termin\u00e9 par le centre d\u2019enfants individuel et les taux varient souvent selon l\u2019\u00e2ge de l\u2019enfant et les heures de garde requises. Pour les frais courants de garde d\u2019enfants, vous pouvez communiquer directement avec le centre de garde d\u2019enfants. Veuillez lire la section de \u201c<a href=\"https:\/\/www.adsab.on.ca\/fr\/services-sociaux\/services-a-lenfance\/emplacements-des-centres-de-garde-denfants\/\">Emplacements de garde d\u2019enfants<\/a>\u201d de ce site Web pour avoir la liste des centres de garde d\u2019enfants d\u2019Algoma.<\/p>\n<p>Le montant de subvention que vous recevrez envers le co\u00fbt actuel de garde d\u2019enfants est d\u00e9termin\u00e9\u00a0 par le biais d\u2019une \u00e9valuation de l\u2019\u00e9tat des revenus prescrite par les provinces.\u00a0Ceci d\u00e9terminera le montant de votre contribution parentale dont vous serez responsable s\u2019il y a lieu.<\/p>\n<p>L\u2019admissibilit\u00e9 pour une place de garde subventionn\u00e9e est bas\u00e9e sur votre revenu net signal\u00e9 \u00e0 la ligne 236 de l\u2019avis d\u2019imposition de l\u2019ann\u00e9e pr\u00e9c\u00e9dente. Par cons\u00e9quent, les parents qui font une demande de place de garde subventionn\u00e9e doivent fournir une copie de\u00a0:<\/p>\n<ul>\n<li>L\u2019avis d\u2019imposition f\u00e9d\u00e9ral (pour les deux \u00e9poux s\u2019il y a lieu)<\/li>\n<li>et l\u2019\u00e9nonc\u00e9 de prestation universelle pour la garde d\u2019enfants (RC62) (si on le re\u00e7oit)<br \/>\nOU<\/li>\n<li>l\u2019avis de prestation fiscal canadienne pour enfants (PFCE)<\/li>\n<\/ul>\n<p><strong>Selon votre revenu, vous pourrez payer ce qui suit annuellement pour les co\u00fbts de garde d\u2019enfants:<\/strong><\/p>\n<p>&nbsp;<\/p>\n<table>\n<tbody>\n<tr>\n<td><strong>Somme d\u00e9clar\u00e9e comme revenu<\/strong><\/td>\n<td><strong>Calcul de la contribution des parents<\/strong><\/td>\n<\/tr>\n<tr>\n<td>Sous\u00a0 20\u00a0000 $<\/td>\n<td>0% du revenu sous 20\u00a0000 $<br \/>\n(subvention compl\u00e8te, aucun calcul)<\/td>\n<\/tr>\n<tr>\n<td>20\u00a0000 $ \u2013 40\u00a0000 $<\/td>\n<td>0%du revenu sous 20 000 $<br \/>\nplus<br \/>\n10% de tout revenu plus de 20\u00a0000 $<\/td>\n<\/tr>\n<tr>\n<td>Plus de 40\u00a0000 $<\/td>\n<td>0% du revenu sous 20\u00a0000 $<br \/>\nplus<br \/>\n10% de tout revenu plus de 20\u00a0000 $<br \/>\nplus<br \/>\n30% de tout revenu plus de 40\u00a0000 $<\/td>\n<\/tr>\n<\/tbody>\n<\/table>\n<p>[\/vc_column_text]\n\t\t\t<\/div>\n<\/div>\n<h6 class=\"clearfix mkd-title-holder \">\n<span class=\"mkd-accordion-mark mkd-left-mark\">\n\t\t<span class=\"mkd-accordion-mark-icon\">\n\t\t\t<span class=\"icon_plus\"><\/span>\n\t\t\t<span class=\"icon_minus-06\"><\/span>\n\t\t<\/span>\n<\/span>\n<span class=\"mkd-tab-title\">\n\t\t<span class=\"mkd-tab-title-inner\">\n\t\t\t\t\t\t<span class=\"mkd-tab-title-main\">Est-ce que je recevrai un re\u00e7u aux fins de l\u2019imp\u00f4t sur le revenu?<\/span>\t\t\t\t\t<\/span>\n<\/span>\n<\/h6>\n<div class=\"mkd-accordion-content\">\n\t<div class=\"mkd-accordion-content-inner\">\n\t\t[vc_column_text]Tous les centres de garde d\u2019enfants autoris\u00e9s fournissent des re\u00e7us aux fins de l\u2019imp\u00f4t sur le revenu. Vous recevrez un re\u00e7u pour la contribution annuelle parentale que vous avez pay\u00e9 \u00e0 votre prestataire de services de garde d\u2019enfants.\u00a0 Toutefois, vous ne recevrez pas un re\u00e7u pour le montant de subvention pay\u00e9 par CASDA au prestataire de services de garde d\u2019enfants en votre nom.[\/vc_column_text]\n\t\t\t<\/div>\n<\/div>\n<h6 class=\"clearfix mkd-title-holder \">\n<span class=\"mkd-accordion-mark mkd-left-mark\">\n\t\t<span class=\"mkd-accordion-mark-icon\">\n\t\t\t<span class=\"icon_plus\"><\/span>\n\t\t\t<span class=\"icon_minus-06\"><\/span>\n\t\t<\/span>\n<\/span>\n<span class=\"mkd-tab-title\">\n\t\t<span class=\"mkd-tab-title-inner\">\n\t\t\t\t\t\t<span class=\"mkd-tab-title-main\">Je re\u00e7ois actuellement une place de garde subventionn\u00e9e toutefois, je requiers des heures additionnelles de garde. Qu\u2019est-ce que je dois faire?<\/span>\t\t\t\t\t<\/span>\n<\/span>\n<\/h6>\n<div class=\"mkd-accordion-content\">\n\t<div class=\"mkd-accordion-content-inner\">\n\t\t[vc_column_text]Si vous avez besoin d\u2019heures additionnelles pour un enfant qui fr\u00e9quente pr\u00e9sentement un program de garde d\u2019enfants ou si vous avez besoin de garde pour un autre enfant dans votre m\u00e9nage, vous devrez compl\u00e9ter un \u201cFormulaire de requ\u00eate pour des heures additionnelles de garde d\u2019enfants subventionn\u00e9e\u201d.\u00a0 Vous pouvez imprimer ce formulaire de la section \u2018<a href=\"https:\/\/www.adsab.on.ca\/fr\/services-sociaux\/services-a-lenfance\/childrens-services-apply\/\">Demandes\/formulaires<\/a>\u2019\u00a0 de ce site Web.<\/p>\n<p>Vous continuerez \u00e0 recevoir votre subvention actuelle mais vous serez plac\u00e9 sur la liste d\u2019attente de garde subventionn\u00e9e de CASDA pour la nouvelle requ\u00eate et vous serez averti une fois que ce sera approuv\u00e9. Vous devrez peut-\u00eatre fournir des renseignements additionnels s\u2019ils sont requis.[\/vc_column_text]\n\t\t\t<\/div>\n<\/div>\n<h6 class=\"clearfix mkd-title-holder \">\n<span class=\"mkd-accordion-mark mkd-left-mark\">\n\t\t<span class=\"mkd-accordion-mark-icon\">\n\t\t\t<span class=\"icon_plus\"><\/span>\n\t\t\t<span class=\"icon_minus-06\"><\/span>\n\t\t<\/span>\n<\/span>\n<span class=\"mkd-tab-title\">\n\t\t<span class=\"mkd-tab-title-inner\">\n\t\t\t\t\t\t<span class=\"mkd-tab-title-main\">J\u2019ai un enfant avec des besoins sp\u00e9ciaux. Quelles ressources sont disponibles?<\/span>\t\t\t\t\t<\/span>\n<\/span>\n<\/h6>\n<div class=\"mkd-accordion-content\">\n\t<div class=\"mkd-accordion-content-inner\">\n\t\t[vc_column_text]Pr\u00e9sentement, CASDA ach\u00e8te des services de ressources sp\u00e9ciales du centre de r\u00e9habilitation pour enfants d\u2019Algoma.\u2028Les ressources de besoins sp\u00e9ciaux fournissent le personnel, l\u2019\u00e9quipement, les fournitures et\/ou les services pour appuyer les enfants ayant des besoins sp\u00e9ciaux \u00e0 \u00eatre int\u00e9gr\u00e9s dans le cadre de garde d\u2019enfants.<\/p>\n<p>Les services pour les enfants ayant des besoins sp\u00e9ciaux sont offerts dans tous les programmes de garde d\u2019enfants autoris\u00e9s dans le district d\u2019Algoma. Ceci appuie l\u2019int\u00e9gration des enfants ayant des besoins sp\u00e9ciaux dans les services de garde d\u2019enfants autoris\u00e9s de la collectivit\u00e9. Ces services sont disponibles sans co\u00fbt additionnel pour les parents. Des enseignants ressources aide aux agence de garde d\u2019enfants dans l\u2019\u00e9valuation des enfants ayant des besoins sp\u00e9ciaux, ils pr\u00e9parent des plans de programme individuel pour chaque enfant et fournissent un appui aux gardiens\/moniteurs\u00a0\u00a0 r\u00e9guliers pour d\u00e9velopper et ex\u00e9cuter des activit\u00e9s quotidiennes pour chaque enfant\u00a0 ayant des besoins sp\u00e9ciaux.\u2028Les enseignants ressources travaillent \u00e9galement avec les parents et le personnel des\u00a0 programmes pour assurer une approche et des attentes coh\u00e9rentes pour les enfants.\u2028Pour de plus amples renseignements au sujet du centre de rehabilitation d\u2019Algoma, veuillez visiter leur site Web \u00e0:\u00a0<a href=\"http:\/\/www.crcalgoma.ca\/\">www.crcalgoma.ca<\/a>[\/vc_column_text]\n\t\t\t<\/div>\n<\/div>\n<\/div>[\/vc_column][vc_column width=&#8221;1\/3&#8243;][vc_widget_sidebar sidebar_id=&#8221;sidebar-3&#8243;][\/vc_column][\/vc_row]<\/p>\n<\/div>","protected":false},"excerpt":{"rendered":"<p>[vc_row content_width=&#8221;grid&#8221; css=&#8221;.vc_custom_1607457104151{background-image: url(https:\/\/www.adsab.on.ca\/fr\/wp-content\/uploads\/2020\/12\/InternalBanner-Children-01.jpg?id=5031) !important;background-position: center !important;background-repeat: no-repeat !important;background-size: cover !important;}&#8221;][vc_column][vc_empty_space height=&#8221;400px&#8221;][vc_single_image image=&#8221;3888&#8243; img_size=&#8221;large&#8221; alignment=&#8221;center&#8221;][vc_empty_space height=&#8221;100px&#8221;][\/vc_column][\/vc_row][vc_row content_width=&#8221;grid&#8221; css=&#8221;.vc_custom_1597168444726{padding-top: 80px !important;padding-bottom: 80px !important;}&#8221;][vc_column width=&#8221;2\/3&#8243;][\/vc_column][vc_column width=&#8221;1\/3&#8243;][vc_widget_sidebar sidebar_id=&#8221;sidebar-3&#8243;][\/vc_column][\/vc_row]<\/p>\n","protected":false},"author":6,"featured_media":0,"parent":4062,"menu_order":0,"comment_status":"closed","ping_status":"closed","template":"full-width.php","meta":{"footnotes":""},"class_list":["post-4087","page","type-page","status-publish","hentry"],"yoast_head":"<!-- This site is optimized with the Yoast SEO plugin v27.4 - https:\/\/yoast.com\/product\/yoast-seo-wordpress\/ -->\n<title>FAQ - Algoma DSAB - FR<\/title>\n<meta name=\"robots\" content=\"index, follow, max-snippet:-1, max-image-preview:large, max-video-preview:-1\" \/>\n<link rel=\"canonical\" href=\"https:\/\/www.adsab.on.ca\/fr\/services-sociaux\/services-a-lenfance\/faq\/\" \/>\n<meta property=\"og:locale\" content=\"en_US\" \/>\n<meta property=\"og:type\" content=\"article\" \/>\n<meta property=\"og:title\" content=\"FAQ - Algoma DSAB - FR\" \/>\n<meta property=\"og:description\" content=\"[vc_row content_width=&#8221;grid&#8221; css=&#8221;.vc_custom_1607457104151{background-image: url(https:\/\/www.adsab.on.ca\/fr\/wp-content\/uploads\/2020\/12\/InternalBanner-Children-01.jpg?id=5031) !important;background-position: center !important;background-repeat: no-repeat !important;background-size: cover !important;}&#8221;][vc_column][vc_empty_space height=&#8221;400px&#8221;][vc_single_image image=&#8221;3888&#8243; img_size=&#8221;large&#8221; alignment=&#8221;center&#8221;][vc_empty_space height=&#8221;100px&#8221;][\/vc_column][\/vc_row][vc_row content_width=&#8221;grid&#8221; css=&#8221;.vc_custom_1597168444726{padding-top: 80px !important;padding-bottom: 80px !important;}&#8221;][vc_column width=&#8221;2\/3&#8243;][\/vc_column][vc_column width=&#8221;1\/3&#8243;][vc_widget_sidebar sidebar_id=&#8221;sidebar-3&#8243;][\/vc_column][\/vc_row]\" \/>\n<meta property=\"og:url\" content=\"https:\/\/www.adsab.on.ca\/fr\/services-sociaux\/services-a-lenfance\/faq\/\" \/>\n<meta property=\"og:site_name\" content=\"Algoma DSAB - FR\" \/>\n<meta property=\"article:modified_time\" content=\"2020-12-08T19:51:49+00:00\" \/>\n<meta name=\"twitter:card\" content=\"summary_large_image\" \/>\n<meta name=\"twitter:label1\" content=\"Est. reading time\" \/>\n\t<meta name=\"twitter:data1\" content=\"9 minutes\" \/>\n<script type=\"application\/ld+json\" class=\"yoast-schema-graph\">{\"@context\":\"https:\\\/\\\/schema.org\",\"@graph\":[{\"@type\":\"WebPage\",\"@id\":\"https:\\\/\\\/www.adsab.on.ca\\\/fr\\\/services-sociaux\\\/services-a-lenfance\\\/faq\\\/\",\"url\":\"https:\\\/\\\/www.adsab.on.ca\\\/fr\\\/services-sociaux\\\/services-a-lenfance\\\/faq\\\/\",\"name\":\"FAQ - Algoma DSAB - FR\",\"isPartOf\":{\"@id\":\"https:\\\/\\\/www.adsab.on.ca\\\/fr\\\/#website\"},\"datePublished\":\"2020-08-13T16:35:20+00:00\",\"dateModified\":\"2020-12-08T19:51:49+00:00\",\"breadcrumb\":{\"@id\":\"https:\\\/\\\/www.adsab.on.ca\\\/fr\\\/services-sociaux\\\/services-a-lenfance\\\/faq\\\/#breadcrumb\"},\"inLanguage\":\"en-US\",\"potentialAction\":[{\"@type\":\"ReadAction\",\"target\":[\"https:\\\/\\\/www.adsab.on.ca\\\/fr\\\/services-sociaux\\\/services-a-lenfance\\\/faq\\\/\"]}]},{\"@type\":\"BreadcrumbList\",\"@id\":\"https:\\\/\\\/www.adsab.on.ca\\\/fr\\\/services-sociaux\\\/services-a-lenfance\\\/faq\\\/#breadcrumb\",\"itemListElement\":[{\"@type\":\"ListItem\",\"position\":1,\"name\":\"Home\",\"item\":\"https:\\\/\\\/www.adsab.on.ca\\\/fr\\\/\"},{\"@type\":\"ListItem\",\"position\":2,\"name\":\"Services sociaux\",\"item\":\"https:\\\/\\\/www.adsab.on.ca\\\/fr\\\/services-sociaux\\\/\"},{\"@type\":\"ListItem\",\"position\":3,\"name\":\"Services \u00e0 l\u2019enfance\",\"item\":\"https:\\\/\\\/www.adsab.on.ca\\\/fr\\\/services-sociaux\\\/services-a-lenfance\\\/\"},{\"@type\":\"ListItem\",\"position\":4,\"name\":\"FAQ\"}]},{\"@type\":\"WebSite\",\"@id\":\"https:\\\/\\\/www.adsab.on.ca\\\/fr\\\/#website\",\"url\":\"https:\\\/\\\/www.adsab.on.ca\\\/fr\\\/\",\"name\":\"Algoma DSAB - FR\",\"description\":\"\",\"potentialAction\":[{\"@type\":\"SearchAction\",\"target\":{\"@type\":\"EntryPoint\",\"urlTemplate\":\"https:\\\/\\\/www.adsab.on.ca\\\/fr\\\/?s={search_term_string}\"},\"query-input\":{\"@type\":\"PropertyValueSpecification\",\"valueRequired\":true,\"valueName\":\"search_term_string\"}}],\"inLanguage\":\"en-US\"}]}<\/script>\n<!-- \/ Yoast SEO plugin. -->","yoast_head_json":{"title":"FAQ - Algoma DSAB - FR","robots":{"index":"index","follow":"follow","max-snippet":"max-snippet:-1","max-image-preview":"max-image-preview:large","max-video-preview":"max-video-preview:-1"},"canonical":"https:\/\/www.adsab.on.ca\/fr\/services-sociaux\/services-a-lenfance\/faq\/","og_locale":"en_US","og_type":"article","og_title":"FAQ - Algoma DSAB - FR","og_description":"[vc_row content_width=&#8221;grid&#8221; css=&#8221;.vc_custom_1607457104151{background-image: url(https:\/\/www.adsab.on.ca\/fr\/wp-content\/uploads\/2020\/12\/InternalBanner-Children-01.jpg?id=5031) !important;background-position: center !important;background-repeat: no-repeat !important;background-size: cover !important;}&#8221;][vc_column][vc_empty_space height=&#8221;400px&#8221;][vc_single_image image=&#8221;3888&#8243; img_size=&#8221;large&#8221; alignment=&#8221;center&#8221;][vc_empty_space height=&#8221;100px&#8221;][\/vc_column][\/vc_row][vc_row content_width=&#8221;grid&#8221; css=&#8221;.vc_custom_1597168444726{padding-top: 80px !important;padding-bottom: 80px !important;}&#8221;][vc_column width=&#8221;2\/3&#8243;][\/vc_column][vc_column width=&#8221;1\/3&#8243;][vc_widget_sidebar sidebar_id=&#8221;sidebar-3&#8243;][\/vc_column][\/vc_row]","og_url":"https:\/\/www.adsab.on.ca\/fr\/services-sociaux\/services-a-lenfance\/faq\/","og_site_name":"Algoma DSAB - FR","article_modified_time":"2020-12-08T19:51:49+00:00","twitter_card":"summary_large_image","twitter_misc":{"Est. reading time":"9 minutes"},"schema":{"@context":"https:\/\/schema.org","@graph":[{"@type":"WebPage","@id":"https:\/\/www.adsab.on.ca\/fr\/services-sociaux\/services-a-lenfance\/faq\/","url":"https:\/\/www.adsab.on.ca\/fr\/services-sociaux\/services-a-lenfance\/faq\/","name":"FAQ - Algoma DSAB - FR","isPartOf":{"@id":"https:\/\/www.adsab.on.ca\/fr\/#website"},"datePublished":"2020-08-13T16:35:20+00:00","dateModified":"2020-12-08T19:51:49+00:00","breadcrumb":{"@id":"https:\/\/www.adsab.on.ca\/fr\/services-sociaux\/services-a-lenfance\/faq\/#breadcrumb"},"inLanguage":"en-US","potentialAction":[{"@type":"ReadAction","target":["https:\/\/www.adsab.on.ca\/fr\/services-sociaux\/services-a-lenfance\/faq\/"]}]},{"@type":"BreadcrumbList","@id":"https:\/\/www.adsab.on.ca\/fr\/services-sociaux\/services-a-lenfance\/faq\/#breadcrumb","itemListElement":[{"@type":"ListItem","position":1,"name":"Home","item":"https:\/\/www.adsab.on.ca\/fr\/"},{"@type":"ListItem","position":2,"name":"Services sociaux","item":"https:\/\/www.adsab.on.ca\/fr\/services-sociaux\/"},{"@type":"ListItem","position":3,"name":"Services \u00e0 l\u2019enfance","item":"https:\/\/www.adsab.on.ca\/fr\/services-sociaux\/services-a-lenfance\/"},{"@type":"ListItem","position":4,"name":"FAQ"}]},{"@type":"WebSite","@id":"https:\/\/www.adsab.on.ca\/fr\/#website","url":"https:\/\/www.adsab.on.ca\/fr\/","name":"Algoma DSAB - FR","description":"","potentialAction":[{"@type":"SearchAction","target":{"@type":"EntryPoint","urlTemplate":"https:\/\/www.adsab.on.ca\/fr\/?s={search_term_string}"},"query-input":{"@type":"PropertyValueSpecification","valueRequired":true,"valueName":"search_term_string"}}],"inLanguage":"en-US"}]}},"_links":{"self":[{"href":"https:\/\/www.adsab.on.ca\/fr\/wp-json\/wp\/v2\/pages\/4087","targetHints":{"allow":["GET"]}}],"collection":[{"href":"https:\/\/www.adsab.on.ca\/fr\/wp-json\/wp\/v2\/pages"}],"about":[{"href":"https:\/\/www.adsab.on.ca\/fr\/wp-json\/wp\/v2\/types\/page"}],"author":[{"embeddable":true,"href":"https:\/\/www.adsab.on.ca\/fr\/wp-json\/wp\/v2\/users\/6"}],"replies":[{"embeddable":true,"href":"https:\/\/www.adsab.on.ca\/fr\/wp-json\/wp\/v2\/comments?post=4087"}],"version-history":[{"count":10,"href":"https:\/\/www.adsab.on.ca\/fr\/wp-json\/wp\/v2\/pages\/4087\/revisions"}],"predecessor-version":[{"id":5036,"href":"https:\/\/www.adsab.on.ca\/fr\/wp-json\/wp\/v2\/pages\/4087\/revisions\/5036"}],"up":[{"embeddable":true,"href":"https:\/\/www.adsab.on.ca\/fr\/wp-json\/wp\/v2\/pages\/4062"}],"wp:attachment":[{"href":"https:\/\/www.adsab.on.ca\/fr\/wp-json\/wp\/v2\/media?parent=4087"}],"curies":[{"name":"wp","href":"https:\/\/api.w.org\/{rel}","templated":true}]}}