{"id":4100,"date":"2020-08-13T14:39:23","date_gmt":"2020-08-13T18:39:23","guid":{"rendered":"https:\/\/www.adsab.on.ca\/fr\/?page_id=4100"},"modified":"2025-10-29T13:08:25","modified_gmt":"2025-10-29T18:08:25","slug":"services-de-logement","status":"publish","type":"page","link":"https:\/\/www.adsab.on.ca\/fr\/services-sociaux\/services-de-logement\/","title":{"rendered":"Services de Logement"},"content":{"rendered":"<div class=\"wpb-content-wrapper\"><p>[vc_row content_width=&#8221;grid&#8221; css=&#8221;.vc_custom_1607457308038{background-image: url(https:\/\/www.adsab.on.ca\/fr\/wp-content\/uploads\/2020\/12\/InternalBanner-Housing-01.jpg?id=5030) !important;background-position: center !important;background-repeat: no-repeat !important;background-size: cover !important;}&#8221;][vc_column][vc_empty_space height=&#8221;400px&#8221;][vc_single_image image=&#8221;3888&#8243; img_size=&#8221;large&#8221; alignment=&#8221;center&#8221;][vc_empty_space height=&#8221;100px&#8221;][\/vc_column][\/vc_row][vc_row content_width=&#8221;grid&#8221; css=&#8221;.vc_custom_1597346873284{padding-top: 80px !important;}&#8221;][vc_column width=&#8221;2\/3&#8243;]<div class=\"mkd-section-title-holder\">\n\t<h2 class=\"mkd-section-title mkd-section-title-medium\" style=\"color: #eb1f23;text-align: left\">\n\tServices de logement<\/h2>\n<\/div>[vc_column_text css=&#8221;&#8221;]<\/p>\n<div class=\"et_pb_row_inner et_pb_row_inner_0\">\n<div class=\"et_pb_column et_pb_column_4_4 et_pb_column_inner et_pb_column_inner_0 et-last-child\">\n<div class=\"et_pb_module et_pb_text et_pb_text_0 et_pb_text_align_left et_pb_bg_layout_light\">\n<div class=\"et_pb_text_inner\">\n<p>La qualit\u00e9 de vie d\u2019une personne est \u00e9norm\u00e9ment am\u00e9lior\u00e9e lorsque cette personne a un logement s\u00e9cure et abordable. C\u2019est un d\u00e9terminant-cl\u00e9 pour l\u2019\u00e9tat de sant\u00e9 global d\u2019un individu. Qu\u2019une personne requiert un endroit qu\u2019on appelle \u2018chez-soi\u2019 ou requiert de l\u2019aide financi\u00e8re pour demeurer dans son logement locatif actuel, nous avons des programmes pouvant les accommoder.<\/p>\n<\/div>\n<\/div>\n<\/div>\n<\/div>\n<p>[\/vc_column_text][vc_row_inner css=&#8221;.vc_custom_1598376412726{padding-top: 40px !important;}&#8221;][vc_column_inner width=&#8221;1\/2&#8243;][vc_column_text]<\/p>\n<div class=\"et_pb_row_inner et_pb_row_inner_0\">\n<div class=\"et_pb_column et_pb_column_4_4 et_pb_column_inner et_pb_column_inner_0 et-last-child\">\n<div class=\"et_pb_module et_pb_text et_pb_text_0 et_pb_text_align_left et_pb_bg_layout_light\">\n<div class=\"et_pb_text_inner\">\n<div class=\"et_pb_column et_pb_column_1_4 et_pb_column_inner et_pb_column_inner_1\">\n<div class=\"et_pb_module et_pb_text et_pb_text_1 et_pb_text_align_left et_pb_bg_layout_light\">\n<div class=\"et_pb_text_inner\">\n<p><strong>LOGEMENT \u00c0 BUS NON LUCRATIF<\/strong><\/p>\n<p>Il s\u2019agit d\u2019une combinaison de loyers index\u00e9s sur le revenu et de loyers du march\u00e9 dispers\u00e9 dans le district d\u2019algoma.\u00a0 Ces unit\u00e9s sont appartenues et exploit\u00e9es par le CASDA et des organisations communautaires avec des unit\u00e9s \u00e0 bus non lucratif tels que: White River, Wawa, Richards Landing, Thessalon, \u00a0et Blind River .<\/p>\n<\/div>\n<\/div>\n<div class=\"et_pb_module et_pb_text et_pb_text_2 et_pb_text_align_left et_pb_bg_layout_light\">\n<div class=\"et_pb_text_inner\">\n<h4>Programme de logement \u00e0 prix abordable:<\/h4>\n<p>Il y a \u00a0des unit\u00e9s dans le district d\u2019Algoma (10 appartements \u00e0 Echo Bay, 10 appartements \u00e0 Dubreuilville et 10 maisons semi-d\u00e9tach\u00e9es \u00e0 Elliot Lake, 10 appartements \u00e0 Wawa et 12 appartements \u00e0 Richards Landing) appartenus par CASDA qui offrent un loyer \u00e9conomique selon le march\u00e9.<\/p>\n<\/div>\n<\/div>\n<\/div>\n<div class=\"et_pb_column et_pb_column_1_4 et_pb_column_inner et_pb_column_inner_2\">\n<div class=\"et_pb_module et_pb_text et_pb_text_3 et_pb_text_align_left et_pb_bg_layout_light\">\n<div class=\"et_pb_text_inner\">\n<h4>Logement social<\/h4>\n<p>CASDA appartient et g\u00e8re plusieurs \u00a0unit\u00e9s de loyers fond\u00e9s sur le revenu dans 10 municipalit\u00e9s dans le district d\u2019Algoma, Le loyer fond\u00e9 sur le revenu veut dire que le loyer mensuel est d\u00e9termin\u00e9 en calculant 30% du revenu brut total mensuel du m\u00e9nage.<\/p>\n<\/div>\n<\/div>\n<\/div>\n<\/div>\n<\/div>\n<\/div>\n<\/div>\n<p>[\/vc_column_text][\/vc_column_inner][vc_column_inner width=&#8221;1\/2&#8243;][vc_column_text]<\/p>\n<div class=\"et_pb_row_inner et_pb_row_inner_0\">\n<div class=\"et_pb_column et_pb_column_4_4 et_pb_column_inner et_pb_column_inner_0 et-last-child\">\n<div class=\"et_pb_module et_pb_text et_pb_text_0 et_pb_text_align_left et_pb_bg_layout_light\">\n<div class=\"et_pb_text_inner\">\n<div class=\"et_pb_column et_pb_column_1_4 et_pb_column_inner et_pb_column_inner_2\">\n<div class=\"et_pb_module et_pb_text et_pb_text_4 et_pb_text_align_left et_pb_bg_layout_light\">\n<div class=\"et_pb_text_inner\">\n<h4>H\u00e9bergement direct\/Programme de suppl\u00e9ments de loyer de collectivit\u00e9s fortes:<\/h4>\n<p>Ce programme offre une subvention de loyer fond\u00e9 sur le revenu aux demandeurs admissibles alors qu\u2019ils r\u00e9sident dans une unit\u00e9 de propri\u00e9t\u00e9 priv\u00e9e. CASDA paie un montant de subvention d\u2019h\u00e9bergement mensuel au locateur. Le financement est limit\u00e9.<\/p>\n<\/div>\n<\/div>\n<\/div>\n<div class=\"et_pb_column et_pb_column_1_4 et_pb_column_inner et_pb_column_inner_3 et-last-child\">\n<div class=\"et_pb_module et_pb_text et_pb_text_5 et_pb_text_align_left et_pb_bg_layout_light\">\n<div class=\"et_pb_text_inner\">\n<h4>Programme de supplements de loyer commercial\u00a0:<\/h4>\n<p>30 unit\u00e9s de loyer fond\u00e9 sur le revenu sont appartenues et g\u00e9r\u00e9es par des locateurs priv\u00e9s.\u00a0 Ces locateurs ont la relation locateur\/locataire alors que CASDA a la relation de subvention locative avec le locateur.<\/p>\n<\/div>\n<\/div>\n<div class=\"et_pb_module et_pb_text et_pb_text_6 et_pb_text_align_left et_pb_bg_layout_light\">\n<div class=\"et_pb_text_inner\">\n<p>&nbsp;<\/p>\n<\/div>\n<\/div>\n<\/div>\n<\/div>\n<\/div>\n<\/div>\n<\/div>\n<p>[\/vc_column_text][\/vc_column_inner][\/vc_row_inner][vc_empty_space height=&#8221;20px&#8221;]<div class=\"mkd-section-title-holder\">\n\t<h2 class=\"mkd-section-title mkd-section-title-medium\" style=\"color: #eb1f23;text-align: left\">\n\tProgramme d\u2019aide au logement d\u2019Algoma<\/h2>\n<\/div>[vc_column_text]<\/p>\n<div class=\"et_pb_row_inner et_pb_row_inner_0\">\n<div class=\"et_pb_column et_pb_column_4_4 et_pb_column_inner et_pb_column_inner_0 et-last-child\">\n<div class=\"et_pb_module et_pb_text et_pb_text_0 et_pb_text_align_left et_pb_bg_layout_light\">\n<div class=\"et_pb_text_inner\">\n<p>L\u2019initiative de pr\u00e9vention du sans-abrisme communautaire (IPSC) vise \u00e0 pr\u00e9venir, aborder et r\u00e9duire le sans-abrisme dans la juridiction de CASDA. IPSC aide aux individus \u00e0 faible revenu et aux familles \u00e0 risques ou qui connaissent le sans-abrisme \u00e0 obtenir et \u00e0 maintenir un logement abordable.\u00a0 IPSC peut fournir de l\u2019aide financi\u00e8re avec ce qui suit:<\/p>\n<ul>\n<li>des solutions pour un refuge d\u2019urgence<\/li>\n<li>un d\u00e9p\u00f4t pour les services publics et des frais de raccordement lorsqu\u2019une r\u00e9sidence est \u00e9tablie<\/li>\n<li>les co\u00fbts pour un d\u00e9m\u00e9nagement \u00e0 une nouvelle r\u00e9sidence en raison d\u2019une expulsion, d\u2019un feu ou d\u2019une inondation<\/li>\n<li>un remplacement de meubles en raison d\u2019un feu, d\u2019une inondation ou d\u2019une infestation \u00a0parasitaire<\/li>\n<li>Arr\u00e9rages d\u2019\u00e9nergie et interruption de services<\/li>\n<li>Arr\u00e9rages de loyer et expulsion<\/li>\n<li>R\u00e9parations d\u2019urgence d\u2019un \u00a0r\u00e9cipients de chauffage, \u00a0r\u00e9parations et entretien de l\u2019assainissement<\/li>\n<li>D\u00e9sencombrement d\u2019urgence et infestation de parasites punaises des lits<\/li>\n<\/ul>\n<\/div>\n<\/div>\n<\/div>\n<\/div>\n<p>[\/vc_column_text][\/vc_column][vc_column width=&#8221;1\/3&#8243;][vc_widget_sidebar sidebar_id=&#8221;sidebar-3&#8243;][\/vc_column][\/vc_row]<\/p>\n<\/div>","protected":false},"excerpt":{"rendered":"<p>[vc_row content_width=&#8221;grid&#8221; css=&#8221;.vc_custom_1607457308038{background-image: url(https:\/\/www.adsab.on.ca\/fr\/wp-content\/uploads\/2020\/12\/InternalBanner-Housing-01.jpg?id=5030) !important;background-position: center !important;background-repeat: no-repeat !important;background-size: cover !important;}&#8221;][vc_column][vc_empty_space height=&#8221;400px&#8221;][vc_single_image image=&#8221;3888&#8243; img_size=&#8221;large&#8221; alignment=&#8221;center&#8221;][vc_empty_space height=&#8221;100px&#8221;][\/vc_column][\/vc_row][vc_row content_width=&#8221;grid&#8221; css=&#8221;.vc_custom_1597346873284{padding-top: 80px !important;}&#8221;][vc_column width=&#8221;2\/3&#8243;][vc_column_text css=&#8221;&#8221;] La qualit\u00e9 de vie d\u2019une personne est \u00e9norm\u00e9ment am\u00e9lior\u00e9e lorsque cette personne a un logement s\u00e9cure et abordable. C\u2019est un d\u00e9terminant-cl\u00e9 pour l\u2019\u00e9tat&#8230;<\/p>\n","protected":false},"author":6,"featured_media":0,"parent":4024,"menu_order":0,"comment_status":"closed","ping_status":"closed","template":"full-width.php","meta":{"footnotes":""},"class_list":["post-4100","page","type-page","status-publish","hentry"],"yoast_head":"<!-- This site is optimized with the Yoast SEO plugin v27.4 - https:\/\/yoast.com\/product\/yoast-seo-wordpress\/ -->\n<title>Services de Logement - Algoma DSAB - FR<\/title>\n<meta name=\"robots\" content=\"index, follow, max-snippet:-1, max-image-preview:large, max-video-preview:-1\" \/>\n<link rel=\"canonical\" href=\"https:\/\/www.adsab.on.ca\/fr\/services-sociaux\/services-de-logement\/\" \/>\n<meta property=\"og:locale\" content=\"en_US\" \/>\n<meta property=\"og:type\" content=\"article\" \/>\n<meta property=\"og:title\" content=\"Services de Logement - Algoma DSAB - FR\" \/>\n<meta property=\"og:description\" content=\"[vc_row content_width=&#8221;grid&#8221; css=&#8221;.vc_custom_1607457308038{background-image: url(https:\/\/www.adsab.on.ca\/fr\/wp-content\/uploads\/2020\/12\/InternalBanner-Housing-01.jpg?id=5030) !important;background-position: center !important;background-repeat: no-repeat !important;background-size: cover !important;}&#8221;][vc_column][vc_empty_space height=&#8221;400px&#8221;][vc_single_image image=&#8221;3888&#8243; img_size=&#8221;large&#8221; alignment=&#8221;center&#8221;][vc_empty_space height=&#8221;100px&#8221;][\/vc_column][\/vc_row][vc_row content_width=&#8221;grid&#8221; css=&#8221;.vc_custom_1597346873284{padding-top: 80px !important;}&#8221;][vc_column width=&#8221;2\/3&#8243;][vc_column_text css=&#8221;&#8221;] La qualit\u00e9 de vie d\u2019une personne est \u00e9norm\u00e9ment am\u00e9lior\u00e9e lorsque cette personne a un logement s\u00e9cure et abordable. C\u2019est un d\u00e9terminant-cl\u00e9 pour l\u2019\u00e9tat...\" \/>\n<meta property=\"og:url\" content=\"https:\/\/www.adsab.on.ca\/fr\/services-sociaux\/services-de-logement\/\" \/>\n<meta property=\"og:site_name\" content=\"Algoma DSAB - FR\" \/>\n<meta property=\"article:modified_time\" content=\"2025-10-29T18:08:25+00:00\" \/>\n<meta name=\"twitter:card\" content=\"summary_large_image\" \/>\n<meta name=\"twitter:label1\" content=\"Est. reading time\" \/>\n\t<meta name=\"twitter:data1\" content=\"3 minutes\" \/>\n<script type=\"application\/ld+json\" class=\"yoast-schema-graph\">{\"@context\":\"https:\\\/\\\/schema.org\",\"@graph\":[{\"@type\":\"WebPage\",\"@id\":\"https:\\\/\\\/www.adsab.on.ca\\\/fr\\\/services-sociaux\\\/services-de-logement\\\/\",\"url\":\"https:\\\/\\\/www.adsab.on.ca\\\/fr\\\/services-sociaux\\\/services-de-logement\\\/\",\"name\":\"Services de Logement - Algoma DSAB - FR\",\"isPartOf\":{\"@id\":\"https:\\\/\\\/www.adsab.on.ca\\\/fr\\\/#website\"},\"datePublished\":\"2020-08-13T18:39:23+00:00\",\"dateModified\":\"2025-10-29T18:08:25+00:00\",\"breadcrumb\":{\"@id\":\"https:\\\/\\\/www.adsab.on.ca\\\/fr\\\/services-sociaux\\\/services-de-logement\\\/#breadcrumb\"},\"inLanguage\":\"en-US\",\"potentialAction\":[{\"@type\":\"ReadAction\",\"target\":[\"https:\\\/\\\/www.adsab.on.ca\\\/fr\\\/services-sociaux\\\/services-de-logement\\\/\"]}]},{\"@type\":\"BreadcrumbList\",\"@id\":\"https:\\\/\\\/www.adsab.on.ca\\\/fr\\\/services-sociaux\\\/services-de-logement\\\/#breadcrumb\",\"itemListElement\":[{\"@type\":\"ListItem\",\"position\":1,\"name\":\"Home\",\"item\":\"https:\\\/\\\/www.adsab.on.ca\\\/fr\\\/\"},{\"@type\":\"ListItem\",\"position\":2,\"name\":\"Services sociaux\",\"item\":\"https:\\\/\\\/www.adsab.on.ca\\\/fr\\\/services-sociaux\\\/\"},{\"@type\":\"ListItem\",\"position\":3,\"name\":\"Services de Logement\"}]},{\"@type\":\"WebSite\",\"@id\":\"https:\\\/\\\/www.adsab.on.ca\\\/fr\\\/#website\",\"url\":\"https:\\\/\\\/www.adsab.on.ca\\\/fr\\\/\",\"name\":\"Algoma DSAB - FR\",\"description\":\"\",\"potentialAction\":[{\"@type\":\"SearchAction\",\"target\":{\"@type\":\"EntryPoint\",\"urlTemplate\":\"https:\\\/\\\/www.adsab.on.ca\\\/fr\\\/?s={search_term_string}\"},\"query-input\":{\"@type\":\"PropertyValueSpecification\",\"valueRequired\":true,\"valueName\":\"search_term_string\"}}],\"inLanguage\":\"en-US\"}]}<\/script>\n<!-- \/ Yoast SEO plugin. -->","yoast_head_json":{"title":"Services de Logement - Algoma DSAB - FR","robots":{"index":"index","follow":"follow","max-snippet":"max-snippet:-1","max-image-preview":"max-image-preview:large","max-video-preview":"max-video-preview:-1"},"canonical":"https:\/\/www.adsab.on.ca\/fr\/services-sociaux\/services-de-logement\/","og_locale":"en_US","og_type":"article","og_title":"Services de Logement - Algoma DSAB - FR","og_description":"[vc_row content_width=&#8221;grid&#8221; css=&#8221;.vc_custom_1607457308038{background-image: url(https:\/\/www.adsab.on.ca\/fr\/wp-content\/uploads\/2020\/12\/InternalBanner-Housing-01.jpg?id=5030) !important;background-position: center !important;background-repeat: no-repeat !important;background-size: cover !important;}&#8221;][vc_column][vc_empty_space height=&#8221;400px&#8221;][vc_single_image image=&#8221;3888&#8243; img_size=&#8221;large&#8221; alignment=&#8221;center&#8221;][vc_empty_space height=&#8221;100px&#8221;][\/vc_column][\/vc_row][vc_row content_width=&#8221;grid&#8221; css=&#8221;.vc_custom_1597346873284{padding-top: 80px !important;}&#8221;][vc_column width=&#8221;2\/3&#8243;][vc_column_text css=&#8221;&#8221;] La qualit\u00e9 de vie d\u2019une personne est \u00e9norm\u00e9ment am\u00e9lior\u00e9e lorsque cette personne a un logement s\u00e9cure et abordable. C\u2019est un d\u00e9terminant-cl\u00e9 pour l\u2019\u00e9tat...","og_url":"https:\/\/www.adsab.on.ca\/fr\/services-sociaux\/services-de-logement\/","og_site_name":"Algoma DSAB - FR","article_modified_time":"2025-10-29T18:08:25+00:00","twitter_card":"summary_large_image","twitter_misc":{"Est. reading time":"3 minutes"},"schema":{"@context":"https:\/\/schema.org","@graph":[{"@type":"WebPage","@id":"https:\/\/www.adsab.on.ca\/fr\/services-sociaux\/services-de-logement\/","url":"https:\/\/www.adsab.on.ca\/fr\/services-sociaux\/services-de-logement\/","name":"Services de Logement - Algoma DSAB - FR","isPartOf":{"@id":"https:\/\/www.adsab.on.ca\/fr\/#website"},"datePublished":"2020-08-13T18:39:23+00:00","dateModified":"2025-10-29T18:08:25+00:00","breadcrumb":{"@id":"https:\/\/www.adsab.on.ca\/fr\/services-sociaux\/services-de-logement\/#breadcrumb"},"inLanguage":"en-US","potentialAction":[{"@type":"ReadAction","target":["https:\/\/www.adsab.on.ca\/fr\/services-sociaux\/services-de-logement\/"]}]},{"@type":"BreadcrumbList","@id":"https:\/\/www.adsab.on.ca\/fr\/services-sociaux\/services-de-logement\/#breadcrumb","itemListElement":[{"@type":"ListItem","position":1,"name":"Home","item":"https:\/\/www.adsab.on.ca\/fr\/"},{"@type":"ListItem","position":2,"name":"Services sociaux","item":"https:\/\/www.adsab.on.ca\/fr\/services-sociaux\/"},{"@type":"ListItem","position":3,"name":"Services de Logement"}]},{"@type":"WebSite","@id":"https:\/\/www.adsab.on.ca\/fr\/#website","url":"https:\/\/www.adsab.on.ca\/fr\/","name":"Algoma DSAB - FR","description":"","potentialAction":[{"@type":"SearchAction","target":{"@type":"EntryPoint","urlTemplate":"https:\/\/www.adsab.on.ca\/fr\/?s={search_term_string}"},"query-input":{"@type":"PropertyValueSpecification","valueRequired":true,"valueName":"search_term_string"}}],"inLanguage":"en-US"}]}},"_links":{"self":[{"href":"https:\/\/www.adsab.on.ca\/fr\/wp-json\/wp\/v2\/pages\/4100","targetHints":{"allow":["GET"]}}],"collection":[{"href":"https:\/\/www.adsab.on.ca\/fr\/wp-json\/wp\/v2\/pages"}],"about":[{"href":"https:\/\/www.adsab.on.ca\/fr\/wp-json\/wp\/v2\/types\/page"}],"author":[{"embeddable":true,"href":"https:\/\/www.adsab.on.ca\/fr\/wp-json\/wp\/v2\/users\/6"}],"replies":[{"embeddable":true,"href":"https:\/\/www.adsab.on.ca\/fr\/wp-json\/wp\/v2\/comments?post=4100"}],"version-history":[{"count":25,"href":"https:\/\/www.adsab.on.ca\/fr\/wp-json\/wp\/v2\/pages\/4100\/revisions"}],"predecessor-version":[{"id":5325,"href":"https:\/\/www.adsab.on.ca\/fr\/wp-json\/wp\/v2\/pages\/4100\/revisions\/5325"}],"up":[{"embeddable":true,"href":"https:\/\/www.adsab.on.ca\/fr\/wp-json\/wp\/v2\/pages\/4024"}],"wp:attachment":[{"href":"https:\/\/www.adsab.on.ca\/fr\/wp-json\/wp\/v2\/media?parent=4100"}],"curies":[{"name":"wp","href":"https:\/\/api.w.org\/{rel}","templated":true}]}}