{"id":4117,"date":"2020-08-13T15:49:04","date_gmt":"2020-08-13T19:49:04","guid":{"rendered":"https:\/\/www.adsab.on.ca\/fr\/?page_id=4117"},"modified":"2023-09-25T06:47:30","modified_gmt":"2023-09-25T11:47:30","slug":"appliquer","status":"publish","type":"page","link":"https:\/\/www.adsab.on.ca\/fr\/services-sociaux\/services-a-lenfance\/appliquer\/","title":{"rendered":"Appliquer"},"content":{"rendered":"<div class=\"wpb-content-wrapper\"><p>[vc_row content_width=&#8221;grid&#8221; css=&#8221;.vc_custom_1607457188286{background-image: url(https:\/\/www.adsab.on.ca\/fr\/wp-content\/uploads\/2020\/12\/InternalBanner-Children-01.jpg?id=5031) !important;background-position: center !important;background-repeat: no-repeat !important;background-size: cover !important;}&#8221;][vc_column][vc_empty_space height=&#8221;400px&#8221;][vc_single_image image=&#8221;3888&#8243; img_size=&#8221;large&#8221; alignment=&#8221;center&#8221;][vc_empty_space height=&#8221;100px&#8221;][\/vc_column][\/vc_row][vc_row content_width=&#8221;grid&#8221; css=&#8221;.vc_custom_1597337749654{padding-top: 80px !important;padding-bottom: 80px !important;}&#8221;][vc_column width=&#8221;2\/3&#8243;][vc_empty_space height=&#8221;20px&#8221;]<div class=\"mkd-section-title-holder\">\n\t<h2 class=\"mkd-section-title mkd-section-title-medium\" style=\"color: #eb1f23;text-align: left\">\n\tFaire une demande<\/h2>\n<\/div>[vc_column_text]<\/p>\n<div class=\"et_pb_row_inner et_pb_row_inner_0\">\n<div class=\"et_pb_column et_pb_column_4_4 et_pb_column_inner et_pb_column_inner_0 et-last-child\">\n<div class=\"et_pb_module et_pb_text et_pb_text_0 et_pb_text_align_left et_pb_bg_layout_light\">\n<div class=\"et_pb_text_inner\">\n<p>Veuillez suivre ces \u00e9tapes pour faire une demande pour\u00a0<strong>une place de garde subventionn\u00e9e.<\/strong><\/p>\n<h3>\u00c9tape 1:<\/h3>\n<p>Pour assurer la r\u00e9alisation de votre demande de services \u00e0 l\u2019enfance, vous devrez savoir quels renseignements sont requis. Les renseignements suivants sont requis pour chaque membre de votre m\u00e9nage.<\/p>\n<p><a href=\"https:\/\/www.adsab.on.ca\/fr\/wp-content\/uploads\/2023\/09\/CSEL-Documents-requis-pour-une-demande-de-subvention-2023-09-22.pdf\" target=\"_blank\" rel=\"noopener noreferrer\">&gt; Documents requis pour une demande de subvention (pdf)<\/a><\/p>\n<h3>\u00c9tape 2:<\/h3>\n<p>Cliquez sur un des liens ci-dessous pour acc\u00e9der la \u00ab Demande de subvention pour frais de garde d\u2019enfants \u00bb. Suivez les instructions\u00a0trouv\u00e9s au pages 6 \u00e0 8 de la demande.<\/p>\n<p><a href=\"https:\/\/www.adsab.on.ca\/fr\/wp-content\/uploads\/2023\/09\/CSEL-Demande-de-subvention-pour-frais-de-garde-denfants-2023-09-22.pdf\" target=\"_blank\" rel=\"noopener noreferrer\">&gt; Demande de subvention pour frais de garde d\u2019enfant\u00a0 (pdf)<\/a><\/p>\n<h3>\u00c9tape 3:<\/h3>\n<p>Une fois re\u00e7ue, votre demande sera estampill\u00e9e de la date et de l\u2019heure re\u00e7ue. S&#8217;il y a une liste d&#8217;attente pour une subvention pour frais de garde d&#8217;enfants, vous recevrez une lettre confirmant que votre demande a \u00e9t\u00e9 plac\u00e9e sur la liste d&#8217;attente.<\/p>\n<p>S&#8217;il n&#8217;y a pas de liste d&#8217;attente pour la subvention pour frais de garde d&#8217;enfants, un agent aux services \u00e0 la client\u00e8le communiquera avec vous pour fixer un rendez-vous afin de d\u00e9terminer votre admissibilit\u00e9.<\/p>\n<p><strong>NOTE:<\/strong>\u00a0<em>On peut vous demander de fournir des renseignements additionnels lorsque vous finalisez la demande. En soumettant le formulaire de demande au Conseil d\u2019administration des services du district d\u2019Algoma, vous \u00eates d\u2019accord que vos renseignements soient entr\u00e9s dans notre banque de donn\u00e9es.\u00a0 Ces renseignements sont confidentiels et utilis\u00e9s seulement pour d\u00e9terminer votre admissibilit\u00e9.<\/em><\/p>\n<h3>\u00c9tape 4:<\/h3>\n<p>Nous communiquerons avec vous une fois que les subventions de frais de garde d\u2019enfants seront disponibles. Vous devez obtenir un formulaire de disponibilit\u00e9 pour une place de garde d\u2019enfants pour le centre de garde d\u2019enfants de votre choix afin de confirmer qu\u2019une place soit disponible pour votre enfant.<\/p>\n<p><a href=\"https:\/\/www.adsab.on.ca\/fr\/wp-content\/uploads\/2023\/09\/CSEL-Formulaire-de-disponibilite-pour-une-place-de-garde-denfants-2023-09-22.pdf\" target=\"_blank\" rel=\"noopener noreferrer\">&gt; Formulaire de disponibilit\u00e9 pour une place de garde d\u2019enfants (pdf)<\/a><\/p>\n<p>Un rendez-vous pour une entrevue de v\u00e9rification sera\u00a0 planifi\u00e9 pour vous une fois que le formulaire de disponibilit\u00e9 pour une place de garde d\u2019enfants sera re\u00e7u.\u00a0 Veuillez vous assurer d\u2019avoir tous les documents pertinents lors de cette entrevue.<\/p>\n<\/div>\n<\/div>\n<\/div>\n<\/div>\n<p>[\/vc_column_text][vc_empty_space height=&#8221;30px&#8221;]<div class=\"mkd-section-title-holder\">\n\t<h2 class=\"mkd-section-title mkd-section-title-medium\" style=\"color: #eb1f23;text-align: left\">\n\tForms<\/h2>\n<\/div>[vc_column_text]<a href=\"https:\/\/www.adsab.on.ca\/fr\/wp-content\/uploads\/2023\/09\/CSEL-Demande-de-subvention-pour-frais-de-garde-denfants-2023-09-22.pdf\" target=\"_blank\" rel=\"noopener noreferrer\">Demande de subvention pour frais de garde d\u2019enfants\u00a0 (pdf)<\/a><\/p>\n<p><a href=\"https:\/\/www.adsab.on.ca\/fr\/wp-content\/uploads\/2023\/09\/CSEL-Demande-supplementaire-de-subvention-pour-frais-de-garde-denfants-2023-09-22.pdf\" target=\"_blank\" rel=\"noopener noreferrer\">Demande suppl\u00e9mentaire de subvention pour frais de garde d\u2019enfants (pdf)<\/a><\/p>\n<p><a href=\"https:\/\/www.adsab.on.ca\/fr\/wp-content\/uploads\/2023\/09\/CSEL-Formulaire-de-disponibilite-pour-une-place-de-garde-denfants-2023-09-22.pdf\" target=\"_blank\" rel=\"noopener noreferrer\">Formulaire de disponibilit\u00e9 pour une place de garde d\u2019enfants (pdf)<\/a><\/p>\n<p><a href=\"https:\/\/www.adsab.on.ca\/fr\/wp-content\/uploads\/2023\/09\/CSEL-Documents-requis-pour-une-demande-de-subvention-2023-09-22.pdf\" target=\"_blank\" rel=\"noopener noreferrer\">Documents requis pour une demande de subvention (pdf)<\/a><\/p>\n<p><a href=\"https:\/\/www.adsab.on.ca\/fr\/wp-content\/uploads\/2023\/09\/CSEL-Formulaire-de-mise-a-jour-des-renseignements-sur-la-liste-dattente-2023-09-22.pdf\" target=\"_blank\" rel=\"noopener noreferrer\">Formulaire de mise \u00e0 jour des renseignements sur la liste d\u2019attente (pdf)<\/a>[\/vc_column_text][vc_empty_space height=&#8221;30px&#8221;][vc_column_text]<\/p>\n<h3>Processus d\u2019appel<\/h3>\n<p>Veuillez communiquer avec votre <a href=\"https:\/\/www.adsab.on.ca\/fr\/services-sociaux\/ontario-works\/office-locations\/\" target=\"_blank\" rel=\"noopener noreferrer\">bureau local<\/a> pour de plus amples renseignements au sujet du processus d\u2019appel.[\/vc_column_text][\/vc_column][vc_column width=&#8221;1\/3&#8243;][vc_widget_sidebar sidebar_id=&#8221;sidebar-3&#8243;][\/vc_column][\/vc_row]<\/p>\n<\/div>","protected":false},"excerpt":{"rendered":"<p>[vc_row content_width=&#8221;grid&#8221; css=&#8221;.vc_custom_1607457188286{background-image: url(https:\/\/www.adsab.on.ca\/fr\/wp-content\/uploads\/2020\/12\/InternalBanner-Children-01.jpg?id=5031) !important;background-position: center !important;background-repeat: no-repeat !important;background-size: cover !important;}&#8221;][vc_column][vc_empty_space height=&#8221;400px&#8221;][vc_single_image image=&#8221;3888&#8243; img_size=&#8221;large&#8221; alignment=&#8221;center&#8221;][vc_empty_space height=&#8221;100px&#8221;][\/vc_column][\/vc_row][vc_row content_width=&#8221;grid&#8221; css=&#8221;.vc_custom_1597337749654{padding-top: 80px !important;padding-bottom: 80px !important;}&#8221;][vc_column width=&#8221;2\/3&#8243;][vc_empty_space height=&#8221;20px&#8221;][vc_column_text] Veuillez suivre ces \u00e9tapes pour faire une demande pour\u00a0une place de garde subventionn\u00e9e. \u00c9tape 1: Pour assurer la r\u00e9alisation de votre&#8230;<\/p>\n","protected":false},"author":6,"featured_media":0,"parent":4062,"menu_order":0,"comment_status":"closed","ping_status":"closed","template":"full-width.php","meta":{"footnotes":""},"class_list":["post-4117","page","type-page","status-publish","hentry"],"yoast_head":"<!-- This site is optimized with the Yoast SEO plugin v27.4 - https:\/\/yoast.com\/product\/yoast-seo-wordpress\/ -->\n<title>Appliquer - Algoma DSAB - FR<\/title>\n<meta name=\"robots\" content=\"index, follow, max-snippet:-1, max-image-preview:large, max-video-preview:-1\" \/>\n<link rel=\"canonical\" href=\"https:\/\/www.adsab.on.ca\/fr\/services-sociaux\/services-a-lenfance\/appliquer\/\" \/>\n<meta property=\"og:locale\" content=\"en_US\" \/>\n<meta property=\"og:type\" content=\"article\" \/>\n<meta property=\"og:title\" content=\"Appliquer - Algoma DSAB - FR\" \/>\n<meta property=\"og:description\" content=\"[vc_row content_width=&#8221;grid&#8221; css=&#8221;.vc_custom_1607457188286{background-image: url(https:\/\/www.adsab.on.ca\/fr\/wp-content\/uploads\/2020\/12\/InternalBanner-Children-01.jpg?id=5031) !important;background-position: center !important;background-repeat: no-repeat !important;background-size: cover !important;}&#8221;][vc_column][vc_empty_space height=&#8221;400px&#8221;][vc_single_image image=&#8221;3888&#8243; img_size=&#8221;large&#8221; alignment=&#8221;center&#8221;][vc_empty_space height=&#8221;100px&#8221;][\/vc_column][\/vc_row][vc_row content_width=&#8221;grid&#8221; css=&#8221;.vc_custom_1597337749654{padding-top: 80px !important;padding-bottom: 80px !important;}&#8221;][vc_column width=&#8221;2\/3&#8243;][vc_empty_space height=&#8221;20px&#8221;][vc_column_text] Veuillez suivre ces \u00e9tapes pour faire une demande pour\u00a0une place de garde subventionn\u00e9e. \u00c9tape 1: Pour assurer la r\u00e9alisation de votre...\" \/>\n<meta property=\"og:url\" content=\"https:\/\/www.adsab.on.ca\/fr\/services-sociaux\/services-a-lenfance\/appliquer\/\" \/>\n<meta property=\"og:site_name\" content=\"Algoma DSAB - FR\" \/>\n<meta property=\"article:modified_time\" content=\"2023-09-25T11:47:30+00:00\" \/>\n<meta name=\"twitter:card\" content=\"summary_large_image\" \/>\n<meta name=\"twitter:label1\" content=\"Est. reading time\" \/>\n\t<meta name=\"twitter:data1\" content=\"2 minutes\" \/>\n<script type=\"application\/ld+json\" class=\"yoast-schema-graph\">{\"@context\":\"https:\\\/\\\/schema.org\",\"@graph\":[{\"@type\":\"WebPage\",\"@id\":\"https:\\\/\\\/www.adsab.on.ca\\\/fr\\\/services-sociaux\\\/services-a-lenfance\\\/appliquer\\\/\",\"url\":\"https:\\\/\\\/www.adsab.on.ca\\\/fr\\\/services-sociaux\\\/services-a-lenfance\\\/appliquer\\\/\",\"name\":\"Appliquer - Algoma DSAB - FR\",\"isPartOf\":{\"@id\":\"https:\\\/\\\/www.adsab.on.ca\\\/fr\\\/#website\"},\"datePublished\":\"2020-08-13T19:49:04+00:00\",\"dateModified\":\"2023-09-25T11:47:30+00:00\",\"breadcrumb\":{\"@id\":\"https:\\\/\\\/www.adsab.on.ca\\\/fr\\\/services-sociaux\\\/services-a-lenfance\\\/appliquer\\\/#breadcrumb\"},\"inLanguage\":\"en-US\",\"potentialAction\":[{\"@type\":\"ReadAction\",\"target\":[\"https:\\\/\\\/www.adsab.on.ca\\\/fr\\\/services-sociaux\\\/services-a-lenfance\\\/appliquer\\\/\"]}]},{\"@type\":\"BreadcrumbList\",\"@id\":\"https:\\\/\\\/www.adsab.on.ca\\\/fr\\\/services-sociaux\\\/services-a-lenfance\\\/appliquer\\\/#breadcrumb\",\"itemListElement\":[{\"@type\":\"ListItem\",\"position\":1,\"name\":\"Home\",\"item\":\"https:\\\/\\\/www.adsab.on.ca\\\/fr\\\/\"},{\"@type\":\"ListItem\",\"position\":2,\"name\":\"Services sociaux\",\"item\":\"https:\\\/\\\/www.adsab.on.ca\\\/fr\\\/services-sociaux\\\/\"},{\"@type\":\"ListItem\",\"position\":3,\"name\":\"Services \u00e0 l\u2019enfance\",\"item\":\"https:\\\/\\\/www.adsab.on.ca\\\/fr\\\/services-sociaux\\\/services-a-lenfance\\\/\"},{\"@type\":\"ListItem\",\"position\":4,\"name\":\"Appliquer\"}]},{\"@type\":\"WebSite\",\"@id\":\"https:\\\/\\\/www.adsab.on.ca\\\/fr\\\/#website\",\"url\":\"https:\\\/\\\/www.adsab.on.ca\\\/fr\\\/\",\"name\":\"Algoma DSAB - FR\",\"description\":\"\",\"potentialAction\":[{\"@type\":\"SearchAction\",\"target\":{\"@type\":\"EntryPoint\",\"urlTemplate\":\"https:\\\/\\\/www.adsab.on.ca\\\/fr\\\/?s={search_term_string}\"},\"query-input\":{\"@type\":\"PropertyValueSpecification\",\"valueRequired\":true,\"valueName\":\"search_term_string\"}}],\"inLanguage\":\"en-US\"}]}<\/script>\n<!-- \/ Yoast SEO plugin. -->","yoast_head_json":{"title":"Appliquer - Algoma DSAB - FR","robots":{"index":"index","follow":"follow","max-snippet":"max-snippet:-1","max-image-preview":"max-image-preview:large","max-video-preview":"max-video-preview:-1"},"canonical":"https:\/\/www.adsab.on.ca\/fr\/services-sociaux\/services-a-lenfance\/appliquer\/","og_locale":"en_US","og_type":"article","og_title":"Appliquer - Algoma DSAB - FR","og_description":"[vc_row content_width=&#8221;grid&#8221; css=&#8221;.vc_custom_1607457188286{background-image: url(https:\/\/www.adsab.on.ca\/fr\/wp-content\/uploads\/2020\/12\/InternalBanner-Children-01.jpg?id=5031) !important;background-position: center !important;background-repeat: no-repeat !important;background-size: cover !important;}&#8221;][vc_column][vc_empty_space height=&#8221;400px&#8221;][vc_single_image image=&#8221;3888&#8243; img_size=&#8221;large&#8221; alignment=&#8221;center&#8221;][vc_empty_space height=&#8221;100px&#8221;][\/vc_column][\/vc_row][vc_row content_width=&#8221;grid&#8221; css=&#8221;.vc_custom_1597337749654{padding-top: 80px !important;padding-bottom: 80px !important;}&#8221;][vc_column width=&#8221;2\/3&#8243;][vc_empty_space height=&#8221;20px&#8221;][vc_column_text] Veuillez suivre ces \u00e9tapes pour faire une demande pour\u00a0une place de garde subventionn\u00e9e. \u00c9tape 1: Pour assurer la r\u00e9alisation de votre...","og_url":"https:\/\/www.adsab.on.ca\/fr\/services-sociaux\/services-a-lenfance\/appliquer\/","og_site_name":"Algoma DSAB - FR","article_modified_time":"2023-09-25T11:47:30+00:00","twitter_card":"summary_large_image","twitter_misc":{"Est. reading time":"2 minutes"},"schema":{"@context":"https:\/\/schema.org","@graph":[{"@type":"WebPage","@id":"https:\/\/www.adsab.on.ca\/fr\/services-sociaux\/services-a-lenfance\/appliquer\/","url":"https:\/\/www.adsab.on.ca\/fr\/services-sociaux\/services-a-lenfance\/appliquer\/","name":"Appliquer - Algoma DSAB - FR","isPartOf":{"@id":"https:\/\/www.adsab.on.ca\/fr\/#website"},"datePublished":"2020-08-13T19:49:04+00:00","dateModified":"2023-09-25T11:47:30+00:00","breadcrumb":{"@id":"https:\/\/www.adsab.on.ca\/fr\/services-sociaux\/services-a-lenfance\/appliquer\/#breadcrumb"},"inLanguage":"en-US","potentialAction":[{"@type":"ReadAction","target":["https:\/\/www.adsab.on.ca\/fr\/services-sociaux\/services-a-lenfance\/appliquer\/"]}]},{"@type":"BreadcrumbList","@id":"https:\/\/www.adsab.on.ca\/fr\/services-sociaux\/services-a-lenfance\/appliquer\/#breadcrumb","itemListElement":[{"@type":"ListItem","position":1,"name":"Home","item":"https:\/\/www.adsab.on.ca\/fr\/"},{"@type":"ListItem","position":2,"name":"Services sociaux","item":"https:\/\/www.adsab.on.ca\/fr\/services-sociaux\/"},{"@type":"ListItem","position":3,"name":"Services \u00e0 l\u2019enfance","item":"https:\/\/www.adsab.on.ca\/fr\/services-sociaux\/services-a-lenfance\/"},{"@type":"ListItem","position":4,"name":"Appliquer"}]},{"@type":"WebSite","@id":"https:\/\/www.adsab.on.ca\/fr\/#website","url":"https:\/\/www.adsab.on.ca\/fr\/","name":"Algoma DSAB - FR","description":"","potentialAction":[{"@type":"SearchAction","target":{"@type":"EntryPoint","urlTemplate":"https:\/\/www.adsab.on.ca\/fr\/?s={search_term_string}"},"query-input":{"@type":"PropertyValueSpecification","valueRequired":true,"valueName":"search_term_string"}}],"inLanguage":"en-US"}]}},"_links":{"self":[{"href":"https:\/\/www.adsab.on.ca\/fr\/wp-json\/wp\/v2\/pages\/4117","targetHints":{"allow":["GET"]}}],"collection":[{"href":"https:\/\/www.adsab.on.ca\/fr\/wp-json\/wp\/v2\/pages"}],"about":[{"href":"https:\/\/www.adsab.on.ca\/fr\/wp-json\/wp\/v2\/types\/page"}],"author":[{"embeddable":true,"href":"https:\/\/www.adsab.on.ca\/fr\/wp-json\/wp\/v2\/users\/6"}],"replies":[{"embeddable":true,"href":"https:\/\/www.adsab.on.ca\/fr\/wp-json\/wp\/v2\/comments?post=4117"}],"version-history":[{"count":27,"href":"https:\/\/www.adsab.on.ca\/fr\/wp-json\/wp\/v2\/pages\/4117\/revisions"}],"predecessor-version":[{"id":5229,"href":"https:\/\/www.adsab.on.ca\/fr\/wp-json\/wp\/v2\/pages\/4117\/revisions\/5229"}],"up":[{"embeddable":true,"href":"https:\/\/www.adsab.on.ca\/fr\/wp-json\/wp\/v2\/pages\/4062"}],"wp:attachment":[{"href":"https:\/\/www.adsab.on.ca\/fr\/wp-json\/wp\/v2\/media?parent=4117"}],"curies":[{"name":"wp","href":"https:\/\/api.w.org\/{rel}","templated":true}]}}