{"id":4131,"date":"2020-08-13T15:56:51","date_gmt":"2020-08-13T19:56:51","guid":{"rendered":"https:\/\/www.adsab.on.ca\/fr\/?page_id=4131"},"modified":"2026-04-10T13:44:17","modified_gmt":"2026-04-10T18:44:17","slug":"appliquer","status":"publish","type":"page","link":"https:\/\/www.adsab.on.ca\/fr\/services-sociaux\/services-de-logement\/appliquer\/","title":{"rendered":"Appliquer"},"content":{"rendered":"<div class=\"wpb-content-wrapper\"><p>[vc_row content_width=&#8221;grid&#8221; css=&#8221;.vc_custom_1607457337711{background-image: url(https:\/\/www.adsab.on.ca\/fr\/wp-content\/uploads\/2020\/12\/InternalBanner-Housing-01.jpg?id=5030) !important;background-position: center !important;background-repeat: no-repeat !important;background-size: cover !important;}&#8221;][vc_column][vc_empty_space height=&#8221;400px&#8221;][vc_single_image image=&#8221;3888&#8243; img_size=&#8221;large&#8221; alignment=&#8221;center&#8221;][vc_empty_space height=&#8221;100px&#8221;][\/vc_column][\/vc_row][vc_row content_width=&#8221;grid&#8221; css=&#8221;.vc_custom_1597337749654{padding-top: 80px !important;padding-bottom: 80px !important;}&#8221;][vc_column width=&#8221;2\/3&#8243;][vc_empty_space height=&#8221;20px&#8221;]<div class=\"mkd-section-title-holder\">\n\t<h2 class=\"mkd-section-title mkd-section-title-medium\" style=\"color: #eb1f23;text-align: left\">\n\tEst-ce que je suis admissible?<\/h2>\n<\/div>[vc_column_text]<\/p>\n<div class=\"et_pb_row_inner et_pb_row_inner_0\">\n<div class=\"et_pb_column et_pb_column_4_4 et_pb_column_inner et_pb_column_inner_0 et-last-child\">\n<div class=\"et_pb_module et_pb_text et_pb_text_0 et_pb_text_align_left et_pb_bg_layout_light\">\n<div class=\"et_pb_text_inner\">\n<p>Pour \u00eatre admissible a un logement social, vous devez rencontrer tous les crit\u00e8res suivants:<\/p>\n<ul>\n<li>Au moins un membre du m\u00e9nage a 18 \u00a0ans ou plus et peut vivre de fa\u00e7on ind\u00e9pendante, et;<\/li>\n<li>Chaque membre du m\u00e9nage doit rencontrer au moins un des crit\u00e8res suivants:\n<ul>\n<li>Est un citoyen canadien,<\/li>\n<li>A fait une demande pour \u00eatre en r\u00e8gle en tant que r\u00e9sidant permanent en vertu de la Loi sur l\u2019immigration et la protection des r\u00e9fugi\u00e9s (Canada), ou<\/li>\n<li>A fait une r\u00e9clamation pour la protection des r\u00e9fugi\u00e9s en vertu de la Loi sur l\u2019immigration et la protection des r\u00e9fugi\u00e9s (Canada), et;<\/li>\n<\/ul>\n<\/li>\n<li>Vous ou tout autre membre du m\u00e9nage ne devez pas des arr\u00e9rages aff\u00e9rents a une location pr\u00e9c\u00e9dente dans aucun programme de logement partout dans la province d\u2019Ontario, et;<\/li>\n<li>Vous ou tout autre membre du m\u00e9nage n\u2019avez pas \u00e9t\u00e9 d\u00e9clar\u00e9 coupable d\u2019une infraction ayant trait \u00e0 de l\u2019aide pour un loyer fond\u00e9 sur le revenu par une cour de justice du Conseil des conflits locatifs .<\/li>\n<\/ul>\n<p><strong>NOTE:\u00a0<\/strong><em>un individu peut vivre de fa\u00e7on ind\u00e9pendante si lui ou elle peut ex\u00e9cuter les activit\u00e9s essentielles normales de la vie de tous les jours, soit de fa\u00e7on ind\u00e9pendante ou avec l\u2019aide des services d\u2019appui fournis lorsque n\u00e9cessaire.<\/em><\/p>\n<h2>Comment faire la demande:<\/h2>\n<p>Vous pouvez commencer le processus de demande en imprimant la demande en ligne ou vous pouvez ramasser une copie papier dans un bureau de votre r\u00e9gion. Veuillez vous assurer que tous les documents pertinents soient fournis avec la demande compl\u00e9t\u00e9e et sign\u00e9e .<\/p>\n<p>Toutes les applications se trouvent au bas de cette page.<\/p>\n<p>Lorsque votre demande est re\u00e7ue, l\u2019admissibilit\u00e9 sera d\u00e9termin\u00e9e et vous recevrez une lettre vous avisant que \u00a0avez \u00e9t\u00e9 plac\u00e9\u00a0 sur la liste d\u2019attente centralis\u00e9e pour les unit\u00e9s\/r\u00e9gions pour lesquels vous \u00eates admissible.<\/p>\n<p>Une fois que votre nom est le premier sur la liste d\u2019attente centralis\u00e9e et une unit\u00e9 devient disponible on communiquera avec vous pour vous faire une offre pour \u00a0l\u2019unit\u00e9. Lorsque vous avez accept\u00e9 cette unit\u00e9, vous aurez un rendez-vous pour rencontrer un travailleur du service \u00e0 la client\u00e8le. On vous demandera de fournir des renseignements \u00e0 jour au sujet de votre revenu et de vos avoirs. Vous devrez \u00e9galement compl\u00e9ter un formulaire au sujet de la composition du m\u00e9nage, des revenus et des avoirs afin de compl\u00e9ter le calcul de votre loyer fond\u00e9 sur le revenu.<\/p>\n<p>Une fois que le loyer fond\u00e9 sur le revenu sera d\u00e9termin\u00e9, on vous donnera un rendez-vous (jour et heure) pour rencontrer le superviseur de l\u2019immobilier r\u00e9sidentiel pour revoir et signer votre contrat de location (bail), payer votre premier mois de loyer et prendre les mesures \u00a0n\u00e9cessaires pour recevoir les cl\u00e9s de votre unit\u00e9.<\/p>\n<p>Veuillez lire la section de\u00a0<a href=\"https:\/\/www.adsab.on.ca\/fr\/services-sociaux\/housing-services\/housing-services-faq\/\">FAQ (foire aux questions)<\/a>\u00a0\u00a0pour toutes autres questions ou\u00a0<a href=\"https:\/\/www.adsab.on.ca\/fr\/contact-directory\/\">communiquez avec le bureau pour de plus amples renseignements \u00a0\u00a0et pour recevoir de l\u2019aide.<\/a><\/p>\n<\/div>\n<\/div>\n<\/div>\n<\/div>\n<p>[\/vc_column_text][vc_empty_space height=&#8221;30px&#8221;]<div class=\"mkd-section-title-holder\">\n\t<h2 class=\"mkd-section-title mkd-section-title-medium\" style=\"color: #eb1f23;text-align: left\">\n\tFormes<\/h2>\n<\/div>[vc_column_text css=&#8221;&#8221;]<a href=\"https:\/\/www.adsab.on.ca\/fr\/wp-content\/uploads\/2026\/04\/HS-84-Indiana-Fillable-Application-FR.pdf\" target=\"_blank\" rel=\"noopener noreferrer\">Demande des services de logement pour 84, avenue Indiana, Blind River (pdf)<\/a><\/p>\n<p><a href=\"https:\/\/www.adsab.on.ca\/fr\/wp-content\/uploads\/2025\/02\/HS-Demande-des-services-de-logement-2025-02-03.pdf\" target=\"_blank\" rel=\"noopener noreferrer\">Demande des services de logement (pdf)<\/a><\/p>\n<p><a href=\"https:\/\/www.adsab.on.ca\/fr\/wp-content\/uploads\/2023\/02\/HS-Formulaire-de-selection-dun-emplacement-de-logement-2023-02-06.pdf\" target=\"_blank\" rel=\"noopener\">Formulaire de s\u00e9lection d\u2019un emplacement de logement (pdf)<\/a><\/p>\n<p><a href=\"https:\/\/www.adsab.on.ca\/fr\/wp-content\/uploads\/2022\/02\/HS-Demande-des-services-de-logement-2022-02-09.pdf\" target=\"_blank\" rel=\"noopener noreferrer\">Demande d\u2019entretien-r\u00e9paration (pdf)<\/a><\/p>\n<p><a href=\"https:\/\/www.adsab.on.ca\/fr\/wp-content\/uploads\/2021\/09\/HS-Tenant-Complaint-Form-FR-2021-09-02.pdf\" target=\"_blank\" rel=\"noopener noreferrer\">Formulaire de plainte (pdf)<\/a><\/p>\n<p><a href=\"https:\/\/www.adsab.on.ca\/fr\/wp-content\/uploads\/2022\/11\/HS-FR-Formulaire-de-demande-de-statut-prioritaire-pour-violence-domestique-traite-des-etres-humains-2022-11-02.pdf\" target=\"_blank\" rel=\"noopener\">Formulaire de demande de statut prioritaire pour violence domestique-traite des \u00eatres humains (pdf)<\/a><\/p>\n<p><a href=\"https:\/\/www.adsab.on.ca\/fr\/wp-content\/uploads\/2022\/02\/HS-FORMULAIRE-DE-DEMANDE-DE-STATUT-MEDICAL-PRIORITAIRE-2022-02-09.pdf\" target=\"_blank\" rel=\"noopener\">FORMULAIRE DE DEMANDE DE STATUT MEDICAL PRIORITAIRE (pdf)<\/a><\/p>\n<p><a href=\"https:\/\/www.adsab.on.ca\/fr\/wp-content\/uploads\/2023\/02\/HS-FORMULAIRE-DE-DEMANDE-DE-TRANSFERT-DE-LOGEMENT-2023-02-06.pdf\" target=\"_blank\" rel=\"noopener noreferrer\">FORMULAIRE DE DEMANDE DE TRANSFERT DE LOGEMENT (pdf)<\/a><\/p>\n<p><a href=\"https:\/\/www.adsab.on.ca\/fr\/wp-content\/uploads\/2022\/11\/HS-FR-Formulaire-de-demande-de-services-dentretien-du-locataire-2022-11-02.pdf\" target=\"_blank\" rel=\"noopener\">Formulaire de demande de services d\u2019entretien du locataire (pdf)<\/a><\/p>\n<p><a href=\"https:\/\/www.adsab.on.ca\/fr\/wp-content\/uploads\/2025\/02\/HS-FORMULAIRE-DE-MISE-A-JOUR-POUR-LA-LISTE-DATTENTE-DE-LOGEMENT-2025-02-03.pdf\" target=\"_blank\" rel=\"noopener\">FORMULAIRE DE MISE \u00c0 JOUR POUR LA LISTE D\u2019ATTENTE DE LOGEMENT (pdf)<\/a><\/p>\n<p><a href=\"https:\/\/www.adsab.on.ca\/fr\/wp-content\/uploads\/2025\/02\/HS-Composition-du-menage-revenu-et-formulaire-dactif-2025-02-03.pdf\" target=\"_blank\" rel=\"noopener\">Composition du m\u00e9nage, revenu et formulaire d\u2019actifs (pdf)<\/a>[\/vc_column_text][vc_empty_space height=&#8221;30px&#8221;][vc_row_inner css=&#8221;.vc_custom_1600711463261{padding-top: 30px !important;padding-right: 40px !important;padding-bottom: 40px !important;padding-left: 40px !important;background-color: #3852a2 !important;}&#8221;][vc_column_inner][vc_column_text]<\/p>\n<h4 style=\"color: #ffffff;\">Processus d\u2019appel<\/h4>\n<p><span style=\"color: #ffffff;\">Veuillez communiquer avec votre bureau local pour de plus amples renseignements au sujet d\u2019un processus d\u2019appel.<\/span>[\/vc_column_text][\/vc_column_inner][\/vc_row_inner][\/vc_column][vc_column width=&#8221;1\/3&#8243;][vc_widget_sidebar sidebar_id=&#8221;sidebar-3&#8243;][\/vc_column][\/vc_row]<\/p>\n<\/div>","protected":false},"excerpt":{"rendered":"<p>[vc_row content_width=&#8221;grid&#8221; css=&#8221;.vc_custom_1607457337711{background-image: url(https:\/\/www.adsab.on.ca\/fr\/wp-content\/uploads\/2020\/12\/InternalBanner-Housing-01.jpg?id=5030) !important;background-position: center !important;background-repeat: no-repeat !important;background-size: cover !important;}&#8221;][vc_column][vc_empty_space height=&#8221;400px&#8221;][vc_single_image image=&#8221;3888&#8243; img_size=&#8221;large&#8221; alignment=&#8221;center&#8221;][vc_empty_space height=&#8221;100px&#8221;][\/vc_column][\/vc_row][vc_row content_width=&#8221;grid&#8221; css=&#8221;.vc_custom_1597337749654{padding-top: 80px !important;padding-bottom: 80px !important;}&#8221;][vc_column width=&#8221;2\/3&#8243;][vc_empty_space height=&#8221;20px&#8221;][vc_column_text] Pour \u00eatre admissible a un logement social, vous devez rencontrer tous les crit\u00e8res suivants: Au moins un membre du m\u00e9nage a&#8230;<\/p>\n","protected":false},"author":6,"featured_media":0,"parent":4100,"menu_order":0,"comment_status":"closed","ping_status":"closed","template":"full-width.php","meta":{"footnotes":""},"class_list":["post-4131","page","type-page","status-publish","hentry"],"yoast_head":"<!-- This site is optimized with the Yoast SEO plugin v27.4 - https:\/\/yoast.com\/product\/yoast-seo-wordpress\/ -->\n<title>Appliquer - Algoma DSAB - FR<\/title>\n<meta name=\"robots\" content=\"index, follow, max-snippet:-1, max-image-preview:large, max-video-preview:-1\" \/>\n<link rel=\"canonical\" href=\"https:\/\/www.adsab.on.ca\/fr\/services-sociaux\/services-de-logement\/appliquer\/\" \/>\n<meta property=\"og:locale\" content=\"en_US\" \/>\n<meta property=\"og:type\" content=\"article\" \/>\n<meta property=\"og:title\" content=\"Appliquer - Algoma DSAB - FR\" \/>\n<meta property=\"og:description\" content=\"[vc_row content_width=&#8221;grid&#8221; css=&#8221;.vc_custom_1607457337711{background-image: url(https:\/\/www.adsab.on.ca\/fr\/wp-content\/uploads\/2020\/12\/InternalBanner-Housing-01.jpg?id=5030) !important;background-position: center !important;background-repeat: no-repeat !important;background-size: cover !important;}&#8221;][vc_column][vc_empty_space height=&#8221;400px&#8221;][vc_single_image image=&#8221;3888&#8243; img_size=&#8221;large&#8221; alignment=&#8221;center&#8221;][vc_empty_space height=&#8221;100px&#8221;][\/vc_column][\/vc_row][vc_row content_width=&#8221;grid&#8221; css=&#8221;.vc_custom_1597337749654{padding-top: 80px !important;padding-bottom: 80px !important;}&#8221;][vc_column width=&#8221;2\/3&#8243;][vc_empty_space height=&#8221;20px&#8221;][vc_column_text] Pour \u00eatre admissible a un logement social, vous devez rencontrer tous les crit\u00e8res suivants: Au moins un membre du m\u00e9nage a...\" \/>\n<meta property=\"og:url\" content=\"https:\/\/www.adsab.on.ca\/fr\/services-sociaux\/services-de-logement\/appliquer\/\" \/>\n<meta property=\"og:site_name\" content=\"Algoma DSAB - FR\" \/>\n<meta property=\"article:modified_time\" content=\"2026-04-10T18:44:17+00:00\" \/>\n<meta name=\"twitter:card\" content=\"summary_large_image\" \/>\n<meta name=\"twitter:label1\" content=\"Est. reading time\" \/>\n\t<meta name=\"twitter:data1\" content=\"3 minutes\" \/>\n<script type=\"application\/ld+json\" class=\"yoast-schema-graph\">{\"@context\":\"https:\\\/\\\/schema.org\",\"@graph\":[{\"@type\":\"WebPage\",\"@id\":\"https:\\\/\\\/www.adsab.on.ca\\\/fr\\\/services-sociaux\\\/services-de-logement\\\/appliquer\\\/\",\"url\":\"https:\\\/\\\/www.adsab.on.ca\\\/fr\\\/services-sociaux\\\/services-de-logement\\\/appliquer\\\/\",\"name\":\"Appliquer - Algoma DSAB - FR\",\"isPartOf\":{\"@id\":\"https:\\\/\\\/www.adsab.on.ca\\\/fr\\\/#website\"},\"datePublished\":\"2020-08-13T19:56:51+00:00\",\"dateModified\":\"2026-04-10T18:44:17+00:00\",\"breadcrumb\":{\"@id\":\"https:\\\/\\\/www.adsab.on.ca\\\/fr\\\/services-sociaux\\\/services-de-logement\\\/appliquer\\\/#breadcrumb\"},\"inLanguage\":\"en-US\",\"potentialAction\":[{\"@type\":\"ReadAction\",\"target\":[\"https:\\\/\\\/www.adsab.on.ca\\\/fr\\\/services-sociaux\\\/services-de-logement\\\/appliquer\\\/\"]}]},{\"@type\":\"BreadcrumbList\",\"@id\":\"https:\\\/\\\/www.adsab.on.ca\\\/fr\\\/services-sociaux\\\/services-de-logement\\\/appliquer\\\/#breadcrumb\",\"itemListElement\":[{\"@type\":\"ListItem\",\"position\":1,\"name\":\"Home\",\"item\":\"https:\\\/\\\/www.adsab.on.ca\\\/fr\\\/\"},{\"@type\":\"ListItem\",\"position\":2,\"name\":\"Services sociaux\",\"item\":\"https:\\\/\\\/www.adsab.on.ca\\\/fr\\\/services-sociaux\\\/\"},{\"@type\":\"ListItem\",\"position\":3,\"name\":\"Services de Logement\",\"item\":\"https:\\\/\\\/www.adsab.on.ca\\\/fr\\\/services-sociaux\\\/services-de-logement\\\/\"},{\"@type\":\"ListItem\",\"position\":4,\"name\":\"Appliquer\"}]},{\"@type\":\"WebSite\",\"@id\":\"https:\\\/\\\/www.adsab.on.ca\\\/fr\\\/#website\",\"url\":\"https:\\\/\\\/www.adsab.on.ca\\\/fr\\\/\",\"name\":\"Algoma DSAB - FR\",\"description\":\"\",\"potentialAction\":[{\"@type\":\"SearchAction\",\"target\":{\"@type\":\"EntryPoint\",\"urlTemplate\":\"https:\\\/\\\/www.adsab.on.ca\\\/fr\\\/?s={search_term_string}\"},\"query-input\":{\"@type\":\"PropertyValueSpecification\",\"valueRequired\":true,\"valueName\":\"search_term_string\"}}],\"inLanguage\":\"en-US\"}]}<\/script>\n<!-- \/ Yoast SEO plugin. -->","yoast_head_json":{"title":"Appliquer - Algoma DSAB - FR","robots":{"index":"index","follow":"follow","max-snippet":"max-snippet:-1","max-image-preview":"max-image-preview:large","max-video-preview":"max-video-preview:-1"},"canonical":"https:\/\/www.adsab.on.ca\/fr\/services-sociaux\/services-de-logement\/appliquer\/","og_locale":"en_US","og_type":"article","og_title":"Appliquer - Algoma DSAB - FR","og_description":"[vc_row content_width=&#8221;grid&#8221; css=&#8221;.vc_custom_1607457337711{background-image: url(https:\/\/www.adsab.on.ca\/fr\/wp-content\/uploads\/2020\/12\/InternalBanner-Housing-01.jpg?id=5030) !important;background-position: center !important;background-repeat: no-repeat !important;background-size: cover !important;}&#8221;][vc_column][vc_empty_space height=&#8221;400px&#8221;][vc_single_image image=&#8221;3888&#8243; img_size=&#8221;large&#8221; alignment=&#8221;center&#8221;][vc_empty_space height=&#8221;100px&#8221;][\/vc_column][\/vc_row][vc_row content_width=&#8221;grid&#8221; css=&#8221;.vc_custom_1597337749654{padding-top: 80px !important;padding-bottom: 80px !important;}&#8221;][vc_column width=&#8221;2\/3&#8243;][vc_empty_space height=&#8221;20px&#8221;][vc_column_text] Pour \u00eatre admissible a un logement social, vous devez rencontrer tous les crit\u00e8res suivants: Au moins un membre du m\u00e9nage a...","og_url":"https:\/\/www.adsab.on.ca\/fr\/services-sociaux\/services-de-logement\/appliquer\/","og_site_name":"Algoma DSAB - FR","article_modified_time":"2026-04-10T18:44:17+00:00","twitter_card":"summary_large_image","twitter_misc":{"Est. reading time":"3 minutes"},"schema":{"@context":"https:\/\/schema.org","@graph":[{"@type":"WebPage","@id":"https:\/\/www.adsab.on.ca\/fr\/services-sociaux\/services-de-logement\/appliquer\/","url":"https:\/\/www.adsab.on.ca\/fr\/services-sociaux\/services-de-logement\/appliquer\/","name":"Appliquer - Algoma DSAB - FR","isPartOf":{"@id":"https:\/\/www.adsab.on.ca\/fr\/#website"},"datePublished":"2020-08-13T19:56:51+00:00","dateModified":"2026-04-10T18:44:17+00:00","breadcrumb":{"@id":"https:\/\/www.adsab.on.ca\/fr\/services-sociaux\/services-de-logement\/appliquer\/#breadcrumb"},"inLanguage":"en-US","potentialAction":[{"@type":"ReadAction","target":["https:\/\/www.adsab.on.ca\/fr\/services-sociaux\/services-de-logement\/appliquer\/"]}]},{"@type":"BreadcrumbList","@id":"https:\/\/www.adsab.on.ca\/fr\/services-sociaux\/services-de-logement\/appliquer\/#breadcrumb","itemListElement":[{"@type":"ListItem","position":1,"name":"Home","item":"https:\/\/www.adsab.on.ca\/fr\/"},{"@type":"ListItem","position":2,"name":"Services sociaux","item":"https:\/\/www.adsab.on.ca\/fr\/services-sociaux\/"},{"@type":"ListItem","position":3,"name":"Services de Logement","item":"https:\/\/www.adsab.on.ca\/fr\/services-sociaux\/services-de-logement\/"},{"@type":"ListItem","position":4,"name":"Appliquer"}]},{"@type":"WebSite","@id":"https:\/\/www.adsab.on.ca\/fr\/#website","url":"https:\/\/www.adsab.on.ca\/fr\/","name":"Algoma DSAB - FR","description":"","potentialAction":[{"@type":"SearchAction","target":{"@type":"EntryPoint","urlTemplate":"https:\/\/www.adsab.on.ca\/fr\/?s={search_term_string}"},"query-input":{"@type":"PropertyValueSpecification","valueRequired":true,"valueName":"search_term_string"}}],"inLanguage":"en-US"}]}},"_links":{"self":[{"href":"https:\/\/www.adsab.on.ca\/fr\/wp-json\/wp\/v2\/pages\/4131","targetHints":{"allow":["GET"]}}],"collection":[{"href":"https:\/\/www.adsab.on.ca\/fr\/wp-json\/wp\/v2\/pages"}],"about":[{"href":"https:\/\/www.adsab.on.ca\/fr\/wp-json\/wp\/v2\/types\/page"}],"author":[{"embeddable":true,"href":"https:\/\/www.adsab.on.ca\/fr\/wp-json\/wp\/v2\/users\/6"}],"replies":[{"embeddable":true,"href":"https:\/\/www.adsab.on.ca\/fr\/wp-json\/wp\/v2\/comments?post=4131"}],"version-history":[{"count":47,"href":"https:\/\/www.adsab.on.ca\/fr\/wp-json\/wp\/v2\/pages\/4131\/revisions"}],"predecessor-version":[{"id":5366,"href":"https:\/\/www.adsab.on.ca\/fr\/wp-json\/wp\/v2\/pages\/4131\/revisions\/5366"}],"up":[{"embeddable":true,"href":"https:\/\/www.adsab.on.ca\/fr\/wp-json\/wp\/v2\/pages\/4100"}],"wp:attachment":[{"href":"https:\/\/www.adsab.on.ca\/fr\/wp-json\/wp\/v2\/media?parent=4131"}],"curies":[{"name":"wp","href":"https:\/\/api.w.org\/{rel}","templated":true}]}}