{"id":4274,"date":"2020-08-18T16:38:54","date_gmt":"2020-08-18T20:38:54","guid":{"rendered":"https:\/\/www.adsab.on.ca\/fr\/?page_id=4274"},"modified":"2020-12-04T10:45:04","modified_gmt":"2020-12-04T14:45:04","slug":"controle-medical-et-developpement-du-personnel","status":"publish","type":"page","link":"https:\/\/www.adsab.on.ca\/fr\/services-paramedicaux\/nos-procedures\/controle-medical-et-developpement-du-personnel\/","title":{"rendered":"Contr\u00f4le M\u00e9dical et D\u00e9veloppement du Personnel"},"content":{"rendered":"<div class=\"wpb-content-wrapper\"><p>[vc_row content_width=&#8221;grid&#8221; css=&#8221;.vc_custom_1598379507622{background-image: url(https:\/\/www.adsab.on.ca\/fr\/wp-content\/uploads\/2020\/07\/InternalBanner-ParamedicServices-01.jpg?id=3915) !important;background-position: center !important;background-repeat: no-repeat !important;background-size: cover !important;}&#8221;][vc_column][vc_empty_space height=&#8221;400px&#8221;][vc_single_image image=&#8221;3888&#8243; img_size=&#8221;large&#8221; alignment=&#8221;center&#8221;][vc_empty_space height=&#8221;100px&#8221;][\/vc_column][\/vc_row][vc_row content_width=&#8221;grid&#8221; css=&#8221;.vc_custom_1597337749654{padding-top: 80px !important;padding-bottom: 80px !important;}&#8221;][vc_column width=&#8221;2\/3&#8243;][vc_empty_space height=&#8221;20px&#8221;]<div class=\"mkd-section-title-holder\">\n\t<h2 class=\"mkd-section-title mkd-section-title-medium\" style=\"color: #eb1f23;text-align: left\">\n\tMedical Control<\/h2>\n<\/div>[vc_column_text]The delivery of pre-hospital care in the District of Algoma is informed and supported by the medical direction of a licensed emergency physician with the Northeastern Ontario Prehospital Care program based in Sudbury.<\/p>\n<p>The Medical Director collaborates with emergency physicians in the Provincial Base Hospital community through a Medical Advisory Committee, seeking their input and feedback on trends, changes and the results of pre-hospital care.[\/vc_column_text][vc_empty_space height=&#8221;30px&#8221;]<div class=\"mkd-section-title-holder\">\n\t<h2 class=\"mkd-section-title mkd-section-title-medium\" style=\"color: #eb1f23;text-align: left\">\n\tStaff Development<\/h2>\n<\/div>[vc_column_text]<\/p>\n<div class=\"et_pb_row_inner et_pb_row_inner_0\">\n<div class=\"et_pb_column et_pb_column_4_4 et_pb_column_inner et_pb_column_inner_0 et-last-child\">\n<div class=\"et_pb_module et_pb_text et_pb_text_0 et_pb_text_align_left et_pb_bg_layout_light\">\n<div class=\"et_pb_text_inner\">\n<p>The goal of Algoma District Paramedic Services staff development is to enhance and further the knowledge and skill base of paramedics while also ensuring a familiarity with existing standards.<\/p>\n<p>Given the extraordinarily large geographic area of the district covered, approximately 48,000 sq. kms, Algoma District Paramedic Services continues in its efforts to make use of the benefits of technology to bring learning solutions to staff in the field. Using computer workstations and Internet access available in all of our stations, we have been able to efficiently deliver educational material to staff. This allows for a rapid adaptation to evolving patient care issues, to the benefit of those we serve.<\/p>\n<p>Staff development also includes a student placement component. The Deputy Chief of Algoma District Paramedic Services coordinates the placement of both secondary school co-op students as well as college paramedic students with practicing paramedics. Secondary school students are given the opportunity to observe paramedics on a daily basis as they go about their duties so that they may decide if a career in paramedicine is something they may wish to pursue. College paramedic students complete their program required field placement hours and gain valuable experience in providing patient care under the direct supervision of paramedics while simultaneously being exposed to the day to day operations of Algoma District Paramedic Services and seeing what our service has to offer.<\/p>\n<\/div>\n<\/div>\n<\/div>\n<\/div>\n<p>[\/vc_column_text][\/vc_column][vc_column width=&#8221;1\/3&#8243;][vc_widget_sidebar sidebar_id=&#8221;sidebar-2&#8243;][\/vc_column][\/vc_row]<\/p>\n<\/div>","protected":false},"excerpt":{"rendered":"<p>[vc_row content_width=&#8221;grid&#8221; css=&#8221;.vc_custom_1598379507622{background-image: url(https:\/\/www.adsab.on.ca\/fr\/wp-content\/uploads\/2020\/07\/InternalBanner-ParamedicServices-01.jpg?id=3915) !important;background-position: center !important;background-repeat: no-repeat !important;background-size: cover !important;}&#8221;][vc_column][vc_empty_space height=&#8221;400px&#8221;][vc_single_image image=&#8221;3888&#8243; img_size=&#8221;large&#8221; alignment=&#8221;center&#8221;][vc_empty_space height=&#8221;100px&#8221;][\/vc_column][\/vc_row][vc_row content_width=&#8221;grid&#8221; css=&#8221;.vc_custom_1597337749654{padding-top: 80px !important;padding-bottom: 80px !important;}&#8221;][vc_column width=&#8221;2\/3&#8243;][vc_empty_space height=&#8221;20px&#8221;][vc_column_text]The delivery of pre-hospital care in the District of Algoma is informed and supported by the medical direction of a licensed emergency&#8230;<\/p>\n","protected":false},"author":6,"featured_media":0,"parent":4251,"menu_order":0,"comment_status":"closed","ping_status":"closed","template":"full-width.php","meta":{"footnotes":""},"class_list":["post-4274","page","type-page","status-publish","hentry"],"yoast_head":"<!-- This site is optimized with the Yoast SEO plugin v27.4 - https:\/\/yoast.com\/product\/yoast-seo-wordpress\/ -->\n<title>Contr\u00f4le M\u00e9dical et D\u00e9veloppement du Personnel - Algoma DSAB - FR<\/title>\n<meta name=\"robots\" content=\"index, follow, max-snippet:-1, max-image-preview:large, max-video-preview:-1\" \/>\n<link rel=\"canonical\" href=\"https:\/\/www.adsab.on.ca\/fr\/services-paramedicaux\/nos-procedures\/controle-medical-et-developpement-du-personnel\/\" \/>\n<meta property=\"og:locale\" content=\"en_US\" \/>\n<meta property=\"og:type\" content=\"article\" \/>\n<meta property=\"og:title\" content=\"Contr\u00f4le M\u00e9dical et D\u00e9veloppement du Personnel - Algoma DSAB - FR\" \/>\n<meta property=\"og:description\" content=\"[vc_row content_width=&#8221;grid&#8221; css=&#8221;.vc_custom_1598379507622{background-image: url(https:\/\/www.adsab.on.ca\/fr\/wp-content\/uploads\/2020\/07\/InternalBanner-ParamedicServices-01.jpg?id=3915) !important;background-position: center !important;background-repeat: no-repeat !important;background-size: cover !important;}&#8221;][vc_column][vc_empty_space height=&#8221;400px&#8221;][vc_single_image image=&#8221;3888&#8243; img_size=&#8221;large&#8221; alignment=&#8221;center&#8221;][vc_empty_space height=&#8221;100px&#8221;][\/vc_column][\/vc_row][vc_row content_width=&#8221;grid&#8221; css=&#8221;.vc_custom_1597337749654{padding-top: 80px !important;padding-bottom: 80px !important;}&#8221;][vc_column width=&#8221;2\/3&#8243;][vc_empty_space height=&#8221;20px&#8221;][vc_column_text]The delivery of pre-hospital care in the District of Algoma is informed and supported by the medical direction of a licensed emergency...\" \/>\n<meta property=\"og:url\" content=\"https:\/\/www.adsab.on.ca\/fr\/services-paramedicaux\/nos-procedures\/controle-medical-et-developpement-du-personnel\/\" \/>\n<meta property=\"og:site_name\" content=\"Algoma DSAB - FR\" \/>\n<meta property=\"article:modified_time\" content=\"2020-12-04T14:45:04+00:00\" \/>\n<meta name=\"twitter:card\" content=\"summary_large_image\" \/>\n<meta name=\"twitter:label1\" content=\"Est. reading time\" \/>\n\t<meta name=\"twitter:data1\" content=\"2 minutes\" \/>\n<script type=\"application\/ld+json\" class=\"yoast-schema-graph\">{\"@context\":\"https:\\\/\\\/schema.org\",\"@graph\":[{\"@type\":\"WebPage\",\"@id\":\"https:\\\/\\\/www.adsab.on.ca\\\/fr\\\/services-paramedicaux\\\/nos-procedures\\\/controle-medical-et-developpement-du-personnel\\\/\",\"url\":\"https:\\\/\\\/www.adsab.on.ca\\\/fr\\\/services-paramedicaux\\\/nos-procedures\\\/controle-medical-et-developpement-du-personnel\\\/\",\"name\":\"Contr\u00f4le M\u00e9dical et D\u00e9veloppement du Personnel - Algoma DSAB - FR\",\"isPartOf\":{\"@id\":\"https:\\\/\\\/www.adsab.on.ca\\\/fr\\\/#website\"},\"datePublished\":\"2020-08-18T20:38:54+00:00\",\"dateModified\":\"2020-12-04T14:45:04+00:00\",\"breadcrumb\":{\"@id\":\"https:\\\/\\\/www.adsab.on.ca\\\/fr\\\/services-paramedicaux\\\/nos-procedures\\\/controle-medical-et-developpement-du-personnel\\\/#breadcrumb\"},\"inLanguage\":\"en-US\",\"potentialAction\":[{\"@type\":\"ReadAction\",\"target\":[\"https:\\\/\\\/www.adsab.on.ca\\\/fr\\\/services-paramedicaux\\\/nos-procedures\\\/controle-medical-et-developpement-du-personnel\\\/\"]}]},{\"@type\":\"BreadcrumbList\",\"@id\":\"https:\\\/\\\/www.adsab.on.ca\\\/fr\\\/services-paramedicaux\\\/nos-procedures\\\/controle-medical-et-developpement-du-personnel\\\/#breadcrumb\",\"itemListElement\":[{\"@type\":\"ListItem\",\"position\":1,\"name\":\"Home\",\"item\":\"https:\\\/\\\/www.adsab.on.ca\\\/fr\\\/\"},{\"@type\":\"ListItem\",\"position\":2,\"name\":\"Services Param\u00e9dicaux\",\"item\":\"https:\\\/\\\/www.adsab.on.ca\\\/fr\\\/services-paramedicaux\\\/\"},{\"@type\":\"ListItem\",\"position\":3,\"name\":\"Nos Proc\u00e9dures\",\"item\":\"https:\\\/\\\/www.adsab.on.ca\\\/fr\\\/services-paramedicaux\\\/nos-procedures\\\/\"},{\"@type\":\"ListItem\",\"position\":4,\"name\":\"Contr\u00f4le M\u00e9dical et D\u00e9veloppement du Personnel\"}]},{\"@type\":\"WebSite\",\"@id\":\"https:\\\/\\\/www.adsab.on.ca\\\/fr\\\/#website\",\"url\":\"https:\\\/\\\/www.adsab.on.ca\\\/fr\\\/\",\"name\":\"Algoma DSAB - FR\",\"description\":\"\",\"potentialAction\":[{\"@type\":\"SearchAction\",\"target\":{\"@type\":\"EntryPoint\",\"urlTemplate\":\"https:\\\/\\\/www.adsab.on.ca\\\/fr\\\/?s={search_term_string}\"},\"query-input\":{\"@type\":\"PropertyValueSpecification\",\"valueRequired\":true,\"valueName\":\"search_term_string\"}}],\"inLanguage\":\"en-US\"}]}<\/script>\n<!-- \/ Yoast SEO plugin. -->","yoast_head_json":{"title":"Contr\u00f4le M\u00e9dical et D\u00e9veloppement du Personnel - Algoma DSAB - FR","robots":{"index":"index","follow":"follow","max-snippet":"max-snippet:-1","max-image-preview":"max-image-preview:large","max-video-preview":"max-video-preview:-1"},"canonical":"https:\/\/www.adsab.on.ca\/fr\/services-paramedicaux\/nos-procedures\/controle-medical-et-developpement-du-personnel\/","og_locale":"en_US","og_type":"article","og_title":"Contr\u00f4le M\u00e9dical et D\u00e9veloppement du Personnel - Algoma DSAB - FR","og_description":"[vc_row content_width=&#8221;grid&#8221; css=&#8221;.vc_custom_1598379507622{background-image: url(https:\/\/www.adsab.on.ca\/fr\/wp-content\/uploads\/2020\/07\/InternalBanner-ParamedicServices-01.jpg?id=3915) !important;background-position: center !important;background-repeat: no-repeat !important;background-size: cover !important;}&#8221;][vc_column][vc_empty_space height=&#8221;400px&#8221;][vc_single_image image=&#8221;3888&#8243; img_size=&#8221;large&#8221; alignment=&#8221;center&#8221;][vc_empty_space height=&#8221;100px&#8221;][\/vc_column][\/vc_row][vc_row content_width=&#8221;grid&#8221; css=&#8221;.vc_custom_1597337749654{padding-top: 80px !important;padding-bottom: 80px !important;}&#8221;][vc_column width=&#8221;2\/3&#8243;][vc_empty_space height=&#8221;20px&#8221;][vc_column_text]The delivery of pre-hospital care in the District of Algoma is informed and supported by the medical direction of a licensed emergency...","og_url":"https:\/\/www.adsab.on.ca\/fr\/services-paramedicaux\/nos-procedures\/controle-medical-et-developpement-du-personnel\/","og_site_name":"Algoma DSAB - FR","article_modified_time":"2020-12-04T14:45:04+00:00","twitter_card":"summary_large_image","twitter_misc":{"Est. reading time":"2 minutes"},"schema":{"@context":"https:\/\/schema.org","@graph":[{"@type":"WebPage","@id":"https:\/\/www.adsab.on.ca\/fr\/services-paramedicaux\/nos-procedures\/controle-medical-et-developpement-du-personnel\/","url":"https:\/\/www.adsab.on.ca\/fr\/services-paramedicaux\/nos-procedures\/controle-medical-et-developpement-du-personnel\/","name":"Contr\u00f4le M\u00e9dical et D\u00e9veloppement du Personnel - Algoma DSAB - FR","isPartOf":{"@id":"https:\/\/www.adsab.on.ca\/fr\/#website"},"datePublished":"2020-08-18T20:38:54+00:00","dateModified":"2020-12-04T14:45:04+00:00","breadcrumb":{"@id":"https:\/\/www.adsab.on.ca\/fr\/services-paramedicaux\/nos-procedures\/controle-medical-et-developpement-du-personnel\/#breadcrumb"},"inLanguage":"en-US","potentialAction":[{"@type":"ReadAction","target":["https:\/\/www.adsab.on.ca\/fr\/services-paramedicaux\/nos-procedures\/controle-medical-et-developpement-du-personnel\/"]}]},{"@type":"BreadcrumbList","@id":"https:\/\/www.adsab.on.ca\/fr\/services-paramedicaux\/nos-procedures\/controle-medical-et-developpement-du-personnel\/#breadcrumb","itemListElement":[{"@type":"ListItem","position":1,"name":"Home","item":"https:\/\/www.adsab.on.ca\/fr\/"},{"@type":"ListItem","position":2,"name":"Services Param\u00e9dicaux","item":"https:\/\/www.adsab.on.ca\/fr\/services-paramedicaux\/"},{"@type":"ListItem","position":3,"name":"Nos Proc\u00e9dures","item":"https:\/\/www.adsab.on.ca\/fr\/services-paramedicaux\/nos-procedures\/"},{"@type":"ListItem","position":4,"name":"Contr\u00f4le M\u00e9dical et D\u00e9veloppement du Personnel"}]},{"@type":"WebSite","@id":"https:\/\/www.adsab.on.ca\/fr\/#website","url":"https:\/\/www.adsab.on.ca\/fr\/","name":"Algoma DSAB - FR","description":"","potentialAction":[{"@type":"SearchAction","target":{"@type":"EntryPoint","urlTemplate":"https:\/\/www.adsab.on.ca\/fr\/?s={search_term_string}"},"query-input":{"@type":"PropertyValueSpecification","valueRequired":true,"valueName":"search_term_string"}}],"inLanguage":"en-US"}]}},"_links":{"self":[{"href":"https:\/\/www.adsab.on.ca\/fr\/wp-json\/wp\/v2\/pages\/4274","targetHints":{"allow":["GET"]}}],"collection":[{"href":"https:\/\/www.adsab.on.ca\/fr\/wp-json\/wp\/v2\/pages"}],"about":[{"href":"https:\/\/www.adsab.on.ca\/fr\/wp-json\/wp\/v2\/types\/page"}],"author":[{"embeddable":true,"href":"https:\/\/www.adsab.on.ca\/fr\/wp-json\/wp\/v2\/users\/6"}],"replies":[{"embeddable":true,"href":"https:\/\/www.adsab.on.ca\/fr\/wp-json\/wp\/v2\/comments?post=4274"}],"version-history":[{"count":5,"href":"https:\/\/www.adsab.on.ca\/fr\/wp-json\/wp\/v2\/pages\/4274\/revisions"}],"predecessor-version":[{"id":4987,"href":"https:\/\/www.adsab.on.ca\/fr\/wp-json\/wp\/v2\/pages\/4274\/revisions\/4987"}],"up":[{"embeddable":true,"href":"https:\/\/www.adsab.on.ca\/fr\/wp-json\/wp\/v2\/pages\/4251"}],"wp:attachment":[{"href":"https:\/\/www.adsab.on.ca\/fr\/wp-json\/wp\/v2\/media?parent=4274"}],"curies":[{"name":"wp","href":"https:\/\/api.w.org\/{rel}","templated":true}]}}