{"id":4276,"date":"2020-08-18T16:58:48","date_gmt":"2020-08-18T20:58:48","guid":{"rendered":"https:\/\/www.adsab.on.ca\/fr\/?page_id=4276"},"modified":"2020-12-04T10:46:21","modified_gmt":"2020-12-04T14:46:21","slug":"programme-pad","status":"publish","type":"page","link":"https:\/\/www.adsab.on.ca\/fr\/services-paramedicaux\/programme-pad\/","title":{"rendered":"Programme PAD"},"content":{"rendered":"<div class=\"wpb-content-wrapper\"><p>[vc_row content_width=&#8221;grid&#8221; css=&#8221;.vc_custom_1598379570527{background-image: url(https:\/\/www.adsab.on.ca\/fr\/wp-content\/uploads\/2020\/07\/InternalBanner-ParamedicServices-01.jpg?id=3915) !important;background-position: center !important;background-repeat: no-repeat !important;background-size: cover !important;}&#8221;][vc_column][vc_empty_space height=&#8221;400px&#8221;][vc_single_image image=&#8221;3888&#8243; img_size=&#8221;large&#8221; alignment=&#8221;center&#8221;][vc_empty_space height=&#8221;100px&#8221;][\/vc_column][\/vc_row][vc_row content_width=&#8221;grid&#8221; css=&#8221;.vc_custom_1597337749654{padding-top: 80px !important;padding-bottom: 80px !important;}&#8221;][vc_column width=&#8221;2\/3&#8243;]<div class=\"mkd-section-title-holder\">\n\t<h2 class=\"mkd-section-title mkd-section-title-medium\" style=\"color: #eb1f23;text-align: left\">\n\tPAD Program<\/h2>\n<\/div>[vc_video link=&#8221;https:\/\/youtu.be\/OHM915eUXUU&#8221;][vc_empty_space height=&#8221;20px&#8221;]<div class=\"mkd-section-title-holder\">\n\t<h2 class=\"mkd-section-title mkd-section-title-small\" style=\"color: #000000;text-align: left\">\n\tProcess<\/h2>\n<\/div><div class=\"mkd-tabs mkd-horizontal mkd-tab-text mkd-animated-tabs clearfix\">\n\t<ul class=\"mkd-tabs-nav\">\n\t\t\t\t\t<li>\n\t\t\t\t<a href=\"#tab-step-1\">\n\t\t\t\t\t<span class=\"mkd-tab-title-subtitle\">\n\t\t\t\t\t\t\t\t\t\t\t\t<span class=\"mkd-tab-title\">\n\t\t\t\t\t\t\tStep 1\t\t\t\t\t\t<\/span>\n\t\t\t\t\t\t\t\t\t\t\t\t\t\t\t\t\t<\/span>\n\t\t\t\t<\/a>\n\t\t\t<\/li>\n\t\t\t\t\t<li>\n\t\t\t\t<a href=\"#tab-step-2\">\n\t\t\t\t\t<span class=\"mkd-tab-title-subtitle\">\n\t\t\t\t\t\t\t\t\t\t\t\t<span class=\"mkd-tab-title\">\n\t\t\t\t\t\t\tStep 2\t\t\t\t\t\t<\/span>\n\t\t\t\t\t\t\t\t\t\t\t\t\t\t\t\t\t<\/span>\n\t\t\t\t<\/a>\n\t\t\t<\/li>\n\t\t\t\t\t<li>\n\t\t\t\t<a href=\"#tab-step-3\">\n\t\t\t\t\t<span class=\"mkd-tab-title-subtitle\">\n\t\t\t\t\t\t\t\t\t\t\t\t<span class=\"mkd-tab-title\">\n\t\t\t\t\t\t\tStep 3\t\t\t\t\t\t<\/span>\n\t\t\t\t\t\t\t\t\t\t\t\t\t\t\t\t\t<\/span>\n\t\t\t\t<\/a>\n\t\t\t<\/li>\n\t\t\t\t\t<li>\n\t\t\t\t<a href=\"#tab-step-4\">\n\t\t\t\t\t<span class=\"mkd-tab-title-subtitle\">\n\t\t\t\t\t\t\t\t\t\t\t\t<span class=\"mkd-tab-title\">\n\t\t\t\t\t\t\tStep 4\t\t\t\t\t\t<\/span>\n\t\t\t\t\t\t\t\t\t\t\t\t\t\t\t\t\t<\/span>\n\t\t\t\t<\/a>\n\t\t\t<\/li>\n\t\t\t\t\t<li>\n\t\t\t\t<a href=\"#tab-step-5\">\n\t\t\t\t\t<span class=\"mkd-tab-title-subtitle\">\n\t\t\t\t\t\t\t\t\t\t\t\t<span class=\"mkd-tab-title\">\n\t\t\t\t\t\t\tStep 5\t\t\t\t\t\t<\/span>\n\t\t\t\t\t\t\t\t\t\t\t\t\t\t\t\t\t<\/span>\n\t\t\t\t<\/a>\n\t\t\t<\/li>\n\t\t\t\t\t<li>\n\t\t\t\t<a href=\"#tab-step-6\">\n\t\t\t\t\t<span class=\"mkd-tab-title-subtitle\">\n\t\t\t\t\t\t\t\t\t\t\t\t<span class=\"mkd-tab-title\">\n\t\t\t\t\t\t\tStep 6\t\t\t\t\t\t<\/span>\n\t\t\t\t\t\t\t\t\t\t\t\t\t\t\t\t\t<\/span>\n\t\t\t\t<\/a>\n\t\t\t<\/li>\n\t\t\t\t\t<li>\n\t\t\t\t<a href=\"#tab-step-7\">\n\t\t\t\t\t<span class=\"mkd-tab-title-subtitle\">\n\t\t\t\t\t\t\t\t\t\t\t\t<span class=\"mkd-tab-title\">\n\t\t\t\t\t\t\tStep 7\t\t\t\t\t\t<\/span>\n\t\t\t\t\t\t\t\t\t\t\t\t\t\t\t\t\t<\/span>\n\t\t\t\t<\/a>\n\t\t\t<\/li>\n\t\t\t<\/ul>\n\t<div class=\"mkd-tab-container\"  id=\"tab-step-1-234\" data-icon-pack=\"font_awesome\" data-icon-html=\"&lt;i class=&quot;mkd-icon-font-awesome fa  &quot; &gt;&lt;\/i&gt;\">\n\t[vc_column_text]<img fetchpriority=\"high\" decoding=\"async\" class=\"size-medium wp-image-4278 alignleft\" src=\"https:\/\/www.adsab.on.ca\/fr\/wp-content\/uploads\/2020\/08\/defibstep1-300x225.jpg\" alt=\"\" width=\"300\" height=\"225\" srcset=\"https:\/\/www.adsab.on.ca\/fr\/wp-content\/uploads\/2020\/08\/defibstep1-300x225.jpg 300w, https:\/\/www.adsab.on.ca\/fr\/wp-content\/uploads\/2020\/08\/defibstep1.jpg 640w\" sizes=\"(max-width: 300px) 100vw, 300px\" \/><\/p>\n<h3 style=\"padding: 10px;\">Step 1<\/h3>\n<p style=\"padding: 10px;\">Open the door and remove the unit.\u00a0Alarm will sound alerting facility staff.<\/p>\n<p>[\/vc_column_text]<\/div>\n<div class=\"mkd-tab-container\"  id=\"tab-step-2-938\" data-icon-pack=\"font_awesome\" data-icon-html=\"&lt;i class=&quot;mkd-icon-font-awesome fa  &quot; &gt;&lt;\/i&gt;\">\n\t[vc_column_text]<img decoding=\"async\" class=\"size-medium wp-image-4279 alignleft\" src=\"https:\/\/www.adsab.on.ca\/fr\/wp-content\/uploads\/2020\/08\/defibstep2-300x225.jpg\" alt=\"\" width=\"300\" height=\"225\" srcset=\"https:\/\/www.adsab.on.ca\/fr\/wp-content\/uploads\/2020\/08\/defibstep2-300x225.jpg 300w, https:\/\/www.adsab.on.ca\/fr\/wp-content\/uploads\/2020\/08\/defibstep2.jpg 640w\" sizes=\"(max-width: 300px) 100vw, 300px\" \/><\/p>\n<h3 style=\"padding: 10px;\">Step 2<\/h3>\n<p style=\"padding: 10px;\">Open the unit and position it above subject. Turn on the unit and follow voice prompts.<\/p>\n<p>[\/vc_column_text]<\/div>\n<div class=\"mkd-tab-container\"  id=\"tab-step-3-450\" data-icon-pack=\"font_awesome\" data-icon-html=\"&lt;i class=&quot;mkd-icon-font-awesome fa  &quot; &gt;&lt;\/i&gt;\">\n\t[vc_column_text]<img decoding=\"async\" class=\"size-medium wp-image-4280 alignleft\" src=\"https:\/\/www.adsab.on.ca\/fr\/wp-content\/uploads\/2020\/08\/defibstep3-300x225.jpg\" alt=\"\" width=\"300\" height=\"225\" srcset=\"https:\/\/www.adsab.on.ca\/fr\/wp-content\/uploads\/2020\/08\/defibstep3-300x225.jpg 300w, https:\/\/www.adsab.on.ca\/fr\/wp-content\/uploads\/2020\/08\/defibstep3.jpg 640w\" sizes=\"(max-width: 300px) 100vw, 300px\" \/><\/p>\n<h3 style=\"padding: 10px;\">Step 3<\/h3>\n<p style=\"padding: 10px;\">Position pads as shown here.<\/p>\n<p>[\/vc_column_text]<\/div>\n<div class=\"mkd-tab-container\"  id=\"tab-step-4-378\" data-icon-pack=\"font_awesome\" data-icon-html=\"&lt;i class=&quot;mkd-icon-font-awesome fa  &quot; &gt;&lt;\/i&gt;\">\n\t[vc_column_text]<img loading=\"lazy\" decoding=\"async\" class=\"size-medium wp-image-4281 alignleft\" src=\"https:\/\/www.adsab.on.ca\/fr\/wp-content\/uploads\/2020\/08\/defibstep4-300x225.jpg\" alt=\"\" width=\"300\" height=\"225\" srcset=\"https:\/\/www.adsab.on.ca\/fr\/wp-content\/uploads\/2020\/08\/defibstep4-300x225.jpg 300w, https:\/\/www.adsab.on.ca\/fr\/wp-content\/uploads\/2020\/08\/defibstep4.jpg 640w\" sizes=\"(max-width: 300px) 100vw, 300px\" \/><\/p>\n<h3 style=\"padding: 10px;\">Step 4<\/h3>\n<p style=\"padding: 10px;\">Following the voice prompts, and apply CPR as directed by prompts.<\/p>\n<p>[\/vc_column_text]<\/div>\n<div class=\"mkd-tab-container\"  id=\"tab-step-5-461\" data-icon-pack=\"font_awesome\" data-icon-html=\"&lt;i class=&quot;mkd-icon-font-awesome fa  &quot; &gt;&lt;\/i&gt;\">\n\t[vc_column_text]<img loading=\"lazy\" decoding=\"async\" class=\"size-medium wp-image-4282 alignleft\" src=\"https:\/\/www.adsab.on.ca\/fr\/wp-content\/uploads\/2020\/08\/defibstep5-300x225.jpg\" alt=\"\" width=\"300\" height=\"225\" srcset=\"https:\/\/www.adsab.on.ca\/fr\/wp-content\/uploads\/2020\/08\/defibstep5-300x225.jpg 300w, https:\/\/www.adsab.on.ca\/fr\/wp-content\/uploads\/2020\/08\/defibstep5.jpg 640w\" sizes=\"(max-width: 300px) 100vw, 300px\" \/><\/p>\n<h3 style=\"padding: 10px;\">Step 5<\/h3>\n<p style=\"padding: 10px;\">Check the respiration as directed by the prompts.<\/p>\n<p>[\/vc_column_text]<\/div>\n<div class=\"mkd-tab-container\"  id=\"tab-step-6-761\" data-icon-pack=\"font_awesome\" data-icon-html=\"&lt;i class=&quot;mkd-icon-font-awesome fa  &quot; &gt;&lt;\/i&gt;\">\n\t[vc_column_text]<img loading=\"lazy\" decoding=\"async\" class=\"size-medium wp-image-4283 alignleft\" src=\"https:\/\/www.adsab.on.ca\/fr\/wp-content\/uploads\/2020\/08\/defibstep6-300x225.jpg\" alt=\"\" width=\"300\" height=\"225\" srcset=\"https:\/\/www.adsab.on.ca\/fr\/wp-content\/uploads\/2020\/08\/defibstep6-300x225.jpg 300w, https:\/\/www.adsab.on.ca\/fr\/wp-content\/uploads\/2020\/08\/defibstep6.jpg 640w\" sizes=\"(max-width: 300px) 100vw, 300px\" \/><\/p>\n<h3 style=\"padding: 10px;\">Step 6<\/h3>\n<p style=\"padding: 10px;\">Continue CPR as directed by the prompts.<\/p>\n<p>[\/vc_column_text]<\/div>\n<div class=\"mkd-tab-container\"  id=\"tab-step-7-14\" data-icon-pack=\"font_awesome\" data-icon-html=\"&lt;i class=&quot;mkd-icon-font-awesome fa  &quot; &gt;&lt;\/i&gt;\">\n\t[vc_column_text]<img loading=\"lazy\" decoding=\"async\" class=\"size-medium wp-image-4284 alignleft\" src=\"https:\/\/www.adsab.on.ca\/fr\/wp-content\/uploads\/2020\/08\/defibstep7-300x225.jpg\" alt=\"\" width=\"300\" height=\"225\" srcset=\"https:\/\/www.adsab.on.ca\/fr\/wp-content\/uploads\/2020\/08\/defibstep7-300x225.jpg 300w, https:\/\/www.adsab.on.ca\/fr\/wp-content\/uploads\/2020\/08\/defibstep7.jpg 640w\" sizes=\"(max-width: 300px) 100vw, 300px\" \/><\/p>\n<h3 style=\"padding: 10px;\">Step 7<\/h3>\n<p style=\"padding: 10px;\">The units are designed to be user-friendly but it never hurts to practice. Take a life saving CPR course today.<\/p>\n<p>[\/vc_column_text]<\/div>\n<\/div>\n\n[vc_empty_space height=&#8221;20px&#8221;]<div class=\"mkd-section-title-holder\">\n\t<h2 class=\"mkd-section-title mkd-section-title-medium\" style=\"color: #eb1f23;text-align: left\">\n\tPublic Locations<\/h2>\n<\/div>[vc_row_inner][vc_column_inner width=&#8221;1\/2&#8243;][vc_column_text]<\/p>\n<h3>How To Get One<\/h3>\n<p><strong>If you are a public sector not-for-profit entity submit your request to:<\/strong><\/p>\n<p>Henry Alamenciak<br \/>\nChief of Algoma District Paramedic Services<br \/>\n2 Elizabeth Walk<br \/>\nElliot Lake, ON<br \/>\nP5A 1Z5<\/p>\n<p><strong>If you are a private sector entity:<\/strong><\/p>\n<p>Algoma District Paramedic Services will be happy to assist you with purchasing a defibrillator at a special discounted price from our supplier.<\/p>\n<p>Please contact Deputy Chief Paul Guertin at 705-542-3329 for more information.[\/vc_column_text][\/vc_column_inner][vc_column_inner width=&#8221;1\/2&#8243;][vc_column_text]<\/p>\n<h3>Public Demonstrations<\/h3>\n<p><strong>Having a Public Event or other gathering?<\/strong><\/p>\n<p>Request a Public Access Defibrillator Demonstration by contacting:<\/p>\n<p>Henry Alamenciak<br \/>\nChief of Algoma District Paramedic Services<br \/>\n2 Elizabeth Walk<br \/>\nElliot Lake, ON<br \/>\nP5A 2T2[\/vc_column_text][\/vc_column_inner][\/vc_row_inner][vc_empty_space height=&#8221;20px&#8221;]<div class=\"mkd-section-title-holder\">\n\t<h2 class=\"mkd-section-title mkd-section-title-medium\" style=\"color: #eb1f23;text-align: left\">\n\tGeneral FAQs<\/h2>\n<\/div>[vc_column_text]<strong>Public Access Defibrillation<\/strong><\/p>\n<p>Algoma District Paramedic Services has a life-saving program called PAD (Public Access Defibrillation) which makes Automated External Defibrillators (AEDs) available to interested industries, organizations, schools or retailers. As of April 2014, over one-hundred (100+) of these units have been deployed throughout the area of the District of Algoma administered by the Algoma District Services Administration Board. AEDs are tools to use when aiding a sudden cardiac arrest patient before Paramedics arrive on the scene.<\/p>\n<p>For every minute that passes between a sudden cardiac arrest and the use of CPR and an AED, the chance of survival drops by 7-10%. After 10 minutes the survival rate is very low. The AED should only be used if the person has stopped breathing and loses consciousness; it helps increase the chances of survival for anyone suffering a cardiac arrest.<\/p>\n<p>AEDs are small portable devices that analyze the electrical activity of a person\u2019s heart and determine if the heart would benefit from applying energy (a shock). Simple audio and visual prompts lead the user through proper use of the AED. The unit works by assisting the heart to re-establish a regular rhythm. If a person\u2019s condition will not be improved by receiving energy from the AED then the device will not deliver energy and will instruct the user to continue CPR.<\/p>\n<p>Although AED training can be beneficial for individuals who work in and use facilities where an AED is located, training is not required to use an AED. A person should never hesitate to use an AED because they have not been trained. Anyone can turn the unit on and follow the audio and visual prompts provided. People need to liken AEDs to fire extinguishers; someone with training may be slightly more skilled at using one but anyone can do it!<\/p>\n<p>For more information about the Algoma District Paramedic Services\u2019 PAD program, training please use the links in the left margin.<\/p>\n<p>The PAD program is an investment in the health of your community.[\/vc_column_text][\/vc_column][vc_column width=&#8221;1\/3&#8243;][vc_widget_sidebar sidebar_id=&#8221;sidebar-2&#8243;][\/vc_column][\/vc_row]<\/p>\n<\/div>","protected":false},"excerpt":{"rendered":"<p>[vc_row content_width=&#8221;grid&#8221; css=&#8221;.vc_custom_1598379570527{background-image: url(https:\/\/www.adsab.on.ca\/fr\/wp-content\/uploads\/2020\/07\/InternalBanner-ParamedicServices-01.jpg?id=3915) !important;background-position: center !important;background-repeat: no-repeat !important;background-size: cover !important;}&#8221;][vc_column][vc_empty_space height=&#8221;400px&#8221;][vc_single_image image=&#8221;3888&#8243; img_size=&#8221;large&#8221; alignment=&#8221;center&#8221;][vc_empty_space height=&#8221;100px&#8221;][\/vc_column][\/vc_row][vc_row content_width=&#8221;grid&#8221; css=&#8221;.vc_custom_1597337749654{padding-top: 80px !important;padding-bottom: 80px !important;}&#8221;][vc_column width=&#8221;2\/3&#8243;][vc_video link=&#8221;https:\/\/youtu.be\/OHM915eUXUU&#8221;][vc_empty_space height=&#8221;20px&#8221;][vc_empty_space height=&#8221;20px&#8221;][vc_row_inner][vc_column_inner width=&#8221;1\/2&#8243;][vc_column_text] How To Get One If you are a public sector not-for-profit entity submit your request to: Henry Alamenciak&#8230;<\/p>\n","protected":false},"author":6,"featured_media":0,"parent":3910,"menu_order":0,"comment_status":"closed","ping_status":"closed","template":"full-width.php","meta":{"footnotes":""},"class_list":["post-4276","page","type-page","status-publish","hentry"],"yoast_head":"<!-- This site is optimized with the Yoast SEO plugin v27.4 - https:\/\/yoast.com\/product\/yoast-seo-wordpress\/ -->\n<title>Programme PAD - Algoma DSAB - FR<\/title>\n<meta name=\"robots\" content=\"index, follow, max-snippet:-1, max-image-preview:large, max-video-preview:-1\" \/>\n<link rel=\"canonical\" href=\"https:\/\/www.adsab.on.ca\/fr\/services-paramedicaux\/programme-pad\/\" \/>\n<meta property=\"og:locale\" content=\"en_US\" \/>\n<meta property=\"og:type\" content=\"article\" \/>\n<meta property=\"og:title\" content=\"Programme PAD - Algoma DSAB - FR\" \/>\n<meta property=\"og:description\" content=\"[vc_row content_width=&#8221;grid&#8221; css=&#8221;.vc_custom_1598379570527{background-image: url(https:\/\/www.adsab.on.ca\/fr\/wp-content\/uploads\/2020\/07\/InternalBanner-ParamedicServices-01.jpg?id=3915) !important;background-position: center !important;background-repeat: no-repeat !important;background-size: cover !important;}&#8221;][vc_column][vc_empty_space height=&#8221;400px&#8221;][vc_single_image image=&#8221;3888&#8243; img_size=&#8221;large&#8221; alignment=&#8221;center&#8221;][vc_empty_space height=&#8221;100px&#8221;][\/vc_column][\/vc_row][vc_row content_width=&#8221;grid&#8221; css=&#8221;.vc_custom_1597337749654{padding-top: 80px !important;padding-bottom: 80px !important;}&#8221;][vc_column width=&#8221;2\/3&#8243;][vc_video link=&#8221;https:\/\/youtu.be\/OHM915eUXUU&#8221;][vc_empty_space height=&#8221;20px&#8221;][vc_empty_space height=&#8221;20px&#8221;][vc_row_inner][vc_column_inner width=&#8221;1\/2&#8243;][vc_column_text] How To Get One If you are a public sector not-for-profit entity submit your request to: Henry Alamenciak...\" \/>\n<meta property=\"og:url\" content=\"https:\/\/www.adsab.on.ca\/fr\/services-paramedicaux\/programme-pad\/\" \/>\n<meta property=\"og:site_name\" content=\"Algoma DSAB - FR\" \/>\n<meta property=\"article:modified_time\" content=\"2020-12-04T14:46:21+00:00\" \/>\n<meta property=\"og:image\" content=\"https:\/\/www.adsab.on.ca\/fr\/wp-content\/uploads\/2020\/08\/defibstep1-300x225.jpg\" \/>\n<meta name=\"twitter:card\" content=\"summary_large_image\" \/>\n<meta name=\"twitter:label1\" content=\"Est. reading time\" \/>\n\t<meta name=\"twitter:data1\" content=\"5 minutes\" \/>\n<script type=\"application\/ld+json\" class=\"yoast-schema-graph\">{\"@context\":\"https:\\\/\\\/schema.org\",\"@graph\":[{\"@type\":\"WebPage\",\"@id\":\"https:\\\/\\\/www.adsab.on.ca\\\/fr\\\/services-paramedicaux\\\/programme-pad\\\/\",\"url\":\"https:\\\/\\\/www.adsab.on.ca\\\/fr\\\/services-paramedicaux\\\/programme-pad\\\/\",\"name\":\"Programme PAD - Algoma DSAB - FR\",\"isPartOf\":{\"@id\":\"https:\\\/\\\/www.adsab.on.ca\\\/fr\\\/#website\"},\"primaryImageOfPage\":{\"@id\":\"https:\\\/\\\/www.adsab.on.ca\\\/fr\\\/services-paramedicaux\\\/programme-pad\\\/#primaryimage\"},\"image\":{\"@id\":\"https:\\\/\\\/www.adsab.on.ca\\\/fr\\\/services-paramedicaux\\\/programme-pad\\\/#primaryimage\"},\"thumbnailUrl\":\"https:\\\/\\\/www.adsab.on.ca\\\/fr\\\/wp-content\\\/uploads\\\/2020\\\/08\\\/defibstep1-300x225.jpg\",\"datePublished\":\"2020-08-18T20:58:48+00:00\",\"dateModified\":\"2020-12-04T14:46:21+00:00\",\"breadcrumb\":{\"@id\":\"https:\\\/\\\/www.adsab.on.ca\\\/fr\\\/services-paramedicaux\\\/programme-pad\\\/#breadcrumb\"},\"inLanguage\":\"en-US\",\"potentialAction\":[{\"@type\":\"ReadAction\",\"target\":[\"https:\\\/\\\/www.adsab.on.ca\\\/fr\\\/services-paramedicaux\\\/programme-pad\\\/\"]}]},{\"@type\":\"ImageObject\",\"inLanguage\":\"en-US\",\"@id\":\"https:\\\/\\\/www.adsab.on.ca\\\/fr\\\/services-paramedicaux\\\/programme-pad\\\/#primaryimage\",\"url\":\"https:\\\/\\\/www.adsab.on.ca\\\/fr\\\/wp-content\\\/uploads\\\/2020\\\/08\\\/defibstep1.jpg\",\"contentUrl\":\"https:\\\/\\\/www.adsab.on.ca\\\/fr\\\/wp-content\\\/uploads\\\/2020\\\/08\\\/defibstep1.jpg\",\"width\":640,\"height\":480,\"caption\":\"Armoire murale blanche pour d\u00e9fibrillateur d\u2019urgence, pos\u00e9e sur une table \u00e0 l\u2019int\u00e9rieur d\u2019une salle. L\u2019armoire poss\u00e8de une porte vitr\u00e9e carr\u00e9e avec une poign\u00e9e m\u00e9tallique sur le c\u00f4t\u00e9 gauche. En haut de l\u2019armoire, le texte \u00ab\u202fEMERGENCY DEFIBRILLATOR\u202f\u00bb est visible en lettres rouges, accompagn\u00e9 d\u2019un symbole de c\u0153ur rouge. \u00c0 l\u2019int\u00e9rieur, un d\u00e9fibrillateur externe automatis\u00e9 vert et noir est visible, portant l\u2019inscription \u00ab\u202fZOLL AED Plus\u202f\u00bb. Le bo\u00eetier du d\u00e9fibrillateur est orient\u00e9 vers l\u2019avant. Le sol est de couleur claire et des personnes sont partiellement visibles \u00e0 l\u2019arri\u00e8re\u2011plan, indiquant un environnement int\u00e9rieur public ou communautaire\"},{\"@type\":\"BreadcrumbList\",\"@id\":\"https:\\\/\\\/www.adsab.on.ca\\\/fr\\\/services-paramedicaux\\\/programme-pad\\\/#breadcrumb\",\"itemListElement\":[{\"@type\":\"ListItem\",\"position\":1,\"name\":\"Home\",\"item\":\"https:\\\/\\\/www.adsab.on.ca\\\/fr\\\/\"},{\"@type\":\"ListItem\",\"position\":2,\"name\":\"Services Param\u00e9dicaux\",\"item\":\"https:\\\/\\\/www.adsab.on.ca\\\/fr\\\/services-paramedicaux\\\/\"},{\"@type\":\"ListItem\",\"position\":3,\"name\":\"Programme PAD\"}]},{\"@type\":\"WebSite\",\"@id\":\"https:\\\/\\\/www.adsab.on.ca\\\/fr\\\/#website\",\"url\":\"https:\\\/\\\/www.adsab.on.ca\\\/fr\\\/\",\"name\":\"Algoma DSAB - FR\",\"description\":\"\",\"potentialAction\":[{\"@type\":\"SearchAction\",\"target\":{\"@type\":\"EntryPoint\",\"urlTemplate\":\"https:\\\/\\\/www.adsab.on.ca\\\/fr\\\/?s={search_term_string}\"},\"query-input\":{\"@type\":\"PropertyValueSpecification\",\"valueRequired\":true,\"valueName\":\"search_term_string\"}}],\"inLanguage\":\"en-US\"}]}<\/script>\n<!-- \/ Yoast SEO plugin. -->","yoast_head_json":{"title":"Programme PAD - Algoma DSAB - FR","robots":{"index":"index","follow":"follow","max-snippet":"max-snippet:-1","max-image-preview":"max-image-preview:large","max-video-preview":"max-video-preview:-1"},"canonical":"https:\/\/www.adsab.on.ca\/fr\/services-paramedicaux\/programme-pad\/","og_locale":"en_US","og_type":"article","og_title":"Programme PAD - Algoma DSAB - FR","og_description":"[vc_row content_width=&#8221;grid&#8221; css=&#8221;.vc_custom_1598379570527{background-image: url(https:\/\/www.adsab.on.ca\/fr\/wp-content\/uploads\/2020\/07\/InternalBanner-ParamedicServices-01.jpg?id=3915) !important;background-position: center !important;background-repeat: no-repeat !important;background-size: cover !important;}&#8221;][vc_column][vc_empty_space height=&#8221;400px&#8221;][vc_single_image image=&#8221;3888&#8243; img_size=&#8221;large&#8221; alignment=&#8221;center&#8221;][vc_empty_space height=&#8221;100px&#8221;][\/vc_column][\/vc_row][vc_row content_width=&#8221;grid&#8221; css=&#8221;.vc_custom_1597337749654{padding-top: 80px !important;padding-bottom: 80px !important;}&#8221;][vc_column width=&#8221;2\/3&#8243;][vc_video link=&#8221;https:\/\/youtu.be\/OHM915eUXUU&#8221;][vc_empty_space height=&#8221;20px&#8221;][vc_empty_space height=&#8221;20px&#8221;][vc_row_inner][vc_column_inner width=&#8221;1\/2&#8243;][vc_column_text] How To Get One If you are a public sector not-for-profit entity submit your request to: Henry Alamenciak...","og_url":"https:\/\/www.adsab.on.ca\/fr\/services-paramedicaux\/programme-pad\/","og_site_name":"Algoma DSAB - FR","article_modified_time":"2020-12-04T14:46:21+00:00","og_image":[{"url":"https:\/\/www.adsab.on.ca\/fr\/wp-content\/uploads\/2020\/08\/defibstep1-300x225.jpg","type":"","width":"","height":""}],"twitter_card":"summary_large_image","twitter_misc":{"Est. reading time":"5 minutes"},"schema":{"@context":"https:\/\/schema.org","@graph":[{"@type":"WebPage","@id":"https:\/\/www.adsab.on.ca\/fr\/services-paramedicaux\/programme-pad\/","url":"https:\/\/www.adsab.on.ca\/fr\/services-paramedicaux\/programme-pad\/","name":"Programme PAD - Algoma DSAB - FR","isPartOf":{"@id":"https:\/\/www.adsab.on.ca\/fr\/#website"},"primaryImageOfPage":{"@id":"https:\/\/www.adsab.on.ca\/fr\/services-paramedicaux\/programme-pad\/#primaryimage"},"image":{"@id":"https:\/\/www.adsab.on.ca\/fr\/services-paramedicaux\/programme-pad\/#primaryimage"},"thumbnailUrl":"https:\/\/www.adsab.on.ca\/fr\/wp-content\/uploads\/2020\/08\/defibstep1-300x225.jpg","datePublished":"2020-08-18T20:58:48+00:00","dateModified":"2020-12-04T14:46:21+00:00","breadcrumb":{"@id":"https:\/\/www.adsab.on.ca\/fr\/services-paramedicaux\/programme-pad\/#breadcrumb"},"inLanguage":"en-US","potentialAction":[{"@type":"ReadAction","target":["https:\/\/www.adsab.on.ca\/fr\/services-paramedicaux\/programme-pad\/"]}]},{"@type":"ImageObject","inLanguage":"en-US","@id":"https:\/\/www.adsab.on.ca\/fr\/services-paramedicaux\/programme-pad\/#primaryimage","url":"https:\/\/www.adsab.on.ca\/fr\/wp-content\/uploads\/2020\/08\/defibstep1.jpg","contentUrl":"https:\/\/www.adsab.on.ca\/fr\/wp-content\/uploads\/2020\/08\/defibstep1.jpg","width":640,"height":480,"caption":"Armoire murale blanche pour d\u00e9fibrillateur d\u2019urgence, pos\u00e9e sur une table \u00e0 l\u2019int\u00e9rieur d\u2019une salle. L\u2019armoire poss\u00e8de une porte vitr\u00e9e carr\u00e9e avec une poign\u00e9e m\u00e9tallique sur le c\u00f4t\u00e9 gauche. En haut de l\u2019armoire, le texte \u00ab\u202fEMERGENCY DEFIBRILLATOR\u202f\u00bb est visible en lettres rouges, accompagn\u00e9 d\u2019un symbole de c\u0153ur rouge. \u00c0 l\u2019int\u00e9rieur, un d\u00e9fibrillateur externe automatis\u00e9 vert et noir est visible, portant l\u2019inscription \u00ab\u202fZOLL AED Plus\u202f\u00bb. Le bo\u00eetier du d\u00e9fibrillateur est orient\u00e9 vers l\u2019avant. Le sol est de couleur claire et des personnes sont partiellement visibles \u00e0 l\u2019arri\u00e8re\u2011plan, indiquant un environnement int\u00e9rieur public ou communautaire"},{"@type":"BreadcrumbList","@id":"https:\/\/www.adsab.on.ca\/fr\/services-paramedicaux\/programme-pad\/#breadcrumb","itemListElement":[{"@type":"ListItem","position":1,"name":"Home","item":"https:\/\/www.adsab.on.ca\/fr\/"},{"@type":"ListItem","position":2,"name":"Services Param\u00e9dicaux","item":"https:\/\/www.adsab.on.ca\/fr\/services-paramedicaux\/"},{"@type":"ListItem","position":3,"name":"Programme PAD"}]},{"@type":"WebSite","@id":"https:\/\/www.adsab.on.ca\/fr\/#website","url":"https:\/\/www.adsab.on.ca\/fr\/","name":"Algoma DSAB - FR","description":"","potentialAction":[{"@type":"SearchAction","target":{"@type":"EntryPoint","urlTemplate":"https:\/\/www.adsab.on.ca\/fr\/?s={search_term_string}"},"query-input":{"@type":"PropertyValueSpecification","valueRequired":true,"valueName":"search_term_string"}}],"inLanguage":"en-US"}]}},"_links":{"self":[{"href":"https:\/\/www.adsab.on.ca\/fr\/wp-json\/wp\/v2\/pages\/4276","targetHints":{"allow":["GET"]}}],"collection":[{"href":"https:\/\/www.adsab.on.ca\/fr\/wp-json\/wp\/v2\/pages"}],"about":[{"href":"https:\/\/www.adsab.on.ca\/fr\/wp-json\/wp\/v2\/types\/page"}],"author":[{"embeddable":true,"href":"https:\/\/www.adsab.on.ca\/fr\/wp-json\/wp\/v2\/users\/6"}],"replies":[{"embeddable":true,"href":"https:\/\/www.adsab.on.ca\/fr\/wp-json\/wp\/v2\/comments?post=4276"}],"version-history":[{"count":21,"href":"https:\/\/www.adsab.on.ca\/fr\/wp-json\/wp\/v2\/pages\/4276\/revisions"}],"predecessor-version":[{"id":4989,"href":"https:\/\/www.adsab.on.ca\/fr\/wp-json\/wp\/v2\/pages\/4276\/revisions\/4989"}],"up":[{"embeddable":true,"href":"https:\/\/www.adsab.on.ca\/fr\/wp-json\/wp\/v2\/pages\/3910"}],"wp:attachment":[{"href":"https:\/\/www.adsab.on.ca\/fr\/wp-json\/wp\/v2\/media?parent=4276"}],"curies":[{"name":"wp","href":"https:\/\/api.w.org\/{rel}","templated":true}]}}