{"id":4412,"date":"2020-08-20T14:12:29","date_gmt":"2020-08-20T18:12:29","guid":{"rendered":"https:\/\/www.adsab.on.ca\/fr\/?page_id=4412"},"modified":"2020-10-21T17:01:20","modified_gmt":"2020-10-21T21:01:20","slug":"covid-19","status":"publish","type":"page","link":"https:\/\/www.adsab.on.ca\/fr\/covid-19\/","title":{"rendered":"COVID-19"},"content":{"rendered":"<div class=\"wpb-content-wrapper\"><p>[vc_row content_width=&#8221;grid&#8221; css=&#8221;.vc_custom_1596827366992{background-image: url(https:\/\/www.adsab.on.ca\/fr\/wp-content\/uploads\/2020\/08\/InternalBannerAboutUs-01.jpg?id=3990) !important;background-position: center !important;background-repeat: no-repeat !important;background-size: cover !important;}&#8221;][vc_column][vc_empty_space height=&#8221;400px&#8221;][vc_single_image image=&#8221;3888&#8243; img_size=&#8221;large&#8221; alignment=&#8221;center&#8221;][vc_empty_space height=&#8221;100px&#8221;][\/vc_column][\/vc_row][vc_row content_width=&#8221;grid&#8221; css=&#8221;.vc_custom_1597946828880{padding-top: 80px !important;padding-bottom: 20px !important;}&#8221;][vc_column]<div class=\"mkd-section-title-holder\">\n\t<h2 class=\"mkd-section-title\" style=\"color: #eb1f23;text-align: left\">\n\tFonds de Secours pour Les Services Sociaux<\/h2>\n<\/div>[\/vc_column][\/vc_row][vc_row content_width=&#8221;grid&#8221; css=&#8221;.vc_custom_1597947067909{padding-bottom: 80px !important;}&#8221;][vc_column width=&#8221;1\/2&#8243;][vc_column_text]Le conseil d\u2019administration des services du district d\u2019Algoma travaille activement avec les agences communautaires pour connecter les r\u00e9sidents aux ressources, aux services, aux programmes et \u00e0 divers autres soutiens pendant la pand\u00e9mie de COVID-19. Nous avons \u00e9galement mis en place un programme sp\u00e9cial au titre du \u201cfonds de secours pour les services sociaux\u201d afin d\u2019aider les personnes vuln\u00e9rables qui, du fait de la crise, ont des difficult\u00e9s financi\u00e8res \u00e0 payer les n\u00e9cessit\u00e9s. Vous n\u2019avez pas besoin de recevoir le programme Ontario au travail ou le Programme ontarien de soutien aux personnes handicap\u00e9es pour recevoir de l\u2019aide de notre bureau et vous n\u2019aurez pas \u00e0 rembourser l\u2019aide. Veuillez nous contacter aujourd\u2019hui \u2013 si nous ne pouvons pas vous aider, nous vous fournirons des informations et des r\u00e9f\u00e9rences vers d\u2019autres services de votre r\u00e9gion qui le peuvent. Veuillez appeler nos bureaux aux num\u00e9ros indiqu\u00e9s.[\/vc_column_text][\/vc_column][vc_column width=&#8221;1\/2&#8243;][vc_column_text]<\/p>\n<table>\n<tbody>\n<tr>\n<td>Blind River<\/td>\n<td>705-356-2263 x100<\/td>\n<\/tr>\n<tr>\n<td>Elliot Lake<\/td>\n<td>705-848-7153 x300 or x301<\/td>\n<\/tr>\n<tr>\n<td>Thessalon<\/td>\n<td>705-842-3370 x200<\/td>\n<\/tr>\n<tr>\n<td>Wawa<\/td>\n<td>705-856-2303 x400<\/td>\n<\/tr>\n<\/tbody>\n<\/table>\n<p>[\/vc_column_text][\/vc_column][\/vc_row][vc_row content_width=&#8221;grid&#8221; css=&#8221;.vc_custom_1597947063335{padding-top: 80px !important;padding-bottom: 80px !important;background-color: #f7f7f7 !important;}&#8221;][vc_column]<div class=\"mkd-section-title-holder\">\n\t<h2 class=\"mkd-section-title\" style=\"color: #eb1f23;text-align: right\">\n\tRenseignements sur Ontario au travail COVID-19<\/h2>\n<\/div>[vc_column_text]<\/p>\n<h3 style=\"text-align: right;\">2019 Nouveau coronavirus (COVID-19)<\/h3>\n<p style=\"text-align: right;\">Avez-vous un besoin urgent d\u2019aide financi\u00e8re en raison de COVID-19? Si vous ne recevez pas d\u00e9j\u00e0 de soutien d\u2019Ontario au travail ou du Programme ontarien de soutien aux personnes handicap\u00e9es, vous pouvez demander une aide d\u2019urgence en ligne \u00e0 l\u2019adresse suivante:\u00a0<a href=\"https:\/\/www.ontario.ca\/fr\/page\/presenter-une-demande-daide-durgence\">https:\/\/www.ontario.ca\/fr\/page\/presenter-une-demande-daide-durgence<\/a>\u00a0ou envoyez-nous un courriel directement \u00e0\u00a0<a href=\"mailto:clientsupport@adsab.on.ca\">clientsupport@adsab.on.ca<\/a><\/p>\n<p>[\/vc_column_text][\/vc_column][\/vc_row]<\/p>\n<\/div>","protected":false},"excerpt":{"rendered":"<p>[vc_row content_width=&#8221;grid&#8221; css=&#8221;.vc_custom_1596827366992{background-image: url(https:\/\/www.adsab.on.ca\/fr\/wp-content\/uploads\/2020\/08\/InternalBannerAboutUs-01.jpg?id=3990) !important;background-position: center !important;background-repeat: no-repeat !important;background-size: cover !important;}&#8221;][vc_column][vc_empty_space height=&#8221;400px&#8221;][vc_single_image image=&#8221;3888&#8243; img_size=&#8221;large&#8221; alignment=&#8221;center&#8221;][vc_empty_space height=&#8221;100px&#8221;][\/vc_column][\/vc_row][vc_row content_width=&#8221;grid&#8221; css=&#8221;.vc_custom_1597946828880{padding-top: 80px !important;padding-bottom: 20px !important;}&#8221;][vc_column][\/vc_column][\/vc_row][vc_row content_width=&#8221;grid&#8221; css=&#8221;.vc_custom_1597947067909{padding-bottom: 80px !important;}&#8221;][vc_column width=&#8221;1\/2&#8243;][vc_column_text]Le conseil d\u2019administration des services du district d\u2019Algoma travaille activement avec les agences communautaires pour connecter les r\u00e9sidents aux&#8230;<\/p>\n","protected":false},"author":6,"featured_media":0,"parent":0,"menu_order":0,"comment_status":"closed","ping_status":"closed","template":"full-width.php","meta":{"footnotes":""},"class_list":["post-4412","page","type-page","status-publish","hentry"],"yoast_head":"<!-- This site is optimized with the Yoast SEO plugin v27.4 - https:\/\/yoast.com\/product\/yoast-seo-wordpress\/ -->\n<title>COVID-19 - Algoma DSAB - FR<\/title>\n<meta name=\"robots\" content=\"index, follow, max-snippet:-1, max-image-preview:large, max-video-preview:-1\" \/>\n<link rel=\"canonical\" href=\"https:\/\/www.adsab.on.ca\/fr\/covid-19\/\" \/>\n<meta property=\"og:locale\" content=\"en_US\" \/>\n<meta property=\"og:type\" content=\"article\" \/>\n<meta property=\"og:title\" content=\"COVID-19 - Algoma DSAB - FR\" \/>\n<meta property=\"og:description\" content=\"[vc_row content_width=&#8221;grid&#8221; css=&#8221;.vc_custom_1596827366992{background-image: url(https:\/\/www.adsab.on.ca\/fr\/wp-content\/uploads\/2020\/08\/InternalBannerAboutUs-01.jpg?id=3990) !important;background-position: center !important;background-repeat: no-repeat !important;background-size: cover !important;}&#8221;][vc_column][vc_empty_space height=&#8221;400px&#8221;][vc_single_image image=&#8221;3888&#8243; img_size=&#8221;large&#8221; alignment=&#8221;center&#8221;][vc_empty_space height=&#8221;100px&#8221;][\/vc_column][\/vc_row][vc_row content_width=&#8221;grid&#8221; css=&#8221;.vc_custom_1597946828880{padding-top: 80px !important;padding-bottom: 20px !important;}&#8221;][vc_column][\/vc_column][\/vc_row][vc_row content_width=&#8221;grid&#8221; css=&#8221;.vc_custom_1597947067909{padding-bottom: 80px !important;}&#8221;][vc_column width=&#8221;1\/2&#8243;][vc_column_text]Le conseil d\u2019administration des services du district d\u2019Algoma travaille activement avec les agences communautaires pour connecter les r\u00e9sidents aux...\" \/>\n<meta property=\"og:url\" content=\"https:\/\/www.adsab.on.ca\/fr\/covid-19\/\" \/>\n<meta property=\"og:site_name\" content=\"Algoma DSAB - FR\" \/>\n<meta property=\"article:modified_time\" content=\"2020-10-21T21:01:20+00:00\" \/>\n<meta name=\"twitter:card\" content=\"summary_large_image\" \/>\n<meta name=\"twitter:label1\" content=\"Est. reading time\" \/>\n\t<meta name=\"twitter:data1\" content=\"2 minutes\" \/>\n<script type=\"application\/ld+json\" class=\"yoast-schema-graph\">{\"@context\":\"https:\\\/\\\/schema.org\",\"@graph\":[{\"@type\":\"WebPage\",\"@id\":\"https:\\\/\\\/www.adsab.on.ca\\\/fr\\\/covid-19\\\/\",\"url\":\"https:\\\/\\\/www.adsab.on.ca\\\/fr\\\/covid-19\\\/\",\"name\":\"COVID-19 - Algoma DSAB - FR\",\"isPartOf\":{\"@id\":\"https:\\\/\\\/www.adsab.on.ca\\\/fr\\\/#website\"},\"datePublished\":\"2020-08-20T18:12:29+00:00\",\"dateModified\":\"2020-10-21T21:01:20+00:00\",\"breadcrumb\":{\"@id\":\"https:\\\/\\\/www.adsab.on.ca\\\/fr\\\/covid-19\\\/#breadcrumb\"},\"inLanguage\":\"en-US\",\"potentialAction\":[{\"@type\":\"ReadAction\",\"target\":[\"https:\\\/\\\/www.adsab.on.ca\\\/fr\\\/covid-19\\\/\"]}]},{\"@type\":\"BreadcrumbList\",\"@id\":\"https:\\\/\\\/www.adsab.on.ca\\\/fr\\\/covid-19\\\/#breadcrumb\",\"itemListElement\":[{\"@type\":\"ListItem\",\"position\":1,\"name\":\"Home\",\"item\":\"https:\\\/\\\/www.adsab.on.ca\\\/fr\\\/\"},{\"@type\":\"ListItem\",\"position\":2,\"name\":\"COVID-19\"}]},{\"@type\":\"WebSite\",\"@id\":\"https:\\\/\\\/www.adsab.on.ca\\\/fr\\\/#website\",\"url\":\"https:\\\/\\\/www.adsab.on.ca\\\/fr\\\/\",\"name\":\"Algoma DSAB - FR\",\"description\":\"\",\"potentialAction\":[{\"@type\":\"SearchAction\",\"target\":{\"@type\":\"EntryPoint\",\"urlTemplate\":\"https:\\\/\\\/www.adsab.on.ca\\\/fr\\\/?s={search_term_string}\"},\"query-input\":{\"@type\":\"PropertyValueSpecification\",\"valueRequired\":true,\"valueName\":\"search_term_string\"}}],\"inLanguage\":\"en-US\"}]}<\/script>\n<!-- \/ Yoast SEO plugin. -->","yoast_head_json":{"title":"COVID-19 - Algoma DSAB - FR","robots":{"index":"index","follow":"follow","max-snippet":"max-snippet:-1","max-image-preview":"max-image-preview:large","max-video-preview":"max-video-preview:-1"},"canonical":"https:\/\/www.adsab.on.ca\/fr\/covid-19\/","og_locale":"en_US","og_type":"article","og_title":"COVID-19 - Algoma DSAB - FR","og_description":"[vc_row content_width=&#8221;grid&#8221; css=&#8221;.vc_custom_1596827366992{background-image: url(https:\/\/www.adsab.on.ca\/fr\/wp-content\/uploads\/2020\/08\/InternalBannerAboutUs-01.jpg?id=3990) !important;background-position: center !important;background-repeat: no-repeat !important;background-size: cover !important;}&#8221;][vc_column][vc_empty_space height=&#8221;400px&#8221;][vc_single_image image=&#8221;3888&#8243; img_size=&#8221;large&#8221; alignment=&#8221;center&#8221;][vc_empty_space height=&#8221;100px&#8221;][\/vc_column][\/vc_row][vc_row content_width=&#8221;grid&#8221; css=&#8221;.vc_custom_1597946828880{padding-top: 80px !important;padding-bottom: 20px !important;}&#8221;][vc_column][\/vc_column][\/vc_row][vc_row content_width=&#8221;grid&#8221; css=&#8221;.vc_custom_1597947067909{padding-bottom: 80px !important;}&#8221;][vc_column width=&#8221;1\/2&#8243;][vc_column_text]Le conseil d\u2019administration des services du district d\u2019Algoma travaille activement avec les agences communautaires pour connecter les r\u00e9sidents aux...","og_url":"https:\/\/www.adsab.on.ca\/fr\/covid-19\/","og_site_name":"Algoma DSAB - FR","article_modified_time":"2020-10-21T21:01:20+00:00","twitter_card":"summary_large_image","twitter_misc":{"Est. reading time":"2 minutes"},"schema":{"@context":"https:\/\/schema.org","@graph":[{"@type":"WebPage","@id":"https:\/\/www.adsab.on.ca\/fr\/covid-19\/","url":"https:\/\/www.adsab.on.ca\/fr\/covid-19\/","name":"COVID-19 - Algoma DSAB - FR","isPartOf":{"@id":"https:\/\/www.adsab.on.ca\/fr\/#website"},"datePublished":"2020-08-20T18:12:29+00:00","dateModified":"2020-10-21T21:01:20+00:00","breadcrumb":{"@id":"https:\/\/www.adsab.on.ca\/fr\/covid-19\/#breadcrumb"},"inLanguage":"en-US","potentialAction":[{"@type":"ReadAction","target":["https:\/\/www.adsab.on.ca\/fr\/covid-19\/"]}]},{"@type":"BreadcrumbList","@id":"https:\/\/www.adsab.on.ca\/fr\/covid-19\/#breadcrumb","itemListElement":[{"@type":"ListItem","position":1,"name":"Home","item":"https:\/\/www.adsab.on.ca\/fr\/"},{"@type":"ListItem","position":2,"name":"COVID-19"}]},{"@type":"WebSite","@id":"https:\/\/www.adsab.on.ca\/fr\/#website","url":"https:\/\/www.adsab.on.ca\/fr\/","name":"Algoma DSAB - FR","description":"","potentialAction":[{"@type":"SearchAction","target":{"@type":"EntryPoint","urlTemplate":"https:\/\/www.adsab.on.ca\/fr\/?s={search_term_string}"},"query-input":{"@type":"PropertyValueSpecification","valueRequired":true,"valueName":"search_term_string"}}],"inLanguage":"en-US"}]}},"_links":{"self":[{"href":"https:\/\/www.adsab.on.ca\/fr\/wp-json\/wp\/v2\/pages\/4412","targetHints":{"allow":["GET"]}}],"collection":[{"href":"https:\/\/www.adsab.on.ca\/fr\/wp-json\/wp\/v2\/pages"}],"about":[{"href":"https:\/\/www.adsab.on.ca\/fr\/wp-json\/wp\/v2\/types\/page"}],"author":[{"embeddable":true,"href":"https:\/\/www.adsab.on.ca\/fr\/wp-json\/wp\/v2\/users\/6"}],"replies":[{"embeddable":true,"href":"https:\/\/www.adsab.on.ca\/fr\/wp-json\/wp\/v2\/comments?post=4412"}],"version-history":[{"count":4,"href":"https:\/\/www.adsab.on.ca\/fr\/wp-json\/wp\/v2\/pages\/4412\/revisions"}],"predecessor-version":[{"id":4828,"href":"https:\/\/www.adsab.on.ca\/fr\/wp-json\/wp\/v2\/pages\/4412\/revisions\/4828"}],"wp:attachment":[{"href":"https:\/\/www.adsab.on.ca\/fr\/wp-json\/wp\/v2\/media?parent=4412"}],"curies":[{"name":"wp","href":"https:\/\/api.w.org\/{rel}","templated":true}]}}