{"id":5061,"date":"2020-12-11T12:10:05","date_gmt":"2020-12-11T16:10:05","guid":{"rendered":"https:\/\/www.adsab.on.ca\/fr\/?page_id=5061"},"modified":"2020-12-11T12:11:14","modified_gmt":"2020-12-11T16:11:14","slug":"formulaire-de-retroaction-fls","status":"publish","type":"page","link":"https:\/\/www.adsab.on.ca\/fr\/administration\/formulaire-de-retroaction-fls\/","title":{"rendered":"Formulaire de R\u00e9troaction FLS"},"content":{"rendered":"<div class=\"wpb-content-wrapper\"><p>[vc_row content_width=&#8221;grid&#8221; css=&#8221;.vc_custom_1607457674237{background-image: url(https:\/\/www.adsab.on.ca\/fr\/wp-content\/uploads\/2020\/12\/InternalBanner-Administration-01.jpg?id=5032) !important;background-position: center !important;background-repeat: no-repeat !important;background-size: cover !important;}&#8221;][vc_column][vc_empty_space height=&#8221;400px&#8221;][vc_single_image image=&#8221;3888&#8243; img_size=&#8221;large&#8221; alignment=&#8221;center&#8221;][vc_empty_space height=&#8221;100px&#8221;][\/vc_column][\/vc_row][vc_row content_width=&#8221;grid&#8221; css=&#8221;.vc_custom_1597337749654{padding-top: 80px !important;padding-bottom: 80px !important;}&#8221;][vc_column width=&#8221;2\/3&#8243;][vc_empty_space height=&#8221;20px&#8221;]<div class=\"mkd-section-title-holder\">\n\t<h2 class=\"mkd-section-title mkd-section-title-medium\" style=\"color: #eb1f23;text-align: left\">\n\tServices en fran\u00e7ais \u2013 Formulaire de plainte \/ commentaires<\/h2>\n<\/div>[vc_column_text]<div class=\"frm_forms  with_frm_style frm_style_formidable-style\" id=\"frm_form_2_container\" >\n<form enctype=\"multipart\/form-data\" method=\"post\" class=\"frm-show-form \" id=\"form_flscomplaintfeedbackform\" >\n<div class=\"frm_form_fields \">\n<fieldset>\n<legend class=\"frm_screen_reader\">FLS Complaint Feedback Form<\/legend>\r\n\r\n<div class=\"frm_fields_container\">\n<input type=\"hidden\" name=\"frm_action\" value=\"create\" \/>\n<input type=\"hidden\" name=\"form_id\" value=\"2\" \/>\n<input type=\"hidden\" name=\"frm_hide_fields_2\" id=\"frm_hide_fields_2\" value=\"\" \/>\n<input type=\"hidden\" name=\"form_key\" value=\"flscomplaintfeedbackform\" \/>\n<input type=\"hidden\" name=\"item_meta[0]\" value=\"\" \/>\n<input type=\"hidden\" id=\"frm_submit_entry_2\" name=\"frm_submit_entry_2\" value=\"313b27db67\" \/><input type=\"hidden\" name=\"_wp_http_referer\" value=\"\/fr\/wp-json\/wp\/v2\/pages\/5061\" \/><div id=\"frm_field_6_container\" class=\"frm_form_field form-field  frm_required_field frm_top_container\">\r\n    <label for=\"field_oh9bf\" id=\"field_oh9bf_label\" class=\"frm_primary_label\">Nom\r\n        <span class=\"frm_required\">*<\/span>\r\n    <\/label>\r\n    <input type=\"text\" id=\"field_oh9bf\" name=\"item_meta[6]\" value=\"\"  data-reqmsg=\"Nom cannot be blank.\" aria-required=\"true\" data-invmsg=\"Text is invalid\" aria-invalid=\"false\"  \/>\r\n    \r\n    \r\n<\/div>\n<div id=\"frm_field_7_container\" class=\"frm_form_field form-field  frm_required_field frm_top_container frm_half\">\r\n    <label for=\"field_m13z5\" id=\"field_m13z5_label\" class=\"frm_primary_label\">Adresse \u00e9lectronique\r\n        <span class=\"frm_required\">*<\/span>\r\n    <\/label>\r\n    <input type=\"email\" id=\"field_m13z5\" name=\"item_meta[7]\" value=\"\"  data-reqmsg=\"Adresse \u00e9lectronique cannot be blank.\" aria-required=\"true\" data-invmsg=\"Email is invalid\" aria-invalid=\"false\"  \/>\r\n    \r\n    \r\n<\/div>\n<div id=\"frm_field_8_container\" class=\"frm_form_field form-field  frm_top_container frm_half\">\r\n    <label for=\"field_qrt2v\" id=\"field_qrt2v_label\" class=\"frm_primary_label\">T\u00e9l\u00e9phone\r\n        <span class=\"frm_required\"><\/span>\r\n    <\/label>\r\n    <input type=\"tel\" id=\"field_qrt2v\" name=\"item_meta[8]\" value=\"\"  data-invmsg=\"Phone is invalid\" aria-invalid=\"false\" pattern=\"((\\+\\d{1,3}(-|.| )?\\(?\\d\\)?(-| |.)?\\d{1,5})|(\\(?\\d{2,6}\\)?))(-|.| )?(\\d{3,4})(-|.| )?(\\d{4})(( x| ext)\\d{1,5}){0,1}$\"  \/>\r\n    \r\n    \r\n<\/div>\n<div id=\"frm_field_9_container\" class=\"frm_form_field form-field  frm_required_field frm_top_container\">\r\n    <label for=\"field_64a5o\" id=\"field_64a5o_label\" class=\"frm_primary_label\">Adresse\r\n        <span class=\"frm_required\">*<\/span>\r\n    <\/label>\r\n    <input type=\"text\" id=\"field_64a5o\" name=\"item_meta[9]\" value=\"\"  data-reqmsg=\"Adresse cannot be blank.\" aria-required=\"true\" data-invmsg=\"Text is invalid\" aria-invalid=\"false\"  \/>\r\n    \r\n    \r\n<\/div>\n<div id=\"frm_field_10_container\" class=\"frm_form_field form-field  frm_required_field frm_top_container frm_half\">\r\n    <label for=\"field_whhrf\" id=\"field_whhrf_label\" class=\"frm_primary_label\">Ville\r\n        <span class=\"frm_required\">*<\/span>\r\n    <\/label>\r\n    <input type=\"text\" id=\"field_whhrf\" name=\"item_meta[10]\" value=\"\"  data-reqmsg=\"Ville cannot be blank.\" aria-required=\"true\" data-invmsg=\"Text is invalid\" aria-invalid=\"false\"  \/>\r\n    \r\n    \r\n<\/div>\n<div id=\"frm_field_11_container\" class=\"frm_form_field form-field  frm_required_field frm_top_container frm_half\">\r\n    <label for=\"field_t3up1\" id=\"field_t3up1_label\" class=\"frm_primary_label\">Code postal\r\n        <span class=\"frm_required\">*<\/span>\r\n    <\/label>\r\n    <input type=\"text\" id=\"field_t3up1\" name=\"item_meta[11]\" value=\"\"  data-reqmsg=\"Code postal cannot be blank.\" aria-required=\"true\" data-invmsg=\"Text is invalid\" aria-invalid=\"false\"  \/>\r\n    \r\n    \r\n<\/div>\n<div id=\"frm_field_12_container\" class=\"frm_form_field form-field  frm_required_field frm_top_container\">\r\n    <label for=\"field_elmq5\" id=\"field_elmq5_label\" class=\"frm_primary_label\">Nom et lieu de l\u2019institution\/organisation vis\u00e9e par la plainte\r\n        <span class=\"frm_required\">*<\/span>\r\n    <\/label>\r\n    <textarea name=\"item_meta[12]\" id=\"field_elmq5\"  data-reqmsg=\"Nom et lieu de l\u2019institution\/organisation vis\u00e9e par la plainte cannot be blank.\" aria-required=\"true\" data-invmsg=\"Text is invalid\" aria-invalid=\"false\"  ><\/textarea>\r\n    \r\n    \r\n<\/div>\n<div id=\"frm_field_13_container\" class=\"frm_form_field form-field  frm_top_container\">\r\n    <label for=\"field_ejm34\" id=\"field_ejm34_label\" class=\"frm_primary_label\">D\u00e9crivez bri\u00e8vement votre exp\u00e9rience. Expliquez ce qui s\u2019est pass\u00e9 en \u00e9crivant l\u2019heure, l\u2019endroit et les personnes impliqu\u00e9es (si possible):\r\n        <span class=\"frm_required\"><\/span>\r\n    <\/label>\r\n    <textarea name=\"item_meta[13]\" id=\"field_ejm34\"  data-invmsg=\"Text is invalid\" aria-invalid=\"false\"  ><\/textarea>\r\n    \r\n    \r\n<\/div>\n<div id=\"frm_field_14_container\" class=\"frm_form_field form-field  frm_required_field frm_top_container\">\r\n    <label for=\"field_hixc1\" id=\"field_hixc1_label\" class=\"frm_primary_label\">Y a-t-il quelque chose que nous aurions pu faire diff\u00e9remment pour am\u00e9liorer votre exp\u00e9rience?\r\n        <span class=\"frm_required\">*<\/span>\r\n    <\/label>\r\n    <textarea name=\"item_meta[14]\" id=\"field_hixc1\"  data-reqmsg=\"Y a-t-il quelque chose que nous aurions pu faire diff\u00e9remment pour am\u00e9liorer votre exp\u00e9rience? cannot be blank.\" aria-required=\"true\" data-invmsg=\"Text is invalid\" aria-invalid=\"false\"  ><\/textarea>\r\n    \r\n    \r\n<\/div>\n\t<input type=\"hidden\" name=\"item_key\" value=\"\" \/>\n\t\t\t<div id=\"frm_field_15_container\">\n\t\t\t<label for=\"field_qyzx\" >\n\t\t\t\tIf you are human, leave this field blank.\t\t\t<\/label>\n\t\t\t<input  id=\"field_qyzx\" type=\"text\" class=\"frm_form_field form-field frm_verify\" name=\"item_meta[15]\" value=\"\"  \/>\n\t\t<\/div>\n\t\t<input name=\"frm_state\" type=\"hidden\" value=\"DoUbLhnbIU76MucGSEXqaU2y4wnLjwHIeiVomVggR4I=\" \/><div class=\"frm_submit\">\r\n\r\n<button class=\"frm_button_submit\" type=\"submit\"  >Soumettre<\/button>\r\n\r\n<\/div><\/div>\n<\/fieldset>\n<\/div>\n\n<\/form>\n<\/div>\n[\/vc_column_text][\/vc_column][vc_column width=&#8221;1\/3&#8243;][vc_widget_sidebar sidebar_id=&#8221;sidebar-4&#8243;][\/vc_column][\/vc_row]<\/p>\n<\/div>","protected":false},"excerpt":{"rendered":"<p>[vc_row content_width=&#8221;grid&#8221; css=&#8221;.vc_custom_1607457674237{background-image: url(https:\/\/www.adsab.on.ca\/fr\/wp-content\/uploads\/2020\/12\/InternalBanner-Administration-01.jpg?id=5032) !important;background-position: center !important;background-repeat: no-repeat !important;background-size: cover !important;}&#8221;][vc_column][vc_empty_space height=&#8221;400px&#8221;][vc_single_image image=&#8221;3888&#8243; img_size=&#8221;large&#8221; alignment=&#8221;center&#8221;][vc_empty_space height=&#8221;100px&#8221;][\/vc_column][\/vc_row][vc_row content_width=&#8221;grid&#8221; css=&#8221;.vc_custom_1597337749654{padding-top: 80px !important;padding-bottom: 80px !important;}&#8221;][vc_column width=&#8221;2\/3&#8243;][vc_empty_space height=&#8221;20px&#8221;][vc_column_text][\/vc_column_text][\/vc_column][vc_column width=&#8221;1\/3&#8243;][vc_widget_sidebar sidebar_id=&#8221;sidebar-4&#8243;][\/vc_column][\/vc_row]<\/p>\n","protected":false},"author":6,"featured_media":0,"parent":4031,"menu_order":0,"comment_status":"closed","ping_status":"closed","template":"full-width.php","meta":{"footnotes":""},"class_list":["post-5061","page","type-page","status-publish","hentry"],"yoast_head":"<!-- This site is optimized with the Yoast SEO plugin v27.4 - https:\/\/yoast.com\/product\/yoast-seo-wordpress\/ -->\n<title>Formulaire de R\u00e9troaction FLS - Algoma DSAB - FR<\/title>\n<meta name=\"robots\" content=\"index, follow, max-snippet:-1, max-image-preview:large, max-video-preview:-1\" \/>\n<link rel=\"canonical\" href=\"https:\/\/www.adsab.on.ca\/fr\/administration\/formulaire-de-retroaction-fls\/\" \/>\n<meta property=\"og:locale\" content=\"en_US\" \/>\n<meta property=\"og:type\" content=\"article\" \/>\n<meta property=\"og:title\" content=\"Formulaire de R\u00e9troaction FLS - Algoma DSAB - FR\" \/>\n<meta property=\"og:description\" content=\"[vc_row content_width=&#8221;grid&#8221; css=&#8221;.vc_custom_1607457674237{background-image: url(https:\/\/www.adsab.on.ca\/fr\/wp-content\/uploads\/2020\/12\/InternalBanner-Administration-01.jpg?id=5032) !important;background-position: center !important;background-repeat: no-repeat !important;background-size: cover !important;}&#8221;][vc_column][vc_empty_space height=&#8221;400px&#8221;][vc_single_image image=&#8221;3888&#8243; img_size=&#8221;large&#8221; alignment=&#8221;center&#8221;][vc_empty_space height=&#8221;100px&#8221;][\/vc_column][\/vc_row][vc_row content_width=&#8221;grid&#8221; css=&#8221;.vc_custom_1597337749654{padding-top: 80px !important;padding-bottom: 80px !important;}&#8221;][vc_column width=&#8221;2\/3&#8243;][vc_empty_space height=&#8221;20px&#8221;][vc_column_text][\/vc_column_text][\/vc_column][vc_column width=&#8221;1\/3&#8243;][vc_widget_sidebar sidebar_id=&#8221;sidebar-4&#8243;][\/vc_column][\/vc_row]\" \/>\n<meta property=\"og:url\" content=\"https:\/\/www.adsab.on.ca\/fr\/administration\/formulaire-de-retroaction-fls\/\" \/>\n<meta property=\"og:site_name\" content=\"Algoma DSAB - FR\" \/>\n<meta property=\"article:modified_time\" content=\"2020-12-11T16:11:14+00:00\" \/>\n<meta name=\"twitter:card\" content=\"summary_large_image\" \/>\n<meta name=\"twitter:label1\" content=\"Est. reading time\" \/>\n\t<meta name=\"twitter:data1\" content=\"1 minute\" \/>\n<script type=\"application\/ld+json\" class=\"yoast-schema-graph\">{\"@context\":\"https:\\\/\\\/schema.org\",\"@graph\":[{\"@type\":\"WebPage\",\"@id\":\"https:\\\/\\\/www.adsab.on.ca\\\/fr\\\/administration\\\/formulaire-de-retroaction-fls\\\/\",\"url\":\"https:\\\/\\\/www.adsab.on.ca\\\/fr\\\/administration\\\/formulaire-de-retroaction-fls\\\/\",\"name\":\"Formulaire de R\u00e9troaction FLS - Algoma DSAB - FR\",\"isPartOf\":{\"@id\":\"https:\\\/\\\/www.adsab.on.ca\\\/fr\\\/#website\"},\"datePublished\":\"2020-12-11T16:10:05+00:00\",\"dateModified\":\"2020-12-11T16:11:14+00:00\",\"breadcrumb\":{\"@id\":\"https:\\\/\\\/www.adsab.on.ca\\\/fr\\\/administration\\\/formulaire-de-retroaction-fls\\\/#breadcrumb\"},\"inLanguage\":\"en-US\",\"potentialAction\":[{\"@type\":\"ReadAction\",\"target\":[\"https:\\\/\\\/www.adsab.on.ca\\\/fr\\\/administration\\\/formulaire-de-retroaction-fls\\\/\"]}]},{\"@type\":\"BreadcrumbList\",\"@id\":\"https:\\\/\\\/www.adsab.on.ca\\\/fr\\\/administration\\\/formulaire-de-retroaction-fls\\\/#breadcrumb\",\"itemListElement\":[{\"@type\":\"ListItem\",\"position\":1,\"name\":\"Home\",\"item\":\"https:\\\/\\\/www.adsab.on.ca\\\/fr\\\/\"},{\"@type\":\"ListItem\",\"position\":2,\"name\":\"Administration\",\"item\":\"https:\\\/\\\/www.adsab.on.ca\\\/fr\\\/administration\\\/\"},{\"@type\":\"ListItem\",\"position\":3,\"name\":\"Formulaire de R\u00e9troaction FLS\"}]},{\"@type\":\"WebSite\",\"@id\":\"https:\\\/\\\/www.adsab.on.ca\\\/fr\\\/#website\",\"url\":\"https:\\\/\\\/www.adsab.on.ca\\\/fr\\\/\",\"name\":\"Algoma DSAB - FR\",\"description\":\"\",\"potentialAction\":[{\"@type\":\"SearchAction\",\"target\":{\"@type\":\"EntryPoint\",\"urlTemplate\":\"https:\\\/\\\/www.adsab.on.ca\\\/fr\\\/?s={search_term_string}\"},\"query-input\":{\"@type\":\"PropertyValueSpecification\",\"valueRequired\":true,\"valueName\":\"search_term_string\"}}],\"inLanguage\":\"en-US\"}]}<\/script>\n<!-- \/ Yoast SEO plugin. -->","yoast_head_json":{"title":"Formulaire de R\u00e9troaction FLS - Algoma DSAB - FR","robots":{"index":"index","follow":"follow","max-snippet":"max-snippet:-1","max-image-preview":"max-image-preview:large","max-video-preview":"max-video-preview:-1"},"canonical":"https:\/\/www.adsab.on.ca\/fr\/administration\/formulaire-de-retroaction-fls\/","og_locale":"en_US","og_type":"article","og_title":"Formulaire de R\u00e9troaction FLS - Algoma DSAB - FR","og_description":"[vc_row content_width=&#8221;grid&#8221; css=&#8221;.vc_custom_1607457674237{background-image: url(https:\/\/www.adsab.on.ca\/fr\/wp-content\/uploads\/2020\/12\/InternalBanner-Administration-01.jpg?id=5032) !important;background-position: center !important;background-repeat: no-repeat !important;background-size: cover !important;}&#8221;][vc_column][vc_empty_space height=&#8221;400px&#8221;][vc_single_image image=&#8221;3888&#8243; img_size=&#8221;large&#8221; alignment=&#8221;center&#8221;][vc_empty_space height=&#8221;100px&#8221;][\/vc_column][\/vc_row][vc_row content_width=&#8221;grid&#8221; css=&#8221;.vc_custom_1597337749654{padding-top: 80px !important;padding-bottom: 80px !important;}&#8221;][vc_column width=&#8221;2\/3&#8243;][vc_empty_space height=&#8221;20px&#8221;][vc_column_text][\/vc_column_text][\/vc_column][vc_column width=&#8221;1\/3&#8243;][vc_widget_sidebar sidebar_id=&#8221;sidebar-4&#8243;][\/vc_column][\/vc_row]","og_url":"https:\/\/www.adsab.on.ca\/fr\/administration\/formulaire-de-retroaction-fls\/","og_site_name":"Algoma DSAB - FR","article_modified_time":"2020-12-11T16:11:14+00:00","twitter_card":"summary_large_image","twitter_misc":{"Est. reading time":"1 minute"},"schema":{"@context":"https:\/\/schema.org","@graph":[{"@type":"WebPage","@id":"https:\/\/www.adsab.on.ca\/fr\/administration\/formulaire-de-retroaction-fls\/","url":"https:\/\/www.adsab.on.ca\/fr\/administration\/formulaire-de-retroaction-fls\/","name":"Formulaire de R\u00e9troaction FLS - Algoma DSAB - FR","isPartOf":{"@id":"https:\/\/www.adsab.on.ca\/fr\/#website"},"datePublished":"2020-12-11T16:10:05+00:00","dateModified":"2020-12-11T16:11:14+00:00","breadcrumb":{"@id":"https:\/\/www.adsab.on.ca\/fr\/administration\/formulaire-de-retroaction-fls\/#breadcrumb"},"inLanguage":"en-US","potentialAction":[{"@type":"ReadAction","target":["https:\/\/www.adsab.on.ca\/fr\/administration\/formulaire-de-retroaction-fls\/"]}]},{"@type":"BreadcrumbList","@id":"https:\/\/www.adsab.on.ca\/fr\/administration\/formulaire-de-retroaction-fls\/#breadcrumb","itemListElement":[{"@type":"ListItem","position":1,"name":"Home","item":"https:\/\/www.adsab.on.ca\/fr\/"},{"@type":"ListItem","position":2,"name":"Administration","item":"https:\/\/www.adsab.on.ca\/fr\/administration\/"},{"@type":"ListItem","position":3,"name":"Formulaire de R\u00e9troaction FLS"}]},{"@type":"WebSite","@id":"https:\/\/www.adsab.on.ca\/fr\/#website","url":"https:\/\/www.adsab.on.ca\/fr\/","name":"Algoma DSAB - FR","description":"","potentialAction":[{"@type":"SearchAction","target":{"@type":"EntryPoint","urlTemplate":"https:\/\/www.adsab.on.ca\/fr\/?s={search_term_string}"},"query-input":{"@type":"PropertyValueSpecification","valueRequired":true,"valueName":"search_term_string"}}],"inLanguage":"en-US"}]}},"_links":{"self":[{"href":"https:\/\/www.adsab.on.ca\/fr\/wp-json\/wp\/v2\/pages\/5061","targetHints":{"allow":["GET"]}}],"collection":[{"href":"https:\/\/www.adsab.on.ca\/fr\/wp-json\/wp\/v2\/pages"}],"about":[{"href":"https:\/\/www.adsab.on.ca\/fr\/wp-json\/wp\/v2\/types\/page"}],"author":[{"embeddable":true,"href":"https:\/\/www.adsab.on.ca\/fr\/wp-json\/wp\/v2\/users\/6"}],"replies":[{"embeddable":true,"href":"https:\/\/www.adsab.on.ca\/fr\/wp-json\/wp\/v2\/comments?post=5061"}],"version-history":[{"count":2,"href":"https:\/\/www.adsab.on.ca\/fr\/wp-json\/wp\/v2\/pages\/5061\/revisions"}],"predecessor-version":[{"id":5063,"href":"https:\/\/www.adsab.on.ca\/fr\/wp-json\/wp\/v2\/pages\/5061\/revisions\/5063"}],"up":[{"embeddable":true,"href":"https:\/\/www.adsab.on.ca\/fr\/wp-json\/wp\/v2\/pages\/4031"}],"wp:attachment":[{"href":"https:\/\/www.adsab.on.ca\/fr\/wp-json\/wp\/v2\/media?parent=5061"}],"curies":[{"name":"wp","href":"https:\/\/api.w.org\/{rel}","templated":true}]}}