{"id":654,"date":"2016-06-22T08:03:42","date_gmt":"2016-06-22T12:03:42","guid":{"rendered":"http:\/\/medigroup.mikado-themes.com\/?page_id=654"},"modified":"2026-04-13T07:44:39","modified_gmt":"2026-04-13T12:44:39","slug":"domicile","status":"publish","type":"page","link":"https:\/\/www.adsab.on.ca\/fr\/","title":{"rendered":"Domicile"},"content":{"rendered":"<div class=\"wpb-content-wrapper\"><p>[vc_row content_width=&#8221;grid&#8221; css=&#8221;.vc_custom_1699034747913{padding-top: 80px !important;padding-bottom: 80px !important;}&#8221;][vc_column][vc_row_inner css=&#8221;.vc_custom_1611175690501{margin-top: -100px !important;margin-right: 0px !important;margin-left: 0px !important;background-color: #ffffff !important;}&#8221;][vc_column_inner width=&#8221;1\/4&#8243; css=&#8221;.vc_custom_1611175520218{border-right-width: 1px !important;padding-top: 0px !important;padding-right: 0px !important;padding-bottom: 0px !important;padding-left: 0px !important;border-right-color: #eaeaea !important;border-right-style: solid !important;}&#8221;][vc_single_image image=&#8221;5026&#8243; img_size=&#8221;full&#8221;][vc_empty_space height=&#8221;10px&#8221;][vc_column_text css=&#8221;.vc_custom_1603398315523{padding-top: 10px !important;padding-right: 60px !important;padding-bottom: 15px !important;padding-left: 50px !important;}&#8221;]<\/p>\n<h4 class=\"et_pb_module_header\">Services de garde \u00e0 l\u2019enfance<\/h4>\n<p>Responsable de la gestion des entreprises de services\u00a0 de garde d\u2019enfants et de services pour la petite enfance.[\/vc_column_text]<a href=\"https:\/\/www.adsab.on.ca\/fr\/services-sociaux\/services-a-lenfance\/\" target=\"_self\" style=\"color: #ffffff;background-color: #3852a2;border-color: #3852a2;margin: 10px 60px 15px 50px\" class=\"mkd-btn mkd-btn-medium mkd-btn-solid mkd-btn-custom-hover-bg mkd-btn-custom-border-hover mkd-btn-custom-hover-color mkd-btn-hover-solid\" data-hover-bg-color=\"#eb1f23\" data-hover-color=\"#ffffff\" data-hover-border-color=\"#eb1f23\" >\n\t\t<span class=\"mkd-btn-text\">En Savoir Plus<\/span>\n\t\n\t<\/a>[vc_empty_space height=&#8221;20px&#8221;][\/vc_column_inner][vc_column_inner width=&#8221;1\/4&#8243; css=&#8221;.vc_custom_1611175534086{border-right-width: 1px !important;padding-top: 0px !important;padding-right: 0px !important;padding-bottom: 0px !important;padding-left: 0px !important;border-right-color: #eaeaea !important;border-right-style: solid !important;}&#8221;][vc_single_image image=&#8221;5025&#8243; img_size=&#8221;full&#8221;][vc_empty_space height=&#8221;10px&#8221;][vc_column_text css=&#8221;.vc_custom_1603398326704{padding-top: 10px !important;padding-right: 60px !important;padding-bottom: 15px !important;padding-left: 50px !important;}&#8221;]<\/p>\n<h4 class=\"et_pb_module_header\">Services de logement<\/h4>\n<p>Responsable de la planification communautaire et de la prestation d\u2019une vari\u00e9t\u00e9 de programmes de logements et de sans-abrisme.[\/vc_column_text]<a href=\"https:\/\/www.adsab.on.ca\/fr\/services-sociaux\/services-de-logement\/\" target=\"_self\" style=\"color: #ffffff;background-color: #3852a2;border-color: #3852a2;margin: 10px 60px 15px 50px\" class=\"mkd-btn mkd-btn-medium mkd-btn-solid mkd-btn-custom-hover-bg mkd-btn-custom-border-hover mkd-btn-custom-hover-color mkd-btn-hover-solid\" data-hover-bg-color=\"#eb1f23\" data-hover-color=\"#ffffff\" data-hover-border-color=\"#eb1f23\" >\n\t\t<span class=\"mkd-btn-text\">En Savoir Plus<\/span>\n\t\n\t<\/a>[vc_empty_space height=&#8221;20px&#8221;][\/vc_column_inner][vc_column_inner width=&#8221;1\/4&#8243; css=&#8221;.vc_custom_1611175548119{border-right-width: 1px !important;padding-top: 0px !important;padding-right: 0px !important;padding-bottom: 0px !important;padding-left: 0px !important;border-right-color: #eaeaea !important;border-right-style: solid !important;}&#8221;][vc_single_image image=&#8221;3899&#8243; img_size=&#8221;full&#8221;][vc_empty_space height=&#8221;10px&#8221;][vc_column_text css=&#8221;.vc_custom_1603398443887{padding-top: 10px !important;padding-right: 60px !important;padding-bottom: 15px !important;padding-left: 50px !important;}&#8221;]<\/p>\n<h4 class=\"et_pb_module_header\">Services param\u00e9dicaux<\/h4>\n<p>CASDA embauche un mod\u00e8le de prestation directe pour la provision des services d\u2019ambulance qui comprend 8 postes d\u2019ambulance et 22 parcs de v\u00e9hicules.[\/vc_column_text]<a href=\"https:\/\/www.adsab.on.ca\/fr\/services-paramedicaux\/\" target=\"_self\" style=\"color: #ffffff;background-color: #3852a2;border-color: #3852a2;margin: 10px 60px 15px 50px\" class=\"mkd-btn mkd-btn-medium mkd-btn-solid mkd-btn-custom-hover-bg mkd-btn-custom-border-hover mkd-btn-custom-hover-color mkd-btn-hover-solid\" data-hover-bg-color=\"#eb1f23\" data-hover-color=\"#ffffff\" data-hover-border-color=\"#eb1f23\" >\n\t\t<span class=\"mkd-btn-text\">En Savoir Plus<\/span>\n\t\n\t<\/a>[vc_empty_space height=&#8221;20px&#8221;][\/vc_column_inner][vc_column_inner width=&#8221;1\/4&#8243; css=&#8221;.vc_custom_1611175556877{padding-top: 0px !important;padding-right: 0px !important;padding-bottom: 0px !important;padding-left: 0px !important;}&#8221;][vc_single_image image=&#8221;5024&#8243; img_size=&#8221;full&#8221;][vc_empty_space height=&#8221;10px&#8221;][vc_column_text css=&#8221;.vc_custom_1611175675761{padding-top: 10px !important;padding-right: 60px !important;padding-bottom: 15px !important;padding-left: 50px !important;}&#8221;]<\/p>\n<h4 class=\"et_pb_module_header\">Ontario au travail<\/h4>\n<p>Ontario au travail aide aux personnes qui ont des besoins financiers. Ce programme offre deux genres d\u2019aide.[\/vc_column_text]<a href=\"https:\/\/www.adsab.on.ca\/fr\/services-sociaux\/ontario-au-travail\/\" target=\"_self\" style=\"color: #ffffff;background-color: #3852a2;border-color: #3852a2;margin: 10px 60px 15px 50px\" class=\"mkd-btn mkd-btn-medium mkd-btn-solid mkd-btn-custom-hover-bg mkd-btn-custom-border-hover mkd-btn-custom-hover-color mkd-btn-hover-solid\" data-hover-bg-color=\"#eb1f23\" data-hover-color=\"#ffffff\" data-hover-border-color=\"#eb1f23\" >\n\t\t<span class=\"mkd-btn-text\">En Savoir Plus<\/span>\n\t\n\t<\/a>[vc_empty_space height=&#8221;20px&#8221;][\/vc_column_inner][\/vc_row_inner]\n\n\t<div class=\"mkd-call-to-action normal\" style=\"padding: 20px;;background-color: #DD3333;\">\n\n\t\t\t\t<div class=\"mkd-container-inner\">\n\t\t\t\t\t<div class=\"mkd-call-to-action-row-75-25 clearfix\">\n\t\t\n\t\t\t\t<div class=\"mkd-text-wrapper mkd-call-to-action-column1 mkd-call-to-action-cell\">\n\n\t\t\t\t\n\t\t\t\t\t<div class=\"mkd-call-to-action-text\" >\n\t\t\t\t\t\t\n<h2><span style=\"color: #ffffff;\">Offre de logement abordable \u2013 44, Third Avenue, Wawa, Ontario<\/span><\/h2>\n\t\t\t\t\t<\/div>\n\n\t\t\t\t<\/div>\n\n\t\t\t\t\n\t\t\t\t\t<div class=\"mkd-button-wrapper mkd-call-to-action-column2 mkd-call-to-action-cell\" style =\"text-align: right ;\">\n\n\t\t\t\t\t\t<a href=\"https:\/\/www.adsab.on.ca\/fr\/services-sociaux\/services-de-logement\/offre-de-logement-abordable-44-third-avenue-wawa-ontario\/\" target=\"_self\"  class=\"mkd-btn mkd-btn-medium mkd-btn-solid mkd-btn-hover-outline\"  >\t\t<span class=\"mkd-btn-text\">Cliquez ici pour plus d&#039;informations !<\/span>\t\t<\/a>\n\t\t\t\t\t<\/div>\n\n\t\t\t\t\n\t\t\t<\/div>\n\n\t\t\t\t<\/div>\n\t\t\n\t<\/div>\n\n<div class=\"mkd-separator-holder clearfix  mkd-separator-center\">\n\t<div class=\"mkd-separator\" ><\/div>\n<\/div>\n\n\n\t<div class=\"mkd-call-to-action normal\" style=\"padding: 20px;;background-color: #DD3333;\">\n\n\t\t\t\t<div class=\"mkd-container-inner\">\n\t\t\t\t\t<div class=\"mkd-call-to-action-row-75-25 clearfix\">\n\t\t\n\t\t\t\t<div class=\"mkd-text-wrapper mkd-call-to-action-column1 mkd-call-to-action-cell\">\n\n\t\t\t\t\n\t\t\t\t\t<div class=\"mkd-call-to-action-text\" >\n\t\t\t\t\t\t\n<h2><span style=\"color: #ffffff;\">Nouvelle offre de logement \u2013 84, avenue Indiana, Blind River, Ontario<\/span><\/h2>\n\t\t\t\t\t<\/div>\n\n\t\t\t\t<\/div>\n\n\t\t\t\t\n\t\t\t\t\t<div class=\"mkd-button-wrapper mkd-call-to-action-column2 mkd-call-to-action-cell\" style =\"text-align: right ;\">\n\n\t\t\t\t\t\t<a href=\"https:\/\/www.adsab.on.ca\/fr\/services-sociaux\/services-de-logement\/nouvelle-offre-de-logement-84-avenue-indiana-blind-river-ontario\/\" target=\"_self\"  class=\"mkd-btn mkd-btn-medium mkd-btn-solid mkd-btn-hover-outline\"  >\t\t<span class=\"mkd-btn-text\">Cliquez ici pour plus d&#039;informations !<\/span>\t\t<\/a>\n\t\t\t\t\t<\/div>\n\n\t\t\t\t\n\t\t\t<\/div>\n\n\t\t\t\t<\/div>\n\t\t\n\t<\/div>\n\n[\/vc_column][\/vc_row][vc_row content_width=&#8221;grid&#8221; css=&#8221;.vc_custom_1605198064055{padding-top: 180px !important;padding-bottom: 180px !important;background: #f7f7f7 url(https:\/\/www.adsab.on.ca\/fr\/wp-content\/uploads\/2020\/11\/A-Accent-Image-Family-02.png?id=4861) !important;background-position: center !important;background-repeat: no-repeat !important;background-size: cover !important;}&#8221; el_class=&#8221;home-about&#8221;][vc_column css_animation=&#8221;fadeInLeft&#8221; width=&#8221;5\/12&#8243;][vc_column_text]<\/p>\n<h2 style=\"color: #eb1f23;\">\u00c0 propos de CASDA<\/h2>\n<p>Le CASDA cherche \u00e0 am\u00e9liorer la qualit\u00e9 de vie, la sant\u00e9 et le bien-\u00eatre des familles vivant dans nos collectivit\u00e9s.<\/p>\n<p>Le CASDA appuie les personnes et nos collectivit\u00e9s par le biais de la prestation de services param\u00e9dicaux et sociaux de qualit\u00e9 y compris : la garde d\u2019enfants, le logement, le programme Ontario au travail et les services param\u00e9dicaux (secours m\u00e9dicaux d\u2019urgence).[\/vc_column_text][vc_empty_space]<a href=\"https:\/\/www.adsab.on.ca\/fr\/a-propos-de-nous\/\" target=\"_self\" style=\"color: #ffffff;background-color: #3852a2;border-color: #3852a2;font-size: 16px;font-weight: 700\" class=\"mkd-btn mkd-btn-medium mkd-btn-solid mkd-btn-custom-hover-bg mkd-btn-custom-border-hover mkd-btn-custom-hover-color mkd-btn-hover-solid\" data-hover-bg-color=\"#6d6eb3\" data-hover-color=\"#ffffff\" data-hover-border-color=\"#6d6eb3\" >\n\t\t<span class=\"mkd-btn-text\">En Savoir Plus<\/span>\n\t\n\t<\/a>[\/vc_column][vc_column width=&#8221;7\/12&#8243;][\/vc_column][\/vc_row][vc_row content_width=&#8221;grid&#8221; css=&#8221;.vc_custom_1605205193634{padding-top: 80px !important;padding-bottom: 80px !important;background: #333333 url(https:\/\/www.adsab.on.ca\/fr\/wp-content\/uploads\/2020\/07\/HomeCTA-01.jpg?id=3892) !important;background-position: center !important;background-repeat: no-repeat !important;background-size: cover !important;}&#8221;][vc_column width=&#8221;5\/6&#8243;][vc_column_text]<\/p>\n<h2 style=\"color: #ffffff;\">Notre R\u00e9ponse \u00e0 la pand\u00e9mie COVID-19<\/h2>\n<p style=\"color: #ffffff;\">Mesures de secours, horaires modifi\u00e9s et plus<\/p>\n<p>[\/vc_column_text][\/vc_column][vc_column width=&#8221;1\/6&#8243;]<a href=\"https:\/\/www.adsab.on.ca\/fr\/covid-19\" target=\"_self\" style=\"color: #3852a2;background-color: #ffffff;border-color: #ffffff;margin: 20px 0px 0px 0px\" class=\"mkd-btn mkd-btn-medium mkd-btn-solid mkd-btn-custom-hover-bg mkd-btn-custom-border-hover mkd-btn-custom-hover-color mkd-btn-hover-solid\" data-hover-bg-color=\"#eb1f23\" data-hover-color=\"#ffffff\" data-hover-border-color=\"#eb1f23\" >\n\t\t<span class=\"mkd-btn-text\">En Savoir Plus<\/span>\n\t\n\t<\/a>[\/vc_column][\/vc_row][vc_row content_width=&#8221;grid&#8221; css=&#8221;.vc_custom_1597088394738{background: #ffffff url(https:\/\/www.adsab.on.ca\/fr\/wp-content\/uploads\/2020\/07\/HomeAboutBG-01.png?id=3896) !important;background-position: center !important;background-repeat: no-repeat !important;background-size: cover !important;}&#8221;][vc_column]<div class=\"mkd-elements-holder mkd-two-columns mkd-responsive-mode-768\" ><div class=\"mkd-elements-holder-item mkd-horizontal-alignment-left\"  >\n\t<div class=\"mkd-elements-holder-item-inner\">\n\t\t<div class=\"mkd-elements-holder-item-content mkd-elements-holder-custom-253462\" style=\"padding: 104px 0 51px\">\n\t\t\t\t\t\t[vc_column_text]<\/p>\n<h2 style=\"color: #eb1f23;\">Avez-vous besoin:<\/h2>\n<p>[\/vc_column_text][vc_empty_space]<div class=\"mkd-process-holder mkd-process-vertical\">\n\t<div class=\"mkd-process-inner\">\n\t\t<div class=\"mkd-process-item-holder mkd-pi-highlighted\">\n\t<div class=\"mkd-pi-holder-inner clearfix\">\n\t\t\t\t\t<div class=\"mkd-pi-image-holder\">\n\t\t\t\t<img fetchpriority=\"high\" decoding=\"async\" width=\"288\" height=\"288\" src=\"https:\/\/www.adsab.on.ca\/fr\/wp-content\/uploads\/2020\/08\/Icon-Child-02.png\" class=\"attachment-full size-full\" alt=\"Children\" srcset=\"https:\/\/www.adsab.on.ca\/fr\/wp-content\/uploads\/2020\/08\/Icon-Child-02.png 288w, https:\/\/www.adsab.on.ca\/fr\/wp-content\/uploads\/2020\/08\/Icon-Child-02-150x150.png 150w\" sizes=\"(max-width: 288px) 100vw, 288px\" \/>\t\t\t<\/div>\n\t\t\t\t<div class=\"mkd-pi-content-holder\">\n\t\t\t\t\t\t\t<div class=\"mkd-pi-title-holder\">\n\t\t\t\t\t<h5 class=\"mkd-pi-title\">D&#039;AIDE AVEC LES CO\u00dbTS DE GARDE D&#039;ENFANT<\/h5>\n\t\t\t\t<\/div>\n\t\t\t\n\t\t\t\t\t<\/div>\n\t<\/div>\n<\/div><div class=\"mkd-process-item-holder\">\n\t<div class=\"mkd-pi-holder-inner clearfix\">\n\t\t\t\t\t<div class=\"mkd-pi-image-holder\">\n\t\t\t\t<img decoding=\"async\" width=\"288\" height=\"288\" src=\"https:\/\/www.adsab.on.ca\/fr\/wp-content\/uploads\/2020\/08\/Icon-Home-02.png\" class=\"attachment-full size-full\" alt=\"Home Icon\" srcset=\"https:\/\/www.adsab.on.ca\/fr\/wp-content\/uploads\/2020\/08\/Icon-Home-02.png 288w, https:\/\/www.adsab.on.ca\/fr\/wp-content\/uploads\/2020\/08\/Icon-Home-02-150x150.png 150w\" sizes=\"(max-width: 288px) 100vw, 288px\" \/>\t\t\t<\/div>\n\t\t\t\t<div class=\"mkd-pi-content-holder\">\n\t\t\t\t\t\t\t<div class=\"mkd-pi-title-holder\">\n\t\t\t\t\t<h5 class=\"mkd-pi-title\">D&#039;UN LOGEMENT ABORDABLE<\/h5>\n\t\t\t\t<\/div>\n\t\t\t\n\t\t\t\t\t<\/div>\n\t<\/div>\n<\/div><div class=\"mkd-process-item-holder\">\n\t<div class=\"mkd-pi-holder-inner clearfix\">\n\t\t\t\t\t<div class=\"mkd-pi-image-holder\">\n\t\t\t\t<img decoding=\"async\" width=\"288\" height=\"288\" src=\"https:\/\/www.adsab.on.ca\/fr\/wp-content\/uploads\/2020\/08\/Icon-Finance-02.png\" class=\"attachment-full size-full\" alt=\"Finance\" srcset=\"https:\/\/www.adsab.on.ca\/fr\/wp-content\/uploads\/2020\/08\/Icon-Finance-02.png 288w, https:\/\/www.adsab.on.ca\/fr\/wp-content\/uploads\/2020\/08\/Icon-Finance-02-150x150.png 150w\" sizes=\"(max-width: 288px) 100vw, 288px\" \/>\t\t\t<\/div>\n\t\t\t\t<div class=\"mkd-pi-content-holder\">\n\t\t\t\t\t\t\t<div class=\"mkd-pi-title-holder\">\n\t\t\t\t\t<h5 class=\"mkd-pi-title\">D\u2019AIDE FINANCI\u00c8RE<\/h5>\n\t\t\t\t<\/div>\n\t\t\t\n\t\t\t\t\t<\/div>\n\t<\/div>\n<\/div><div class=\"mkd-process-item-holder\">\n\t<div class=\"mkd-pi-holder-inner clearfix\">\n\t\t\t\t\t<div class=\"mkd-pi-image-holder\">\n\t\t\t\t<img loading=\"lazy\" decoding=\"async\" width=\"288\" height=\"288\" src=\"https:\/\/www.adsab.on.ca\/fr\/wp-content\/uploads\/2020\/08\/Icon-Team-02.png\" class=\"attachment-full size-full\" alt=\"Team\" srcset=\"https:\/\/www.adsab.on.ca\/fr\/wp-content\/uploads\/2020\/08\/Icon-Team-02.png 288w, https:\/\/www.adsab.on.ca\/fr\/wp-content\/uploads\/2020\/08\/Icon-Team-02-150x150.png 150w\" sizes=\"(max-width: 288px) 100vw, 288px\" \/>\t\t\t<\/div>\n\t\t\t\t<div class=\"mkd-pi-content-holder\">\n\t\t\t\t\t\t\t<div class=\"mkd-pi-title-holder\">\n\t\t\t\t\t<h5 class=\"mkd-pi-title\">DE RENSEIGNEMENT AU SUJET DE LA FA\u00c7ON DE SE JOINDRE \u00c0 NOS SERVICES PARAM\u00c9DICAUX<\/h5>\n\t\t\t\t<\/div>\n\t\t\t\n\t\t\t\t\t<\/div>\n\t<\/div>\n<\/div>\t<\/div>\n<\/div>\t\t<\/div>\n\t<\/div>\n<\/div><div class=\"mkd-elements-holder-item mkd-vertical-alignment-bottom mkd-horizontal-alignment-left\"  >\n\t<div class=\"mkd-elements-holder-item-inner\">\n\t\t<div class=\"mkd-elements-holder-item-content mkd-elements-holder-custom-322462\" style=\"padding: 0\">\n\t\t\t\t\t\t[vc_empty_space height=&#8221;100px&#8221;][vc_single_image image=&#8221;4862&#8243; img_size=&#8221;large&#8221;]\t\t<\/div>\n\t<\/div>\n<\/div><\/div>[\/vc_column][\/vc_row][vc_row content_width=&#8221;grid&#8221; css=&#8221;.vc_custom_1595961611309{padding-top: 80px !important;padding-bottom: 80px !important;background-color: #ffffff !important;}&#8221;][vc_column width=&#8221;5\/6&#8243;][vc_column_text]<\/p>\n<h2>VOUS NE TROUVEZ PAS LE PROGRAMME QUI VOUS CONVIENT?<\/h2>\n<p>Si vous avez besoin d&#8217;aide, n&#8217;h\u00e9sitez pas \u00e0 demander.[\/vc_column_text][\/vc_column][vc_column width=&#8221;1\/6&#8243;]<a href=\"https:\/\/www.adsab.on.ca\/fr\/contact\/\" target=\"_self\" style=\"color: #ffffff;background-color: #eb1418;border-color: #eb1418;margin: 20px 0px 0px 0px\" class=\"mkd-btn mkd-btn-medium mkd-btn-solid mkd-btn-custom-hover-bg mkd-btn-custom-border-hover mkd-btn-custom-hover-color mkd-btn-hover-solid\" data-hover-bg-color=\"#3852a2\" data-hover-color=\"#ffffff\" data-hover-border-color=\"#3852a2\" >\n\t\t<span class=\"mkd-btn-text\">Contactez-nous<\/span>\n\t\n\t<\/a>[\/vc_column][\/vc_row]<\/p>\n<\/div>","protected":false},"excerpt":{"rendered":"<p>[vc_row content_width=&#8221;grid&#8221; css=&#8221;.vc_custom_1699034747913{padding-top: 80px !important;padding-bottom: 80px !important;}&#8221;][vc_column][vc_row_inner css=&#8221;.vc_custom_1611175690501{margin-top: -100px !important;margin-right: 0px !important;margin-left: 0px !important;background-color: #ffffff !important;}&#8221;][vc_column_inner width=&#8221;1\/4&#8243; css=&#8221;.vc_custom_1611175520218{border-right-width: 1px !important;padding-top: 0px !important;padding-right: 0px !important;padding-bottom: 0px !important;padding-left: 0px !important;border-right-color: #eaeaea !important;border-right-style: solid !important;}&#8221;][vc_single_image image=&#8221;5026&#8243; img_size=&#8221;full&#8221;][vc_empty_space height=&#8221;10px&#8221;][vc_column_text css=&#8221;.vc_custom_1603398315523{padding-top: 10px !important;padding-right: 60px !important;padding-bottom: 15px !important;padding-left: 50px !important;}&#8221;] Services&#8230;<\/p>\n","protected":false},"author":6,"featured_media":0,"parent":0,"menu_order":0,"comment_status":"closed","ping_status":"closed","template":"full-width.php","meta":{"footnotes":""},"class_list":["post-654","page","type-page","status-publish","hentry"],"yoast_head":"<!-- This site is optimized with the Yoast SEO plugin v27.4 - https:\/\/yoast.com\/product\/yoast-seo-wordpress\/ -->\n<title>Domicile - Algoma DSAB - FR<\/title>\n<meta name=\"robots\" content=\"index, follow, max-snippet:-1, max-image-preview:large, max-video-preview:-1\" \/>\n<link rel=\"canonical\" href=\"https:\/\/www.adsab.on.ca\/fr\/\" \/>\n<meta property=\"og:locale\" content=\"en_US\" \/>\n<meta property=\"og:type\" content=\"article\" \/>\n<meta property=\"og:title\" content=\"Domicile - Algoma DSAB - FR\" \/>\n<meta property=\"og:description\" content=\"[vc_row content_width=&#8221;grid&#8221; css=&#8221;.vc_custom_1699034747913{padding-top: 80px !important;padding-bottom: 80px !important;}&#8221;][vc_column][vc_row_inner css=&#8221;.vc_custom_1611175690501{margin-top: -100px !important;margin-right: 0px !important;margin-left: 0px !important;background-color: #ffffff !important;}&#8221;][vc_column_inner width=&#8221;1\/4&#8243; css=&#8221;.vc_custom_1611175520218{border-right-width: 1px !important;padding-top: 0px !important;padding-right: 0px !important;padding-bottom: 0px !important;padding-left: 0px !important;border-right-color: #eaeaea !important;border-right-style: solid !important;}&#8221;][vc_single_image image=&#8221;5026&#8243; img_size=&#8221;full&#8221;][vc_empty_space height=&#8221;10px&#8221;][vc_column_text css=&#8221;.vc_custom_1603398315523{padding-top: 10px !important;padding-right: 60px !important;padding-bottom: 15px !important;padding-left: 50px !important;}&#8221;] Services...\" \/>\n<meta property=\"og:url\" content=\"https:\/\/www.adsab.on.ca\/fr\/\" \/>\n<meta property=\"og:site_name\" content=\"Algoma DSAB - FR\" \/>\n<meta property=\"article:modified_time\" content=\"2026-04-13T12:44:39+00:00\" \/>\n<meta name=\"twitter:card\" content=\"summary_large_image\" \/>\n<meta name=\"twitter:label1\" content=\"Est. reading time\" \/>\n\t<meta name=\"twitter:data1\" content=\"5 minutes\" \/>\n<script type=\"application\/ld+json\" class=\"yoast-schema-graph\">{\"@context\":\"https:\\\/\\\/schema.org\",\"@graph\":[{\"@type\":\"WebPage\",\"@id\":\"https:\\\/\\\/www.adsab.on.ca\\\/fr\\\/\",\"url\":\"https:\\\/\\\/www.adsab.on.ca\\\/fr\\\/\",\"name\":\"Domicile - Algoma DSAB - FR\",\"isPartOf\":{\"@id\":\"https:\\\/\\\/www.adsab.on.ca\\\/fr\\\/#website\"},\"datePublished\":\"2016-06-22T12:03:42+00:00\",\"dateModified\":\"2026-04-13T12:44:39+00:00\",\"breadcrumb\":{\"@id\":\"https:\\\/\\\/www.adsab.on.ca\\\/fr\\\/#breadcrumb\"},\"inLanguage\":\"en-US\",\"potentialAction\":[{\"@type\":\"ReadAction\",\"target\":[\"https:\\\/\\\/www.adsab.on.ca\\\/fr\\\/\"]}]},{\"@type\":\"BreadcrumbList\",\"@id\":\"https:\\\/\\\/www.adsab.on.ca\\\/fr\\\/#breadcrumb\",\"itemListElement\":[{\"@type\":\"ListItem\",\"position\":1,\"name\":\"Home\",\"item\":\"https:\\\/\\\/www.adsab.on.ca\\\/fr\\\/\"},{\"@type\":\"ListItem\",\"position\":2,\"name\":\"Domicile\"}]},{\"@type\":\"WebSite\",\"@id\":\"https:\\\/\\\/www.adsab.on.ca\\\/fr\\\/#website\",\"url\":\"https:\\\/\\\/www.adsab.on.ca\\\/fr\\\/\",\"name\":\"Algoma DSAB - FR\",\"description\":\"\",\"potentialAction\":[{\"@type\":\"SearchAction\",\"target\":{\"@type\":\"EntryPoint\",\"urlTemplate\":\"https:\\\/\\\/www.adsab.on.ca\\\/fr\\\/?s={search_term_string}\"},\"query-input\":{\"@type\":\"PropertyValueSpecification\",\"valueRequired\":true,\"valueName\":\"search_term_string\"}}],\"inLanguage\":\"en-US\"}]}<\/script>\n<!-- \/ Yoast SEO plugin. -->","yoast_head_json":{"title":"Domicile - Algoma DSAB - FR","robots":{"index":"index","follow":"follow","max-snippet":"max-snippet:-1","max-image-preview":"max-image-preview:large","max-video-preview":"max-video-preview:-1"},"canonical":"https:\/\/www.adsab.on.ca\/fr\/","og_locale":"en_US","og_type":"article","og_title":"Domicile - Algoma DSAB - FR","og_description":"[vc_row content_width=&#8221;grid&#8221; css=&#8221;.vc_custom_1699034747913{padding-top: 80px !important;padding-bottom: 80px !important;}&#8221;][vc_column][vc_row_inner css=&#8221;.vc_custom_1611175690501{margin-top: -100px !important;margin-right: 0px !important;margin-left: 0px !important;background-color: #ffffff !important;}&#8221;][vc_column_inner width=&#8221;1\/4&#8243; css=&#8221;.vc_custom_1611175520218{border-right-width: 1px !important;padding-top: 0px !important;padding-right: 0px !important;padding-bottom: 0px !important;padding-left: 0px !important;border-right-color: #eaeaea !important;border-right-style: solid !important;}&#8221;][vc_single_image image=&#8221;5026&#8243; img_size=&#8221;full&#8221;][vc_empty_space height=&#8221;10px&#8221;][vc_column_text css=&#8221;.vc_custom_1603398315523{padding-top: 10px !important;padding-right: 60px !important;padding-bottom: 15px !important;padding-left: 50px !important;}&#8221;] Services...","og_url":"https:\/\/www.adsab.on.ca\/fr\/","og_site_name":"Algoma DSAB - FR","article_modified_time":"2026-04-13T12:44:39+00:00","twitter_card":"summary_large_image","twitter_misc":{"Est. reading time":"5 minutes"},"schema":{"@context":"https:\/\/schema.org","@graph":[{"@type":"WebPage","@id":"https:\/\/www.adsab.on.ca\/fr\/","url":"https:\/\/www.adsab.on.ca\/fr\/","name":"Domicile - Algoma DSAB - FR","isPartOf":{"@id":"https:\/\/www.adsab.on.ca\/fr\/#website"},"datePublished":"2016-06-22T12:03:42+00:00","dateModified":"2026-04-13T12:44:39+00:00","breadcrumb":{"@id":"https:\/\/www.adsab.on.ca\/fr\/#breadcrumb"},"inLanguage":"en-US","potentialAction":[{"@type":"ReadAction","target":["https:\/\/www.adsab.on.ca\/fr\/"]}]},{"@type":"BreadcrumbList","@id":"https:\/\/www.adsab.on.ca\/fr\/#breadcrumb","itemListElement":[{"@type":"ListItem","position":1,"name":"Home","item":"https:\/\/www.adsab.on.ca\/fr\/"},{"@type":"ListItem","position":2,"name":"Domicile"}]},{"@type":"WebSite","@id":"https:\/\/www.adsab.on.ca\/fr\/#website","url":"https:\/\/www.adsab.on.ca\/fr\/","name":"Algoma DSAB - FR","description":"","potentialAction":[{"@type":"SearchAction","target":{"@type":"EntryPoint","urlTemplate":"https:\/\/www.adsab.on.ca\/fr\/?s={search_term_string}"},"query-input":{"@type":"PropertyValueSpecification","valueRequired":true,"valueName":"search_term_string"}}],"inLanguage":"en-US"}]}},"_links":{"self":[{"href":"https:\/\/www.adsab.on.ca\/fr\/wp-json\/wp\/v2\/pages\/654","targetHints":{"allow":["GET"]}}],"collection":[{"href":"https:\/\/www.adsab.on.ca\/fr\/wp-json\/wp\/v2\/pages"}],"about":[{"href":"https:\/\/www.adsab.on.ca\/fr\/wp-json\/wp\/v2\/types\/page"}],"author":[{"embeddable":true,"href":"https:\/\/www.adsab.on.ca\/fr\/wp-json\/wp\/v2\/users\/6"}],"replies":[{"embeddable":true,"href":"https:\/\/www.adsab.on.ca\/fr\/wp-json\/wp\/v2\/comments?post=654"}],"version-history":[{"count":41,"href":"https:\/\/www.adsab.on.ca\/fr\/wp-json\/wp\/v2\/pages\/654\/revisions"}],"predecessor-version":[{"id":5376,"href":"https:\/\/www.adsab.on.ca\/fr\/wp-json\/wp\/v2\/pages\/654\/revisions\/5376"}],"wp:attachment":[{"href":"https:\/\/www.adsab.on.ca\/fr\/wp-json\/wp\/v2\/media?parent=654"}],"curies":[{"name":"wp","href":"https:\/\/api.w.org\/{rel}","templated":true}]}}